{"id":64,"date":"2018-12-03T07:49:34","date_gmt":"2018-12-03T07:49:34","guid":{"rendered":"http:\/\/localhost\/?page_id=64"},"modified":"2019-01-14T23:17:05","modified_gmt":"2019-01-14T23:17:05","slug":"linkek","status":"publish","type":"page","link":"https:\/\/jjzkanjiza.edu.rs\/sr\/linkek\/","title":{"rendered":"\u041a\u043e\u0440\u0438\u0441\u043d\u0438 \u043b\u0438\u043d\u043a\u043e\u0432\u0438"},"content":{"rendered":"<div data-elementor-type=\"wp-post\" data-elementor-id=\"64\" class=\"elementor elementor-64 elementor-bc-flex-widget\">\n\t\t\t\t\t\t<section class=\"elementor-section elementor-top-section elementor-element elementor-element-0a59449 elementor-section-boxed elementor-section-height-default elementor-section-height-default\" data-id=\"0a59449\" data-element_type=\"section\" data-e-type=\"section\">\n\t\t\t\t\t\t<div class=\"elementor-container elementor-column-gap-default\">\n\t\t\t\t\t<div class=\"elementor-column elementor-col-100 elementor-top-column elementor-element elementor-element-3758800\" data-id=\"3758800\" data-element_type=\"column\" data-e-type=\"column\">\n\t\t\t<div class=\"elementor-widget-wrap elementor-element-populated\">\n\t\t\t\t\t\t<div class=\"elementor-element elementor-element-0b4b526 elementor-widget elementor-widget-text-editor\" data-id=\"0b4b526\" data-element_type=\"widget\" data-e-type=\"widget\" data-widget_type=\"text-editor.default\">\n\t\t\t\t<div class=\"elementor-widget-container\">\n\t\t\t\t\t\t\t\t\t<h5><strong><a href=\"http:\/\/www.mpn.gov.rs\/\" target=\"_blank\" rel=\"noopener\">\u041c\u0438\u043d\u0438\u0441\u0442\u0430\u0440\u0441\u0442\u0432\u043e \u043f\u0440\u043e\u0441\u0432\u0435\u0442\u0435, \u043d\u0430\u0443\u043a\u0435 \u0438 \u0442\u0435\u0445\u043d\u043e\u043b\u043e\u0448\u043a\u043e\u0433 \u0440\u0430\u0437\u0432\u043e\u0458\u0430<\/a><\/strong><\/h5><h5><strong><a href=\"http:\/\/www.puma.vojvodina.gov.rs\/\" target=\"_blank\" rel=\"noopener\">\u041f\u043e\u043a\u0440\u0430\u0458\u0438\u043d\u0441\u043a\u0438 \u0441\u0435\u043a\u0440\u0435\u0442\u0430\u0440\u0438\u0458\u0430\u0442 \u0437\u0430 \u043e\u0431\u0440\u0430\u0437\u043e\u0432\u0430\u045a\u0435<\/a><\/strong><\/h5><h5><strong><a href=\"http:\/\/www.zuov.gov.rs\/\" target=\"_blank\" rel=\"noopener\">\u0417\u0423\u041e\u0412<\/a><\/strong><\/h5><h5><strong><a href=\"http:\/\/www.surs.org.rs\/\" target=\"_blank\" rel=\"noopener\">\u0421\u0430\u0432\u0435\u0437 \u0443\u0447\u0438\u0442\u0435\u0459\u0430<\/a><\/strong><\/h5><h5><strong><a href=\"http:\/\/www.rckanjiza.edu.rs\/\" target=\"_blank\" rel=\"noopener\">\u0420\u0435\u0433\u0438\u043e\u043d\u0430\u043b\u043d\u0438 \u0446\u0435\u043d\u0442\u0430\u0440 \u0437\u0430 \u043f\u0440\u043e\u0444\u0435\u0441\u0438\u043e\u043d\u0430\u043b\u043d\u0438 \u0440\u0430\u0437\u0432\u043e\u0458 \u0437\u0430\u043f\u043e\u0441\u043b\u0435\u043d\u0438\u0445 \u0443 \u043e\u0431\u0440\u0430\u0437\u043e\u0432\u0430\u045a\u0443, \u041a\u0430\u045a\u0438\u0436\u0430<\/a><\/strong><\/h5><h5><strong><a href=\"http:\/\/pekanizsa.edu.rs\/\" target=\"_blank\" rel=\"noopener\">\u0423\u0434\u0440\u0443\u0436\u0435\u045a\u0435 \u043f\u0440\u043e\u0441\u0432\u0435\u0442\u043d\u0438\u0445 \u0440\u0430\u0434\u043d\u0438\u043a\u0430 \u043e\u043f\u0448\u0442\u0438\u043d\u0435 \u041a\u0430\u045a\u0438\u0436\u0430<\/a><\/strong><\/h5><h5><strong><a href=\"http:\/\/www.mala-matura.com\/\" target=\"_blank\" rel=\"noopener\">\u041c\u0430\u043b\u0430 \u043c\u0430\u0442\u0443\u0440\u0430<\/a><\/strong><\/h5><h5><strong><a href=\"http:\/\/dms.rs\/\" target=\"_blank\" rel=\"noopener\">\u0414\u0440\u0443\u0448\u0442\u0432\u043e \u043c\u0430\u0442\u0435\u043c\u0430\u0442\u0438\u0447\u0430\u0440\u0430 \u0421\u0440\u0431\u0438\u0458\u0435<\/a><\/strong><\/h5><h5><strong><a href=\"http:\/\/www.jab.org.rs\/\" target=\"_blank\" rel=\"noopener\">\u0411\u0438\u0431\u043b\u0438\u043e\u0442\u0435\u043a\u0430 \u041a\u0430\u045a\u0438\u0436\u0430<\/a><\/strong><\/h5><h5><strong><a href=\"http:\/\/www.kanjiza.rs\/hun\/magyarkanizsa\" target=\"_blank\" rel=\"noopener\">\u041a\u0430\u045a\u0438\u0436\u0430<\/a><\/strong><\/h5>\t\t\t\t\t\t\t\t<\/div>\n\t\t\t\t<\/div>\n\t\t\t\t\t<\/div>\n\t\t<\/div>\n\t\t\t\t\t<\/div>\n\t\t<\/section>\n\t\t\t\t<\/div>","protected":false},"excerpt":{"rendered":"<p>Oktat\u00e1si miniszt\u00e9rium Tartom\u00e1nyi Oktat\u00e1si Titk\u00e1rs\u00e1g ZUOV Tan\u00edt\u00f3k egyes\u00fclete Regionalis Szakmai Pedag\u00f3gus-tov\u00e1bbk\u00e9pz\u0151 K\u00f6zpont Magyarkanizsa K\u00f6zs\u00e9g Pedag\u00f3gus Egyes\u00fclete Kis\u00e9retts\u00e9gi Szerbiai matematikusok t\u00e1rsulata V\u00e1rosi k\u00f6nyvt\u00e1r \u2013 Magyarkanizsa Magyarkanizsa<\/p>","protected":false},"author":1,"featured_media":0,"parent":0,"menu_order":0,"comment_status":"closed","ping_status":"closed","template":"","meta":{"_themeisle_gutenberg_block_has_review":false,"footnotes":"","_links_to":"","_links_to_target":""},"class_list":["post-64","page","type-page","status-publish","hentry"],"_links":{"self":[{"href":"https:\/\/jjzkanjiza.edu.rs\/sr\/wp-json\/wp\/v2\/pages\/64","targetHints":{"allow":["GET"]}}],"collection":[{"href":"https:\/\/jjzkanjiza.edu.rs\/sr\/wp-json\/wp\/v2\/pages"}],"about":[{"href":"https:\/\/jjzkanjiza.edu.rs\/sr\/wp-json\/wp\/v2\/types\/page"}],"author":[{"embeddable":true,"href":"https:\/\/jjzkanjiza.edu.rs\/sr\/wp-json\/wp\/v2\/users\/1"}],"replies":[{"embeddable":true,"href":"https:\/\/jjzkanjiza.edu.rs\/sr\/wp-json\/wp\/v2\/comments?post=64"}],"version-history":[{"count":6,"href":"https:\/\/jjzkanjiza.edu.rs\/sr\/wp-json\/wp\/v2\/pages\/64\/revisions"}],"predecessor-version":[{"id":250,"href":"https:\/\/jjzkanjiza.edu.rs\/sr\/wp-json\/wp\/v2\/pages\/64\/revisions\/250"}],"wp:attachment":[{"href":"https:\/\/jjzkanjiza.edu.rs\/sr\/wp-json\/wp\/v2\/media?parent=64"}],"curies":[{"name":"wp","href":"https:\/\/api.w.org\/{rel}","templated":true}]}}