{"id":419,"date":"2019-02-11T08:36:48","date_gmt":"2019-02-11T08:36:48","guid":{"rendered":"http:\/\/jjzkanjiza.edu.rs\/?page_id=419"},"modified":"2026-02-10T08:42:39","modified_gmt":"2026-02-10T08:42:39","slug":"penzugyi-dokumentacio","status":"publish","type":"page","link":"https:\/\/jjzkanjiza.edu.rs\/sr\/penzugyi-dokumentacio\/","title":{"rendered":"\u0424\u0438\u043d\u0430\u043d\u0441\u0438\u0458\u0435"},"content":{"rendered":"<div data-elementor-type=\"wp-post\" data-elementor-id=\"419\" class=\"elementor elementor-419\">\n\t\t\t\t\t\t<section class=\"elementor-section elementor-top-section elementor-element elementor-element-da937fb elementor-section-boxed elementor-section-height-default elementor-section-height-default\" data-id=\"da937fb\" data-element_type=\"section\" data-e-type=\"section\">\n\t\t\t\t\t\t<div class=\"elementor-container elementor-column-gap-default\">\n\t\t\t\t\t<div class=\"elementor-column elementor-col-50 elementor-top-column elementor-element elementor-element-ed8c8aa\" data-id=\"ed8c8aa\" data-element_type=\"column\" data-e-type=\"column\">\n\t\t\t<div class=\"elementor-widget-wrap elementor-element-populated\">\n\t\t\t\t\t\t<div class=\"elementor-element elementor-element-2b168e3 elementor-widget elementor-widget-heading\" data-id=\"2b168e3\" data-element_type=\"widget\" data-e-type=\"widget\" data-widget_type=\"heading.default\">\n\t\t\t\t<div class=\"elementor-widget-container\">\n\t\t\t\t\t<h4 class=\"elementor-heading-title elementor-size-default\">\u0424\u0438\u043d\u0430\u043d\u0441\u0438\u0458\u0441\u043a\u0438 \u043f\u043b\u0430\u043d<\/h4>\t\t\t\t<\/div>\n\t\t\t\t<\/div>\n\t\t\t\t\t<\/div>\n\t\t<\/div>\n\t\t\t\t<div class=\"elementor-column elementor-col-50 elementor-top-column elementor-element elementor-element-e9864b0\" data-id=\"e9864b0\" data-element_type=\"column\" data-e-type=\"column\">\n\t\t\t<div class=\"elementor-widget-wrap elementor-element-populated\">\n\t\t\t\t\t\t<div class=\"elementor-element elementor-element-990316d elementor-widget elementor-widget-heading\" data-id=\"990316d\" data-element_type=\"widget\" data-e-type=\"widget\" data-widget_type=\"heading.default\">\n\t\t\t\t<div class=\"elementor-widget-container\">\n\t\t\t\t\t<h4 class=\"elementor-heading-title elementor-size-default\">\u0417\u0430\u0432\u0440\u0448\u043d\u0438 \u0440\u0430\u0447\u0443\u043d<\/h4>\t\t\t\t<\/div>\n\t\t\t\t<\/div>\n\t\t\t\t\t<\/div>\n\t\t<\/div>\n\t\t\t\t\t<\/div>\n\t\t<\/section>\n\t\t\t\t<section class=\"elementor-section elementor-top-section elementor-element elementor-element-1e6fd5e elementor-section-boxed elementor-section-height-default elementor-section-height-default\" data-id=\"1e6fd5e\" data-element_type=\"section\" data-e-type=\"section\">\n\t\t\t\t\t\t<div class=\"elementor-container elementor-column-gap-default\">\n\t\t\t\t\t<div class=\"elementor-column elementor-col-50 elementor-top-column elementor-element elementor-element-7f63fd3\" data-id=\"7f63fd3\" data-element_type=\"column\" data-e-type=\"column\">\n\t\t\t<div class=\"elementor-widget-wrap elementor-element-populated\">\n\t\t\t\t\t\t<div class=\"elementor-element elementor-element-505d4db elementor-widget elementor-widget-text-editor\" data-id=\"505d4db\" data-element_type=\"widget\" data-e-type=\"widget\" data-widget_type=\"text-editor.default\">\n\t\t\t\t<div class=\"elementor-widget-container\">\n\t\t\t\t\t\t\t\t\t<p><span style=\"color: #000000;\"><a href=\"https:\/\/jjzkanjiza.edu.rs\/wp-content\/uploads\/2026\/02\/PLAN-JAVNE-NABAVKE-_-2026-1.xls\" style=\"color: #000000;\">\u041f\u043b\u0430\u043d \u0458\u0430\u0432\u043d\u0438\u0445 \u043d\u0430\u0431\u0430\u0432\u043a\u0438 2026<\/a><\/span><\/p><p><span style=\"color: #000000;\"><a href=\"https:\/\/jjzkanjiza.edu.rs\/wp-content\/uploads\/2026\/02\/ifisup2026.pdf\" style=\"color: #000000;\">\u0424\u0438\u043d\u0430\u043d\u0441\u0438\u0458\u0441\u043a\u0438 \u043f\u043b\u0430\u043d 2026<\/a><\/span><\/p><p><span style=\"color: #000000;\"><a href=\"https:\/\/jjzkanjiza.edu.rs\/wp-content\/uploads\/2025\/03\/FINANSIJSK-PLAN-2025-USVOJENO.pdf\" style=\"color: #000000;\">\u0424\u0438\u043d\u0430\u043d\u0441\u0438\u0458\u0441\u043a\u0438 \u043f\u043b\u0430\u043d 2025<\/a><\/span><\/p><p><span style=\"color: #000000;\"><a href=\"https:\/\/jjzkanjiza.edu.rs\/wp-content\/uploads\/2024\/02\/FINANSIJSKI-PLAN-2024.pdf\" style=\"color: #000000;\">\u0424\u0438\u043d\u0430\u043d\u0441\u0438\u0458\u0441\u043a\u0438 \u043f\u043b\u0430\u043d 2024<\/a><\/span><\/p><p><span style=\"color: #000000;\"><a href=\"https:\/\/jjzkanjiza.edu.rs\/wp-content\/uploads\/2023\/12\/FIN-PLAN2023-posle-rebalansa.pdf\" style=\"color: #000000;\">\u0424\u0438\u043d\u0430\u043d\u0441\u0438\u0458\u0441\u043a\u0438 \u043f\u043b\u0430\u043d 2023 \u043f\u043e\u0441\u043b\u0435 \u0440\u0435\u0431\u0430\u043b\u0430\u043d\u0441\u0430<\/a><\/span><\/p><p><span style=\"color: #000000;\"><a href=\"https:\/\/jjzkanjiza.edu.rs\/wp-content\/uploads\/2023\/02\/Plan-javnih-nabavki-2023.pdf\" style=\"color: #000000;\">\u041f\u043b\u0430\u043d \u0458\u0430\u0432\u043d\u0438\u0445 \u043d\u0430\u0431\u0430\u0432\u043a\u0438 2023<\/a><\/span><\/p><p><span style=\"color: #000000;\"><a href=\"https:\/\/jjzkanjiza.edu.rs\/wp-content\/uploads\/2023\/02\/ZAVRSNI-RACUN-2022.pdf\" style=\"color: #000000;\">\u0417\u0430\u0432\u0440\u0448\u043d\u0438 \u0440\u0430\u0447\u0443\u043d 2022<\/a><\/span><\/p><p><span style=\"color: #000000;\"><a href=\"https:\/\/jjzkanjiza.edu.rs\/wp-content\/uploads\/2023\/02\/FINANSIJSKI-PLAN-2023.pdf\" style=\"color: #000000;\">\u0424\u0438\u043d\u0430\u043d\u0441\u0438\u0458\u0441\u043a\u0438 \u043f\u043b\u0430\u043d \u0438\u043d\u0434\u0438\u0440\u0435\u043a\u0442\u043d\u043e\u0433 \u043a\u043e\u0440\u0438\u0441\u043d\u0438\u043a\u0430 \u0437\u0430 2023.\u0433\u043e\u0434\u0438\u043d\u0443<\/a><\/span><\/p><p><a href=\"https:\/\/jjzkanjiza.edu.rs\/wp-content\/uploads\/2022\/02\/FINANSIJSKI-PLAN-2022.pdf\"><span style=\"color: #000000;\">\u0424\u0438\u043d\u0430\u043d\u0441\u0438\u0458\u0441\u043a\u0438 \u043f\u043b\u0430\u043d \u0438\u043d\u0434\u0438\u0440\u0435\u043a\u0442\u043d\u043e\u0433 \u0437\u0430 2022. \u0433\u043e\u0434\u0438\u043d\u0443<\/span><\/a><\/p><p><span style=\"color: #000000;\"><strong><a href=\"http:\/\/jjzkanjiza.edu.rs\/wp-content\/uploads\/2021\/03\/FINANSIJSKI-PLAN-2021.pdf\" target=\"_blank\" style=\"color: #000000;\" rel=\"noopener\">2021.<\/a>3, <\/strong><strong style=\"font-size: 18px;\"><a href=\"http:\/\/jjzkanjiza.edu.rs\/wp-content\/uploads\/2021\/12\/FINANSIJSKI-PLAN-2021-REBALANS-3-1.pdf\" target=\"_blank\" style=\"color: #000000;\" rel=\"noopener\">\u0420\u0435\u0431\u0430\u043b\u0430\u043d\u0441 2021.<\/a><\/strong><\/span><\/p><p><span style=\"color: #000000;\"><strong><a href=\"http:\/\/jjzkanjiza.edu.rs\/wp-content\/uploads\/2021\/03\/FINANSIJSKI-PLAN-2021.pdf\" target=\"_blank\" style=\"color: #000000;\" rel=\"noopener\">2021.<\/a>, <\/strong><strong style=\"font-size: 18px;\"><a href=\"http:\/\/jjzkanjiza.edu.rs\/wp-content\/uploads\/2021\/06\/FINANSIJSKI-PLAN-2021-posle-1-rebalansa.pdf\" target=\"_blank\" style=\"color: #000000;\" rel=\"noopener\">\u0420\u0435\u0431\u0430\u043b\u0430\u043d\u0441 2021.<\/a><\/strong><strong style=\"font-size: 18px;\"> <a href=\"http:\/\/jjzkanjiza.edu.rs\/wp-content\/uploads\/2021\/08\/FINANSIJSKI-PLAN-2021.pdf\" target=\"_blank\" rel=\"noopener\" style=\"color: #000000;\">\u0420\u0415\u0411\u0410\u041b\u0410\u041d\u0421 2 2021<\/a><\/strong><\/span><\/p><p><span style=\"color: #000000;\"><strong><a href=\"http:\/\/jjzkanjiza.edu.rs\/wp-content\/uploads\/2020\/03\/FINANSIJSKI-PLAN-2020.pdf\" target=\"_blank\" style=\"color: #000000;\" rel=\"noopener\">2020.<\/a><\/strong><\/span><\/p><p><span style=\"color: #000080;\"><a href=\"http:\/\/jjzkanjiza.edu.rs\/wp-content\/uploads\/2019\/02\/Finansijski-plan-2019.pdf\" target=\"_blank\" style=\"color: #000080;\" rel=\"noopener\">2<span style=\"color: #000000;\">019.<\/span><\/a><span style=\"color: #000000;\"><strong>, <\/strong><\/span><span style=\"color: #000080;\"><span style=\"color: #800000;\"><a href=\"http:\/\/jjzkanjiza.edu.rs\/wp-content\/uploads\/2019\/11\/Plan_2019-REB-POK-web.pdf\" target=\"_blank\" style=\"color: #800000;\" rel=\"noopener\"><span style=\"color: #000000;\">\u0418\u0437\u043c\u0435\u045a\u0435\u043d \u043f\u043b\u0430\u043d \u0437\u0430 2019.<\/span><\/a><\/span><span style=\"color: #000000;\">, <\/span><strong><span style=\"color: #800080;\"><a href=\"http:\/\/jjzkanjiza.edu.rs\/wp-content\/uploads\/2019\/11\/Plan_2019-REB-POK-web-1.pdf\" target=\"_blank\" style=\"color: #800080;\" rel=\"noopener\"><span style=\"color: #000000;\">\u0420\u0435\u0431\u0430\u043b\u0430\u043d\u0441 21-11-2019<\/span><\/a><\/span><span style=\"color: #000000;\">.<\/span><\/strong><a href=\"http:\/\/jjzkanjiza.edu.rs\/wp-content\/uploads\/2019\/11\/Plan_2019-REB-POK-web-1.pdf\" target=\"_blank\" rel=\"noopener\"><\/a><\/span><\/span><\/p><h4><span style=\"color: #000080;\"><strong><a href=\"http:\/\/jjzkanjiza.edu.rs\/wp-content\/uploads\/2019\/02\/Finansijski-plan-2018.pdf\" target=\"_blank\" style=\"color: #000080;\" rel=\"noopener\">2018.<\/a><\/strong><\/span><\/h4><h4><span style=\"color: #000080;\"><a href=\"http:\/\/jjzkanjiza.edu.rs\/wp-content\/uploads\/2019\/03\/Finansijski-plan-2017.pdf\" target=\"_blank\" style=\"color: #000080;\" rel=\"noopener\"><strong>2017.<\/strong><\/a><\/span><\/h4>\t\t\t\t\t\t\t\t<\/div>\n\t\t\t\t<\/div>\n\t\t\t\t\t<\/div>\n\t\t<\/div>\n\t\t\t\t<div class=\"elementor-column elementor-col-50 elementor-top-column elementor-element elementor-element-909399a\" data-id=\"909399a\" data-element_type=\"column\" data-e-type=\"column\">\n\t\t\t<div class=\"elementor-widget-wrap elementor-element-populated\">\n\t\t\t\t\t\t<div class=\"elementor-element elementor-element-4b0a420 elementor-widget elementor-widget-text-editor\" data-id=\"4b0a420\" data-element_type=\"widget\" data-e-type=\"widget\" data-widget_type=\"text-editor.default\">\n\t\t\t\t<div class=\"elementor-widget-container\">\n\t\t\t\t\t\t\t\t\t<p><span style=\"color: #000000;\"><a href=\"https:\/\/jjzkanjiza.edu.rs\/wp-content\/uploads\/2025\/03\/ZAVRSNI-RACUN-2024.pdf\" style=\"color: #000000;\">2024.<\/a><\/span><\/p><p><span style=\"color: #000000;\"><a href=\"https:\/\/jjzkanjiza.edu.rs\/wp-content\/uploads\/2024\/02\/ZAVRSNI-RACUN-2023-1.pdf\" style=\"color: #000000;\" target=\"_blank\" rel=\"noopener\">2023.<\/a><\/span><\/p><p><span style=\"color: #000000;\"><a href=\"https:\/\/jjzkanjiza.edu.rs\/wp-content\/uploads\/2023\/02\/ZAVRSNI-RACUN-2022.pdf\" style=\"color: #000000;\">2022. <\/a><\/span><\/p><p><span style=\"color: #000000;\"><a href=\"https:\/\/jjzkanjiza.edu.rs\/wp-content\/uploads\/2022\/03\/GFI-2021-01392-1_2022-02-10T08-44-32-vlsz.pdf\" style=\"color: #000000;\">2021. <\/a><\/span><\/p><p><span style=\"color: #000000;\"><a href=\"http:\/\/jjzkanjiza.edu.rs\/wp-content\/uploads\/2021\/03\/Zavrsni-2020-potpisan-vl-sz.pdf\" target=\"_blank\" style=\"color: #000000;\" rel=\"noopener\">2020.<\/a><\/span><\/p><p><span style=\"color: #000000;\"><a href=\"http:\/\/jjzkanjiza.edu.rs\/wp-content\/uploads\/2020\/03\/2019.pdf\" target=\"_blank\" style=\"color: #000000;\" rel=\"noopener\">2019.<\/a>\u00a0 \u00a0 \u00a0 \u00a0 \u00a0\u00a0<a href=\"http:\/\/jjzkanjiza.edu.rs\/wp-content\/uploads\/2020\/03\/Obrazac-1.pdf\" target=\"_blank\" rel=\"noopener\" style=\"color: #000000;\">\u041e\u0431\u0440\u0430\u0437\u0430\u0446 1<\/a>\u00a0 \u00a0 \u00a0 \u00a0 \u00a0\u00a0<a href=\"http:\/\/jjzkanjiza.edu.rs\/wp-content\/uploads\/2020\/03\/Obrazac-5.pdf\" target=\"_blank\" style=\"color: #000000;\" rel=\"noopener\">\u041e\u0431\u0440\u0430\u0437\u0430\u0446 5<\/a><\/span><\/p><p><span style=\"color: #000000;\"><a href=\"http:\/\/jjzkanjiza.edu.rs\/wp-content\/uploads\/2019\/02\/Zavrsni-racun-2018.pdf\" target=\"_blank\" style=\"color: #000000;\" rel=\"noopener\">2018.<\/a>\u00a0 \u00a0 \u00a0 \u00a0 \u00a0\u00a0<a href=\"http:\/\/jjzkanjiza.edu.rs\/wp-content\/uploads\/2019\/03\/Zarszamadas2018-Obrazac1-compressed.pdf\" target=\"_blank\" rel=\"noopener\" style=\"color: #000000;\">\u041e\u0431\u0440\u0430\u0437\u0430\u0446 1<\/a>\u00a0 \u00a0 \u00a0 \u00a0 \u00a0\u00a0<a href=\"http:\/\/jjzkanjiza.edu.rs\/wp-content\/uploads\/2019\/03\/Obrazac-5-2018.pdf\" target=\"_blank\" style=\"color: #000000;\" rel=\"noopener\">\u041e\u0431\u0440\u0430\u0437\u0430\u0446 5<\/a><\/span><\/p><p><span style=\"color: #000000;\"><a href=\"http:\/\/jjzkanjiza.edu.rs\/wp-content\/uploads\/2019\/02\/Finansijski-izvestaj-2017.pdf\" target=\"_blank\" style=\"color: #000000;\" rel=\"noopener\">2017.<\/a> \u00a0 \u00a0 \u00a0 \u00a0 \u00a0<a href=\"http:\/\/jjzkanjiza.edu.rs\/wp-content\/uploads\/2019\/03\/Zarszamadas2017-Obrazac1-compressed.pdf\" target=\"_blank\" style=\"color: #000000;\" rel=\"noopener\">\u041e\u0431\u0440\u0430\u0437\u0430\u0446 1<\/a>\u00a0 \u00a0 \u00a0 \u00a0 \u00a0 <a href=\"http:\/\/jjzkanjiza.edu.rs\/wp-content\/uploads\/2019\/03\/Obrazac-5-2017.pdf\" target=\"_blank\" style=\"color: #000000;\" rel=\"noopener\">\u041e\u0431\u0440\u0430\u0437\u0430\u0446 5<\/a><\/span><\/p>\t\t\t\t\t\t\t\t<\/div>\n\t\t\t\t<\/div>\n\t\t\t\t\t<\/div>\n\t\t<\/div>\n\t\t\t\t\t<\/div>\n\t\t<\/section>\n\t\t\t\t<\/div>","protected":false},"excerpt":{"rendered":"<p>P\u00e9nz\u00fcgyi terv Z\u00e1rsz\u00e1mad\u00e1s \u041f\u043b\u0430\u043d \u0458\u0430\u0432\u043d\u0438\u0445 \u043d\u0430\u0431\u0430\u0432\u043a\u0438 2026 \u0424\u0438\u043d\u0430\u043d\u0441\u0438\u0458\u0441\u043a\u0438 \u043f\u043b\u0430\u043d 2026 \u0424\u0438\u043d\u0430\u043d\u0441\u0438\u0458\u0441\u043a\u0438 \u043f\u043b\u0430\u043d 2025 \u0424\u0438\u043d\u0430\u043d\u0441\u0438\u0458\u0441\u043a\u0438 \u043f\u043b\u0430\u043d 2024 \u0424\u0438\u043d\u0430\u043d\u0441\u0438\u0458\u0441\u043a\u0438 \u043f\u043b\u0430\u043d 2023 \u043f\u043e\u0441\u043b\u0435 \u0440\u0435\u0431\u0430\u043b\u0430\u043d\u0441\u0430 \u041f\u043b\u0430\u043d \u0458\u0430\u0432\u043d\u0438\u0445 \u043d\u0430\u0431\u0430\u0432\u043a\u0438 2023 \u0417\u0430\u0432\u0440\u0448\u043d\u0438 \u0440\u0430\u0447\u0443\u043d 2022 \u0424\u0438\u043d\u0430\u043d\u0441\u0438\u0458\u0441\u043a\u0438 \u043f\u043b\u0430\u043d \u0438\u043d\u0434\u0438\u0440\u0435\u043a\u0442\u043d\u043e\u0433 \u043a\u043e\u0440\u0438\u0441\u043d\u0438\u043a\u0430 \u0437\u0430 2023.\u0433\u043e\u0434\u0438\u043d\u0443 \u0424\u0438\u043d\u0430\u043d\u0441\u0438\u0458\u0441\u043a\u0438 \u043f\u043b\u0430\u043d \u0438\u043d\u0434\u0438\u0440\u0435\u043a\u0442\u043d\u043e\u0433 \u0437\u0430 2022. \u0433\u043e\u0434\u0438\u043d\u0443 2021.3, Rebalans 2021. 2021., Rebalans 2021. REBALANS 2 2021 2020.<a class=\"moretag\" href=\"https:\/\/jjzkanjiza.edu.rs\/sr\/penzugyi-dokumentacio\/\"> Read more<\/a><\/p>","protected":false},"author":1,"featured_media":0,"parent":0,"menu_order":0,"comment_status":"closed","ping_status":"closed","template":"","meta":{"_themeisle_gutenberg_block_has_review":false,"footnotes":"","_links_to":"","_links_to_target":""},"class_list":["post-419","page","type-page","status-publish","hentry"],"_links":{"self":[{"href":"https:\/\/jjzkanjiza.edu.rs\/sr\/wp-json\/wp\/v2\/pages\/419","targetHints":{"allow":["GET"]}}],"collection":[{"href":"https:\/\/jjzkanjiza.edu.rs\/sr\/wp-json\/wp\/v2\/pages"}],"about":[{"href":"https:\/\/jjzkanjiza.edu.rs\/sr\/wp-json\/wp\/v2\/types\/page"}],"author":[{"embeddable":true,"href":"https:\/\/jjzkanjiza.edu.rs\/sr\/wp-json\/wp\/v2\/users\/1"}],"replies":[{"embeddable":true,"href":"https:\/\/jjzkanjiza.edu.rs\/sr\/wp-json\/wp\/v2\/comments?post=419"}],"version-history":[{"count":119,"href":"https:\/\/jjzkanjiza.edu.rs\/sr\/wp-json\/wp\/v2\/pages\/419\/revisions"}],"predecessor-version":[{"id":3795,"href":"https:\/\/jjzkanjiza.edu.rs\/sr\/wp-json\/wp\/v2\/pages\/419\/revisions\/3795"}],"wp:attachment":[{"href":"https:\/\/jjzkanjiza.edu.rs\/sr\/wp-json\/wp\/v2\/media?parent=419"}],"curies":[{"name":"wp","href":"https:\/\/api.w.org\/{rel}","templated":true}]}}