{"id":29,"date":"2018-12-03T07:18:52","date_gmt":"2018-12-03T07:18:52","guid":{"rendered":"http:\/\/localhost\/?page_id=29"},"modified":"2022-02-04T12:07:19","modified_gmt":"2022-02-04T12:07:19","slug":"kozbeszerzes","status":"publish","type":"page","link":"https:\/\/jjzkanjiza.edu.rs\/sr\/kozbeszerzes\/","title":{"rendered":"\u0408\u0430\u0432\u043d\u0435 \u043d\u0430\u0431\u0430\u0432\u043a\u0435"},"content":{"rendered":"<div data-elementor-type=\"wp-post\" data-elementor-id=\"29\" class=\"elementor elementor-29\">\n\t\t\t\t\t\t<section class=\"elementor-section elementor-top-section elementor-element elementor-element-990987c elementor-section-boxed elementor-section-height-default elementor-section-height-default\" data-id=\"990987c\" data-element_type=\"section\" data-e-type=\"section\">\n\t\t\t\t\t\t<div class=\"elementor-container elementor-column-gap-default\">\n\t\t\t\t\t<div class=\"elementor-column elementor-col-100 elementor-top-column elementor-element elementor-element-2368204\" data-id=\"2368204\" data-element_type=\"column\" data-e-type=\"column\">\n\t\t\t<div class=\"elementor-widget-wrap elementor-element-populated\">\n\t\t\t\t\t\t<div class=\"elementor-element elementor-element-fc88c28 elementor-invisible elementor-widget elementor-widget-text-editor\" data-id=\"fc88c28\" data-element_type=\"widget\" data-e-type=\"widget\" data-settings=\"{&quot;_animation&quot;:&quot;fadeInDown&quot;}\" data-widget_type=\"text-editor.default\">\n\t\t\t\t<div class=\"elementor-widget-container\">\n\t\t\t\t\t\t\t\t\t<p><a href=\"https:\/\/jjzkanjiza.edu.rs\/wp-content\/uploads\/2022\/02\/Plan-javnih-nabavki-2022.xlsx\">\u041f\u043b\u0430\u043d \u0458\u0430\u0432\u043d\u0438\u0445 \u043d\u0430\u0431\u0430\u0432\u043a\u0438<\/a><\/p><p><a href=\"https:\/\/jjzkanjiza.edu.rs\/wp-content\/uploads\/2022\/02\/CamScanner-02-04-2022-09.30.pdf\">\u041e\u0434\u043b\u0443\u043a\u0443 \u043e \u0443\u0441\u0432\u0430\u0458\u0430\u045a\u0443 \u041f\u043b\u0430\u043d\u0430 \u0458\u0430\u0432\u043d\u0438\u0445 \u043d\u0430\u0431\u0430\u0432\u043a\u0438 \u0437\u0430 2022. \u0433\u043e\u0434\u0438\u043d\u0443<\/a><\/p><p><span style=\"color: #000080;\"><strong><a href=\"http:\/\/jjzkanjiza.edu.rs\/wp-content\/uploads\/2021\/09\/Plan-javnih-nabavki-2021.pdf\" target=\"_blank\" style=\"color: #000080;\" rel=\"noopener\">\u041f\u043b\u0430\u043d \u0458\u0430\u0432\u043d\u0438\u0445 \u043d\u0430\u0431\u0430\u0432\u043a\u0438 2021<\/a><\/strong><\/span><\/p><p><span style=\"color: #000080;\"><strong><a href=\"http:\/\/jjzkanjiza.edu.rs\/wp-content\/uploads\/2021\/09\/Izmenjena-verzija-plana-javnih-nabavki-2021.pdf\" target=\"_blank\" style=\"color: #000080;\" rel=\"noopener\">\u0418\u0437\u043c\u0435\u045a\u0435\u043d\u0430 \u0432\u0435\u0440\u0437\u0438\u0458\u0430 \u043f\u043b\u0430\u043d\u0430 \u0458\u0430\u0432\u043d\u0438\u0445 \u043d\u0430\u0431\u0430\u0432\u043a\u0438 2021<\/a><\/strong><\/span><\/p>\t\t\t\t\t\t\t\t<\/div>\n\t\t\t\t<\/div>\n\t\t\t\t\t<\/div>\n\t\t<\/div>\n\t\t\t\t\t<\/div>\n\t\t<\/section>\n\t\t\t\t<section class=\"elementor-section elementor-top-section elementor-element elementor-element-43dea3f elementor-section-boxed elementor-section-height-default elementor-section-height-default\" data-id=\"43dea3f\" data-element_type=\"section\" data-e-type=\"section\">\n\t\t\t\t\t\t<div class=\"elementor-container elementor-column-gap-default\">\n\t\t\t\t\t<div class=\"elementor-column elementor-col-100 elementor-top-column elementor-element elementor-element-2a03358\" data-id=\"2a03358\" data-element_type=\"column\" data-e-type=\"column\">\n\t\t\t<div class=\"elementor-widget-wrap elementor-element-populated\">\n\t\t\t\t\t\t<div class=\"elementor-element elementor-element-949dd3f elementor-invisible elementor-widget elementor-widget-text-editor\" data-id=\"949dd3f\" data-element_type=\"widget\" data-e-type=\"widget\" data-settings=\"{&quot;_animation&quot;:&quot;fadeInDown&quot;}\" data-widget_type=\"text-editor.default\">\n\t\t\t\t<div class=\"elementor-widget-container\">\n\t\t\t\t\t\t\t\t\t<p><strong> <span class=\"fontstyle0\">\u0408\u0430\u0432\u043d\u0430 \u043d\u0430\u0431\u0430\u0432\u043a\u0430 \u043c\u0430\u043b\u0435 \u0432\u0440\u0435\u0434\u043d\u043e\u0441\u0442\u0438 \u0437\u0430 \u0438\u0437\u0432\u043e\u0452\u0435\u045a\u0435 \u0440\u0430\u0434\u043e\u0432\u0430 \u2013 \u0441\u0430\u043d\u0430\u0446\u0438\u0458\u0430 \u043a\u0440\u043e\u0432\u0430, \u0408\u041d \u0431\u0440. 2\/2019<\/span><\/strong><\/p><p style=\"padding-left: 40px;\"><span style=\"color: #000080;\"><strong><a href=\"http:\/\/jjzkanjiza.edu.rs\/wp-content\/uploads\/2019\/11\/krovAdi19konk.pdf\" target=\"_blank\" style=\"color: #000080;\" rel=\"noopener\">\u041a\u043e\u043d\u043a\u0443\u0440\u0441\u043d\u0430 \u0434\u043e\u043a\u0443\u043c\u0435\u043d\u0442\u0430\u0446\u0438\u0458\u0430<\/a><\/strong><\/span>, <span style=\"color: #000080;\"><strong><a href=\"http:\/\/jjzkanjiza.edu.rs\/wp-content\/uploads\/2019\/11\/portal-jn.pdf\" target=\"_blank\" style=\"color: #000080;\" rel=\"noopener\">\u041f\u043e\u0437\u0438\u0432 \u0437\u0430 \u043f\u043e\u0434\u043d\u043e\u0448\u0435\u045a\u0435 \u043f\u043e\u043d\u0443\u0434\u0430<\/a><\/strong><\/span><\/p><p><a href=\"http:\/\/jjzkanjiza.edu.rs\/wp-content\/uploads\/2019\/12\/Odluka1.pdf\" target=\"_blank\" rel=\"noopener\"><span style=\"color: #003300;\"><strong>\u041e\u0434\u043b\u0443\u043a\u0430 \u043e \u0434\u043e\u0434\u0435\u043b\u0438 \u0443\u0433\u043e\u0432\u043e\u0440\u0430<\/strong><\/span><\/a><\/p><hr \/><p>\u041f\u043b\u0430\u043d \u0458\u0430\u0432\u043d\u0438\u0445 \u043d\u0430\u0431\u0430\u0432\u043a\u0438:\u00a0<span style=\"color: #000080;\"><strong><\/strong><\/span><span style=\"color: #000080;\"><strong><a href=\"http:\/\/jjzkanjiza.edu.rs\/wp-content\/uploads\/2019\/02\/PLAN-JAVNIH-NABAVKI-2019.pdf\" target=\"_blank\" rel=\"noopener\" style=\"color: #000080;\">2019<\/a> <\/strong><span style=\"color: #333333;\">(<\/span><strong><span style=\"color: #000080;\"><a href=\"http:\/\/jjzkanjiza.edu.rs\/wp-content\/uploads\/2019\/11\/plan1.pdf\" style=\"color: #000080;\" target=\"_blank\" rel=\"noopener\">\u0418\u0437\u043c\u0435\u043d\u0430 \u043f\u043b\u0430\u043d\u0430<\/a><\/span><\/strong><span style=\"color: #333333;\">, <\/span><strong><a href=\"http:\/\/jjzkanjiza.edu.rs\/wp-content\/uploads\/2019\/11\/plan.pdf\" target=\"_blank\" rel=\"noopener\"><span style=\"color: #000080;\">\u041e\u0434\u043b\u0443\u043a\u0430 \u043e \u0438\u0437\u043c\u0435\u043d\u0438 \u043f\u043b\u0430\u043d\u0430<\/span><\/a><span style=\"color: #333333;\">)<\/span>, <\/strong><\/span><span style=\"color: #000080;\"><strong><a href=\"http:\/\/jjzkanjiza.edu.rs\/wp-content\/uploads\/2019\/01\/Plan-za-portal-osjjzmaj2018.pdf\" target=\"_blank\" rel=\"noopener\" style=\"color: #000080;\">2018<\/a><\/strong><\/span><\/p>\t\t\t\t\t\t\t\t<\/div>\n\t\t\t\t<\/div>\n\t\t\t\t\t<\/div>\n\t\t<\/div>\n\t\t\t\t\t<\/div>\n\t\t<\/section>\n\t\t\t\t<\/div>","protected":false},"excerpt":{"rendered":"<p>\u041f\u043b\u0430\u043d \u0458\u0430\u0432\u043d\u0438\u0445 \u043d\u0430\u0431\u0430\u0432\u043a\u0438 \u041e\u0434\u043b\u0443\u043a\u0443 \u043e \u0443\u0441\u0432\u0430\u0458\u0430\u045a\u0443 \u041f\u043b\u0430\u043d\u0430 \u0458\u0430\u0432\u043d\u0438\u0445 \u043d\u0430\u0431\u0430\u0432\u043a\u0438 \u0437\u0430 2022. \u0433\u043e\u0434\u0438\u043d\u0443 Plan javnih nabavki 2021 Izmenjena verzija plana javnih nabavki 2021 Javna nabavka male vrednosti za izvo\u0111enje radova &#8211; sanacija krova, JN br. 2\/2019 Konkursna dokumentacija, Poziv za podno\u0161enje ponuda Odluka o dodeli ugovora K\u00f6zbeszerz\u00e9si terv:\u00a02019 (Izmena plana, Odluka<a class=\"moretag\" href=\"https:\/\/jjzkanjiza.edu.rs\/sr\/kozbeszerzes\/\"> Read more<\/a><\/p>","protected":false},"author":1,"featured_media":0,"parent":0,"menu_order":0,"comment_status":"closed","ping_status":"closed","template":"","meta":{"_themeisle_gutenberg_block_has_review":false,"footnotes":"","_links_to":"","_links_to_target":""},"class_list":["post-29","page","type-page","status-publish","hentry"],"_links":{"self":[{"href":"https:\/\/jjzkanjiza.edu.rs\/sr\/wp-json\/wp\/v2\/pages\/29","targetHints":{"allow":["GET"]}}],"collection":[{"href":"https:\/\/jjzkanjiza.edu.rs\/sr\/wp-json\/wp\/v2\/pages"}],"about":[{"href":"https:\/\/jjzkanjiza.edu.rs\/sr\/wp-json\/wp\/v2\/types\/page"}],"author":[{"embeddable":true,"href":"https:\/\/jjzkanjiza.edu.rs\/sr\/wp-json\/wp\/v2\/users\/1"}],"replies":[{"embeddable":true,"href":"https:\/\/jjzkanjiza.edu.rs\/sr\/wp-json\/wp\/v2\/comments?post=29"}],"version-history":[{"count":28,"href":"https:\/\/jjzkanjiza.edu.rs\/sr\/wp-json\/wp\/v2\/pages\/29\/revisions"}],"predecessor-version":[{"id":2606,"href":"https:\/\/jjzkanjiza.edu.rs\/sr\/wp-json\/wp\/v2\/pages\/29\/revisions\/2606"}],"wp:attachment":[{"href":"https:\/\/jjzkanjiza.edu.rs\/sr\/wp-json\/wp\/v2\/media?parent=29"}],"curies":[{"name":"wp","href":"https:\/\/api.w.org\/{rel}","templated":true}]}}