{"id":27,"date":"2018-12-03T07:18:42","date_gmt":"2018-12-03T07:18:42","guid":{"rendered":"http:\/\/localhost\/?page_id=27"},"modified":"2024-12-29T13:10:19","modified_gmt":"2024-12-29T13:10:19","slug":"segedszemelyzet","status":"publish","type":"page","link":"https:\/\/jjzkanjiza.edu.rs\/sr\/segedszemelyzet\/","title":{"rendered":"\u041f\u043e\u043c\u043e\u045b\u043d\u043e \u043e\u0441\u043e\u0431\u0459\u0435"},"content":{"rendered":"<div data-elementor-type=\"wp-post\" data-elementor-id=\"27\" class=\"elementor elementor-27\">\n\t\t\t\t\t\t<section class=\"elementor-section elementor-top-section elementor-element elementor-element-d27f4a4 elementor-section-boxed elementor-section-height-default elementor-section-height-default\" data-id=\"d27f4a4\" data-element_type=\"section\" data-e-type=\"section\">\n\t\t\t\t\t\t<div class=\"elementor-container elementor-column-gap-default\">\n\t\t\t\t\t<div class=\"elementor-column elementor-col-100 elementor-top-column elementor-element elementor-element-d223628\" data-id=\"d223628\" data-element_type=\"column\" data-e-type=\"column\">\n\t\t\t<div class=\"elementor-widget-wrap elementor-element-populated\">\n\t\t\t\t\t\t<div class=\"elementor-element elementor-element-b7b9896 elementor-invisible elementor-widget elementor-widget-heading\" data-id=\"b7b9896\" data-element_type=\"widget\" data-e-type=\"widget\" data-settings=\"{&quot;_animation&quot;:&quot;fadeInDown&quot;}\" data-widget_type=\"heading.default\">\n\t\t\t\t<div class=\"elementor-widget-container\">\n\t\t\t\t\t<h4 class=\"elementor-heading-title elementor-size-default\">\u041a\u0443\u0432\u0430\u0440\u0438\u0446\u0435<\/h4>\t\t\t\t<\/div>\n\t\t\t\t<\/div>\n\t\t\t\t\t<\/div>\n\t\t<\/div>\n\t\t\t\t\t<\/div>\n\t\t<\/section>\n\t\t\t\t<section class=\"elementor-section elementor-top-section elementor-element elementor-element-0531657 elementor-section-boxed elementor-section-height-default elementor-section-height-default\" data-id=\"0531657\" data-element_type=\"section\" data-e-type=\"section\">\n\t\t\t\t\t\t<div class=\"elementor-container elementor-column-gap-default\">\n\t\t\t\t\t<div class=\"elementor-column elementor-col-50 elementor-top-column elementor-element elementor-element-44a0789\" data-id=\"44a0789\" data-element_type=\"column\" data-e-type=\"column\">\n\t\t\t<div class=\"elementor-widget-wrap elementor-element-populated\">\n\t\t\t\t\t\t<div class=\"elementor-element elementor-element-fb55d57 elementor-invisible elementor-widget elementor-widget-text-editor\" data-id=\"fb55d57\" data-element_type=\"widget\" data-e-type=\"widget\" data-settings=\"{&quot;_animation&quot;:&quot;fadeInLeft&quot;}\" data-widget_type=\"text-editor.default\">\n\t\t\t\t<div class=\"elementor-widget-container\">\n\t\t\t\t\t\t\t\t\t<p style=\"text-align: right;\"><b>\u0415\u0434\u0438\u0442 \u0412\u0430\u0448\u0442\u0430\u0433<\/b><\/p><p style=\"text-align: right;\"><strong>\u0418\u0437\u0430\u0431\u0435\u043b\u0430 \u041c\u0430\u0440\u0447\u043e<\/strong><\/p><p style=\"text-align: right;\"><strong style=\"font-family: inherit; font-size: inherit;\">\u0414\u0438\u0430\u043d\u0430 \u0422\u043e\u0442<\/strong><\/p><p style=\"text-align: right;\"><strong>\u0410\u043d\u0438\u043a\u043e \u041a\u0435\u045a\u0435\u0440\u0435\u0448<\/strong><\/p>\t\t\t\t\t\t\t\t<\/div>\n\t\t\t\t<\/div>\n\t\t\t\t\t<\/div>\n\t\t<\/div>\n\t\t\t\t<div class=\"elementor-column elementor-col-50 elementor-top-column elementor-element elementor-element-414a050\" data-id=\"414a050\" data-element_type=\"column\" data-e-type=\"column\">\n\t\t\t<div class=\"elementor-widget-wrap elementor-element-populated\">\n\t\t\t\t\t\t<div class=\"elementor-element elementor-element-b1d5b0d elementor-invisible elementor-widget elementor-widget-text-editor\" data-id=\"b1d5b0d\" data-element_type=\"widget\" data-e-type=\"widget\" data-settings=\"{&quot;_animation&quot;:&quot;fadeInRight&quot;}\" data-widget_type=\"text-editor.default\">\n\t\t\t\t<div class=\"elementor-widget-container\">\n\t\t\t\t\t\t\t\t\t<p><em>\u0417\u043c\u0430\u0458<\/em><\/p><p><em>\u0417\u043c\u0430\u0458<\/em><\/p><p><em>\u0410\u0434\u0438<\/em><\/p><p><em>\u041c\u0430\u0440\u0442\u043e\u043d\u043e\u0448<\/em><\/p>\t\t\t\t\t\t\t\t<\/div>\n\t\t\t\t<\/div>\n\t\t\t\t\t<\/div>\n\t\t<\/div>\n\t\t\t\t\t<\/div>\n\t\t<\/section>\n\t\t\t\t<section class=\"elementor-section elementor-top-section elementor-element elementor-element-b3aa661 elementor-section-boxed elementor-section-height-default elementor-section-height-default\" data-id=\"b3aa661\" data-element_type=\"section\" data-e-type=\"section\">\n\t\t\t\t\t\t<div class=\"elementor-container elementor-column-gap-default\">\n\t\t\t\t\t<div class=\"elementor-column elementor-col-100 elementor-top-column elementor-element elementor-element-ad4ba14\" data-id=\"ad4ba14\" data-element_type=\"column\" data-e-type=\"column\">\n\t\t\t<div class=\"elementor-widget-wrap elementor-element-populated\">\n\t\t\t\t\t\t<div class=\"elementor-element elementor-element-8b47212 elementor-invisible elementor-widget elementor-widget-heading\" data-id=\"8b47212\" data-element_type=\"widget\" data-e-type=\"widget\" data-settings=\"{&quot;_animation&quot;:&quot;fadeInDown&quot;}\" data-widget_type=\"heading.default\">\n\t\t\t\t<div class=\"elementor-widget-container\">\n\t\t\t\t\t<h4 class=\"elementor-heading-title elementor-size-default\">\u0414\u043e\u043c\u0430\u0440\u0438<\/h4>\t\t\t\t<\/div>\n\t\t\t\t<\/div>\n\t\t\t\t\t<\/div>\n\t\t<\/div>\n\t\t\t\t\t<\/div>\n\t\t<\/section>\n\t\t\t\t<section class=\"elementor-section elementor-top-section elementor-element elementor-element-cd57f58 elementor-section-boxed elementor-section-height-default elementor-section-height-default\" data-id=\"cd57f58\" data-element_type=\"section\" data-e-type=\"section\">\n\t\t\t\t\t\t<div class=\"elementor-container elementor-column-gap-default\">\n\t\t\t\t\t<div class=\"elementor-column elementor-col-50 elementor-top-column elementor-element elementor-element-f693633\" data-id=\"f693633\" data-element_type=\"column\" data-e-type=\"column\">\n\t\t\t<div class=\"elementor-widget-wrap elementor-element-populated\">\n\t\t\t\t\t\t<div class=\"elementor-element elementor-element-1f760c4 elementor-invisible elementor-widget elementor-widget-text-editor\" data-id=\"1f760c4\" data-element_type=\"widget\" data-e-type=\"widget\" data-settings=\"{&quot;_animation&quot;:&quot;fadeInLeft&quot;}\" data-widget_type=\"text-editor.default\">\n\t\t\t\t<div class=\"elementor-widget-container\">\n\t\t\t\t\t\t\t\t\t<p style=\"text-align: right;\"><strong>\u0413\u0430\u0431\u043e\u0440 \u041b\u0435\u0440\u0438\u043d\u0446<\/strong><\/p>\t\t\t\t\t\t\t\t<\/div>\n\t\t\t\t<\/div>\n\t\t\t\t\t<\/div>\n\t\t<\/div>\n\t\t\t\t<div class=\"elementor-column elementor-col-50 elementor-top-column elementor-element elementor-element-05d4a5d\" data-id=\"05d4a5d\" data-element_type=\"column\" data-e-type=\"column\">\n\t\t\t<div class=\"elementor-widget-wrap elementor-element-populated\">\n\t\t\t\t\t\t<div class=\"elementor-element elementor-element-b937b94 elementor-invisible elementor-widget elementor-widget-text-editor\" data-id=\"b937b94\" data-element_type=\"widget\" data-e-type=\"widget\" data-settings=\"{&quot;_animation&quot;:&quot;fadeInRight&quot;}\" data-widget_type=\"text-editor.default\">\n\t\t\t\t<div class=\"elementor-widget-container\">\n\t\t\t\t\t\t\t\t\t<p><em>\u0417\u043c\u0430\u0458<\/em><\/p>\t\t\t\t\t\t\t\t<\/div>\n\t\t\t\t<\/div>\n\t\t\t\t\t<\/div>\n\t\t<\/div>\n\t\t\t\t\t<\/div>\n\t\t<\/section>\n\t\t\t\t<section class=\"elementor-section elementor-top-section elementor-element elementor-element-e2b25b6 elementor-section-boxed elementor-section-height-default elementor-section-height-default\" data-id=\"e2b25b6\" data-element_type=\"section\" data-e-type=\"section\">\n\t\t\t\t\t\t<div class=\"elementor-container elementor-column-gap-default\">\n\t\t\t\t\t<div class=\"elementor-column elementor-col-100 elementor-top-column elementor-element elementor-element-316c56e\" data-id=\"316c56e\" data-element_type=\"column\" data-e-type=\"column\">\n\t\t\t<div class=\"elementor-widget-wrap elementor-element-populated\">\n\t\t\t\t\t\t<div class=\"elementor-element elementor-element-ca9a7c3 elementor-invisible elementor-widget elementor-widget-heading\" data-id=\"ca9a7c3\" data-element_type=\"widget\" data-e-type=\"widget\" data-settings=\"{&quot;_animation&quot;:&quot;fadeInDown&quot;}\" data-widget_type=\"heading.default\">\n\t\t\t\t<div class=\"elementor-widget-container\">\n\t\t\t\t\t<h4 class=\"elementor-heading-title elementor-size-default\">\u041c\u0430\u0458\u0441\u0442\u043e\u0440\u0438<\/h4>\t\t\t\t<\/div>\n\t\t\t\t<\/div>\n\t\t\t\t\t<\/div>\n\t\t<\/div>\n\t\t\t\t\t<\/div>\n\t\t<\/section>\n\t\t\t\t<section class=\"elementor-section elementor-top-section elementor-element elementor-element-97d33b7 elementor-section-boxed elementor-section-height-default elementor-section-height-default\" data-id=\"97d33b7\" data-element_type=\"section\" data-e-type=\"section\">\n\t\t\t\t\t\t<div class=\"elementor-container elementor-column-gap-default\">\n\t\t\t\t\t<div class=\"elementor-column elementor-col-50 elementor-top-column elementor-element elementor-element-6d9db2b\" data-id=\"6d9db2b\" data-element_type=\"column\" data-e-type=\"column\">\n\t\t\t<div class=\"elementor-widget-wrap elementor-element-populated\">\n\t\t\t\t\t\t<div class=\"elementor-element elementor-element-eada8a2 elementor-invisible elementor-widget elementor-widget-text-editor\" data-id=\"eada8a2\" data-element_type=\"widget\" data-e-type=\"widget\" data-settings=\"{&quot;_animation&quot;:&quot;fadeInLeft&quot;}\" data-widget_type=\"text-editor.default\">\n\t\t\t\t<div class=\"elementor-widget-container\">\n\t\t\t\t\t\t\t\t\t<p style=\"text-align: right;\"><strong>\u0415\u043d\u0434\u0440\u0435 \u0422\u043e\u0442<\/strong><\/p><p style=\"text-align: right;\"><strong>Kenyeres Attila<\/strong><\/p>\t\t\t\t\t\t\t\t<\/div>\n\t\t\t\t<\/div>\n\t\t\t\t\t<\/div>\n\t\t<\/div>\n\t\t\t\t<div class=\"elementor-column elementor-col-50 elementor-top-column elementor-element elementor-element-beb6f07\" data-id=\"beb6f07\" data-element_type=\"column\" data-e-type=\"column\">\n\t\t\t<div class=\"elementor-widget-wrap elementor-element-populated\">\n\t\t\t\t\t\t<div class=\"elementor-element elementor-element-ceaae93 elementor-invisible elementor-widget elementor-widget-text-editor\" data-id=\"ceaae93\" data-element_type=\"widget\" data-e-type=\"widget\" data-settings=\"{&quot;_animation&quot;:&quot;fadeInRight&quot;}\" data-widget_type=\"text-editor.default\">\n\t\t\t\t<div class=\"elementor-widget-container\">\n\t\t\t\t\t\t\t\t\t<p><em>\u0410\u0434\u0438<\/em><\/p><p><em>\u041c\u0430\u0440\u0442\u043e\u043d\u043e\u0448<\/em><\/p>\t\t\t\t\t\t\t\t<\/div>\n\t\t\t\t<\/div>\n\t\t\t\t\t<\/div>\n\t\t<\/div>\n\t\t\t\t\t<\/div>\n\t\t<\/section>\n\t\t\t\t<section class=\"elementor-section elementor-top-section elementor-element elementor-element-1bf33e9 elementor-section-boxed elementor-section-height-default elementor-section-height-default\" data-id=\"1bf33e9\" data-element_type=\"section\" data-e-type=\"section\">\n\t\t\t\t\t\t<div class=\"elementor-container elementor-column-gap-default\">\n\t\t\t\t\t<div class=\"elementor-column elementor-col-100 elementor-top-column elementor-element elementor-element-6eb6d09\" data-id=\"6eb6d09\" data-element_type=\"column\" data-e-type=\"column\">\n\t\t\t<div class=\"elementor-widget-wrap elementor-element-populated\">\n\t\t\t\t\t\t<div class=\"elementor-element elementor-element-c14fd56 elementor-invisible elementor-widget elementor-widget-heading\" data-id=\"c14fd56\" data-element_type=\"widget\" data-e-type=\"widget\" data-settings=\"{&quot;_animation&quot;:&quot;fadeInDown&quot;}\" data-widget_type=\"heading.default\">\n\t\t\t\t<div class=\"elementor-widget-container\">\n\t\t\t\t\t<h4 class=\"elementor-heading-title elementor-size-default\">\u0421\u043f\u0440\u0435\u043c\u0430\u0447\u0438\u0446\u0435<\/h4>\t\t\t\t<\/div>\n\t\t\t\t<\/div>\n\t\t\t\t\t<\/div>\n\t\t<\/div>\n\t\t\t\t\t<\/div>\n\t\t<\/section>\n\t\t\t\t<section class=\"elementor-section elementor-top-section elementor-element elementor-element-879d120 elementor-section-boxed elementor-section-height-default elementor-section-height-default\" data-id=\"879d120\" data-element_type=\"section\" data-e-type=\"section\">\n\t\t\t\t\t\t<div class=\"elementor-container elementor-column-gap-default\">\n\t\t\t\t\t<div class=\"elementor-column elementor-col-50 elementor-top-column elementor-element elementor-element-4cdd4dd\" data-id=\"4cdd4dd\" data-element_type=\"column\" data-e-type=\"column\">\n\t\t\t<div class=\"elementor-widget-wrap elementor-element-populated\">\n\t\t\t\t\t\t<div class=\"elementor-element elementor-element-f5fa327 elementor-invisible elementor-widget elementor-widget-text-editor\" data-id=\"f5fa327\" data-element_type=\"widget\" data-e-type=\"widget\" data-settings=\"{&quot;_animation&quot;:&quot;fadeInLeft&quot;}\" data-widget_type=\"text-editor.default\">\n\t\t\t\t<div class=\"elementor-widget-container\">\n\t\t\t\t\t\t\t\t\t<p style=\"text-align: right;\"><span style=\"color: #000080;\"><a href=\"http:\/\/jjzkanjiza.edu.rs\/wp-content\/uploads\/2019\/03\/Medgyesi-Nagy-Melinda-CV.pdf\" target=\"_blank\" style=\"color: #000080;\" rel=\"noopener\"><strong>\u041c\u0435\u043b\u0438\u043d\u0434\u0430 \u041c\u0435\u0452\u0435\u0448\u0438 \u041d\u0430\u0452<\/strong><\/a><\/span><strong><br \/><\/strong><\/p><p style=\"text-align: right;\"><span style=\"color: #000080;\"><a href=\"http:\/\/jjzkanjiza.edu.rs\/wp-content\/uploads\/2019\/03\/Meszaros-Laura-CV.pdf\" target=\"_blank\" style=\"color: #000080;\" rel=\"noopener\"><strong>\u041b\u0430\u0443\u0440\u0430 \u041c\u0435\u0441\u0430\u0440\u043e\u0448<\/strong><\/a><\/span><strong><br \/><\/strong><\/p><p style=\"text-align: right;\"><strong>\u0410\u043d\u0433\u0435\u043b\u0430 \u0411\u0430\u0440\u043a\u043e\u0446\u0438<\/strong><strong><br \/><\/strong><\/p><p style=\"text-align: right;\"><strong style=\"font-family: inherit; font-size: inherit;\">\u041a\u043b\u0430\u0440\u0430 \u0424\u0430\u0440\u0430\u0433\u043e<\/strong><strong><br \/><\/strong><\/p><p style=\"text-align: right;\"><strong>Povenszki M\u00f3nika<\/strong><\/p><p style=\"text-align: right;\"><strong>Dob\u00e1k Klaudia<\/strong><\/p><p style=\"text-align: right;\"><strong>Elvira Lo\u0161onc<\/strong><\/p><p style=\"text-align: right;\"><strong>Nagy Anna<\/strong><\/p><p style=\"text-align: right;\"><strong>\u041a\u0440\u0438\u0441\u0442\u0438\u043d\u0430 \u041f\u0438\u043b\u0438\u0448\u0438<\/strong><\/p><p style=\"text-align: right;\"><strong style=\"font-family: inherit; font-size: inherit;\">\u0418\u0437\u0430\u0431\u0435\u043b\u0430 \u0413\u0443\u0459\u0430\u0448<\/strong><\/p><p style=\"text-align: right;\"><strong>\u041a\u0430\u0440\u043e\u043b\u0438\u043d\u0430 \u0424\u0430\u0440\u0430\u0433\u043e \u041b\u0430\u045a\u0438<\/strong><\/p><p style=\"text-align: right;\"><strong style=\"font-family: inherit; font-size: inherit;\">\u041d\u0438\u043a\u043e\u043b\u0435\u0442\u0430 \u0412\u0435\u0440\u0435\u0448<\/strong><\/p><p style=\"text-align: right;\"><strong>\u0415\u0440\u0438\u043a\u0430 \u041c\u0435\u0452\u0435\u0448\u0438<\/strong><strong><br \/><\/strong><\/p><p style=\"text-align: right;\"><strong>\u0420\u0430\u0444\u0430\u0438 \u041c\u043e\u043d\u0438\u043a\u0430<\/strong><\/p><p style=\"text-align: right;\"><strong>\u0415\u0440\u0438\u043a\u0430 \u041c\u0435\u0452\u0435\u0448\u0438<\/strong><\/p><p style=\"text-align: right;\"><strong>Kis L\u00edvia<\/strong><\/p><p style=\"text-align: right;\"><strong>Nyilas M\u00f3nika<\/strong><\/p><p style=\"text-align: right;\"><strong>\u0410\u043d\u0438\u043a\u043e \u041a\u0435\u045a\u0435\u0440\u0435\u0448<\/strong><\/p><p style=\"text-align: right;\"><strong>\u0418\u0431\u043e\u0459\u0430 \u0412\u0430\u0448<\/strong><\/p><p style=\"text-align: right;\"><strong>Lad\u00e1nyi Bernadett<\/strong><\/p><p style=\"text-align: right;\"><strong>Mihi\u0107 Nata\u0161a<\/strong><\/p>\t\t\t\t\t\t\t\t<\/div>\n\t\t\t\t<\/div>\n\t\t\t\t\t<\/div>\n\t\t<\/div>\n\t\t\t\t<div class=\"elementor-column elementor-col-50 elementor-top-column elementor-element elementor-element-6cab9fa\" data-id=\"6cab9fa\" data-element_type=\"column\" data-e-type=\"column\">\n\t\t\t<div class=\"elementor-widget-wrap elementor-element-populated\">\n\t\t\t\t\t\t<div class=\"elementor-element elementor-element-3e2dff4 elementor-invisible elementor-widget elementor-widget-text-editor\" data-id=\"3e2dff4\" data-element_type=\"widget\" data-e-type=\"widget\" data-settings=\"{&quot;_animation&quot;:&quot;fadeInRight&quot;}\" data-widget_type=\"text-editor.default\">\n\t\t\t\t<div class=\"elementor-widget-container\">\n\t\t\t\t\t\t\t\t\t<p><em>\u0417\u043c\u0430\u0458\u00a0<\/em><em>\u00a0<\/em><em><br \/><\/em><\/p><p><em>\u0417\u043c\u0430\u0458<\/em><\/p><p><em>\u0417\u043c\u0430\u0458\u00a0<\/em><em><br \/><\/em><\/p><p><em>\u0417\u043c\u0430\u0458\u00a0<\/em><em><br \/><\/em><\/p><p><em>\u0417\u043c\u0430\u0458\u00a0<\/em><em><br \/><\/em><\/p><p><em>\u0417\u043c\u0430\u0458\u00a0<\/em><em><br \/><\/em><\/p><p><em>\u0417\u043c\u0430\u0458\u00a0<\/em><em><br \/><\/em><\/p><p><em>\u0417\u043c\u0430\u0458\u00a0<\/em><em><br \/><\/em><\/p><p><em>\u0410\u0434\u0438\u00a0<\/em><\/p><p><em style=\"font-family: inherit; font-size: inherit;\">\u0410\u0434\u0438\u00a0<\/em><\/p><p><em style=\"font-family: inherit; font-size: inherit;\">\u0410\u0434\u0438\u00a0<\/em><\/p><p><em>\u0410\u0434\u0438<\/em><\/p><p><em>\u0410\u0434\u0438<\/em><\/p><p><em style=\"font-family: inherit; font-size: inherit;\">\u0410\u0434\u0438<\/em><\/p><p><em style=\"font-family: inherit; font-size: inherit;\">\u0410\u0434\u0438\u00a0<\/em><em style=\"font-family: inherit; font-size: inherit;\">\u00a0<\/em><em style=\"font-family: inherit; font-size: inherit;\">\u00a0<\/em><\/p><p><em style=\"font-family: inherit; font-size: inherit;\">\u0410\u0434\u0438\u00a0<\/em><\/p><p><em style=\"font-family: inherit; font-size: inherit;\">\u0410\u0434\u0438\u00a0<\/em><\/p><p><em>\u041c\u0430\u0440\u0442\u043e\u043d\u043e\u0448<\/em><em><br \/><\/em><\/p><p><em>\u041c\u0430\u0440\u0442\u043e\u043d\u043e\u0448<\/em><em><\/em><\/p><p><em>\u0410\u0434\u043e\u0440\u0458\u0430\u043d<\/em><\/p><p><em>Velebit<\/em><em><br \/><\/em><\/p>\t\t\t\t\t\t\t\t<\/div>\n\t\t\t\t<\/div>\n\t\t\t\t\t<\/div>\n\t\t<\/div>\n\t\t\t\t\t<\/div>\n\t\t<\/section>\n\t\t\t\t<\/div>","protected":false},"excerpt":{"rendered":"<p>Szak\u00e1csn\u0151 Vastag Edit Marcs\u00f3 Izabella T\u00f3t Dianna Kenyeres Anik\u00f3 Zmaj Zmaj Ady Martonos Gondnok L\u0151rinc G\u00e1bor Zmaj Mester T\u00f3th Endre Kenyeres Attila Ady Martonos Takar\u00edt\u00f3 Medgyesi Nagy Melinda M\u00e9sz\u00e1ros Laura Bark\u00f3ci Ang\u00e9la Farag\u00f3 Kl\u00e1ra Povenszki M\u00f3nika Dob\u00e1k Klaudia Losonc Elvira Nagy Anna Pilisi Krisztina Guly\u00e1s Izabella Farag\u00f3 L\u00e1nyi Karolina V\u00f6r\u00f6s<a class=\"moretag\" href=\"https:\/\/jjzkanjiza.edu.rs\/sr\/segedszemelyzet\/\"> Read more<\/a><\/p>","protected":false},"author":1,"featured_media":0,"parent":0,"menu_order":0,"comment_status":"closed","ping_status":"closed","template":"","meta":{"_themeisle_gutenberg_block_has_review":false,"footnotes":"","_links_to":"","_links_to_target":""},"class_list":["post-27","page","type-page","status-publish","hentry"],"_links":{"self":[{"href":"https:\/\/jjzkanjiza.edu.rs\/sr\/wp-json\/wp\/v2\/pages\/27","targetHints":{"allow":["GET"]}}],"collection":[{"href":"https:\/\/jjzkanjiza.edu.rs\/sr\/wp-json\/wp\/v2\/pages"}],"about":[{"href":"https:\/\/jjzkanjiza.edu.rs\/sr\/wp-json\/wp\/v2\/types\/page"}],"author":[{"embeddable":true,"href":"https:\/\/jjzkanjiza.edu.rs\/sr\/wp-json\/wp\/v2\/users\/1"}],"replies":[{"embeddable":true,"href":"https:\/\/jjzkanjiza.edu.rs\/sr\/wp-json\/wp\/v2\/comments?post=27"}],"version-history":[{"count":31,"href":"https:\/\/jjzkanjiza.edu.rs\/sr\/wp-json\/wp\/v2\/pages\/27\/revisions"}],"predecessor-version":[{"id":3572,"href":"https:\/\/jjzkanjiza.edu.rs\/sr\/wp-json\/wp\/v2\/pages\/27\/revisions\/3572"}],"wp:attachment":[{"href":"https:\/\/jjzkanjiza.edu.rs\/sr\/wp-json\/wp\/v2\/media?parent=27"}],"curies":[{"name":"wp","href":"https:\/\/api.w.org\/{rel}","templated":true}]}}