{"id":256,"date":"2019-01-15T07:58:40","date_gmt":"2019-01-15T07:58:40","guid":{"rendered":"http:\/\/localhost\/?page_id=256"},"modified":"2019-02-05T10:38:15","modified_gmt":"2019-02-05T10:38:15","slug":"fogadoorak","status":"publish","type":"page","link":"https:\/\/jjzkanjiza.edu.rs\/sr\/fogadoorak\/","title":{"rendered":"Prijem roditelja"},"content":{"rendered":"<div data-elementor-type=\"wp-post\" data-elementor-id=\"256\" class=\"elementor elementor-256 elementor-bc-flex-widget\">\n\t\t\t\t\t\t<section class=\"elementor-section elementor-top-section elementor-element elementor-element-45a2b60 elementor-section-boxed elementor-section-height-default elementor-section-height-default\" data-id=\"45a2b60\" data-element_type=\"section\" data-e-type=\"section\">\n\t\t\t\t\t\t<div class=\"elementor-container elementor-column-gap-default\">\n\t\t\t\t\t<div class=\"elementor-column elementor-col-100 elementor-top-column elementor-element elementor-element-4b0b9f9\" data-id=\"4b0b9f9\" data-element_type=\"column\" data-e-type=\"column\">\n\t\t\t<div class=\"elementor-widget-wrap elementor-element-populated\">\n\t\t\t\t\t\t<div class=\"elementor-element elementor-element-10d4063 elementor-invisible elementor-widget elementor-widget-heading\" data-id=\"10d4063\" data-element_type=\"widget\" data-e-type=\"widget\" data-settings=\"{&quot;_animation&quot;:&quot;fadeInDown&quot;}\" data-widget_type=\"heading.default\">\n\t\t\t\t<div class=\"elementor-widget-container\">\n\t\t\t\t\t<h4 class=\"elementor-heading-title elementor-size-default\">\u0160kolska 2018\/2019. godina<\/h4>\t\t\t\t<\/div>\n\t\t\t\t<\/div>\n\t\t\t\t\t<\/div>\n\t\t<\/div>\n\t\t\t\t\t<\/div>\n\t\t<\/section>\n\t\t\t\t<section class=\"elementor-section elementor-top-section elementor-element elementor-element-57707eb1 elementor-section-boxed elementor-section-height-default elementor-section-height-default\" data-id=\"57707eb1\" data-element_type=\"section\" data-e-type=\"section\">\n\t\t\t\t\t\t<div class=\"elementor-container elementor-column-gap-default\">\n\t\t\t\t\t<div class=\"elementor-column elementor-col-100 elementor-top-column elementor-element elementor-element-25097356\" data-id=\"25097356\" data-element_type=\"column\" data-e-type=\"column\">\n\t\t\t<div class=\"elementor-widget-wrap elementor-element-populated\">\n\t\t\t\t\t\t<div class=\"elementor-element elementor-element-745b76b1 elementor-invisible elementor-widget elementor-widget-text-editor\" data-id=\"745b76b1\" data-element_type=\"widget\" data-e-type=\"widget\" data-settings=\"{&quot;_animation&quot;:&quot;zoomIn&quot;}\" data-widget_type=\"text-editor.default\">\n\t\t\t\t<div class=\"elementor-widget-container\">\n\t\t\t\t\t\t\t\t\t<p><\/p>\n<h4><span style=\"color: #000080;\"><a href=\"http:\/\/jjzkanjiza.edu.rs\/wp-content\/uploads\/2019\/02\/Fogadoorak-cossssss-20182019.pdf\" target=\"_blank\" style=\"color: #000080;\" rel=\"noopener\"><strong>\u0417\u043c\u0430\u0458 \u0437\u0433\u0440\u0430\u0434\u0430<\/strong><\/a><\/span><\/h4>\n<h4><strong><\/strong><\/h4>\n<h4><strong><\/strong><\/h4>\n<h4><a href=\"http:\/\/jjzkanjiza.edu.rs\/wp-content\/uploads\/2019\/02\/emelt-mikor-fogadoora-is-2018-.pdf\" target=\"_blank\" rel=\"noopener\"><strong><span style=\"color: #000080;\">\u0410\u0434\u0438 \u0437\u0433\u0440\u0430\u0434\u0430<\/span><\/strong><\/a><\/h4>\n<h4><span style=\"color: #000080;\"><strong><\/strong><\/span><\/h4>\n<h4><span style=\"color: #000080;\"><strong><\/strong><\/span><\/h4>\n<h4><span style=\"color: #000080;\"><strong><a href=\"http:\/\/jjzkanjiza.edu.rs\/wp-content\/uploads\/2019\/01\/FOGADOORAK201819-Martonos.pdf\" target=\"_blank\" rel=\"noopener\" style=\"color: #000080;\">\u041c\u0430\u0440\u0442\u043e\u043d\u043e\u0448<\/a><\/strong><\/span><\/h4>\n<h4><span style=\"color: #000080;\"><strong><\/strong><\/span><\/h4>\n<h4><span style=\"color: #000080;\"><strong><\/strong><\/span><\/h4>\n<h4><span style=\"color: #000080;\"><strong><a href=\"http:\/\/jjzkanjiza.edu.rs\/wp-content\/uploads\/2019\/01\/Adorjan-2018-2019.pdf\" target=\"_blank\" rel=\"noopener\" style=\"color: #000080;\">\u0410\u0434\u043e\u0440\u0458\u0430\u043d<\/a><\/strong><\/span><\/h4>\n<p><\/p>\t\t\t\t\t\t\t\t<\/div>\n\t\t\t\t<\/div>\n\t\t\t\t\t<\/div>\n\t\t<\/div>\n\t\t\t\t\t<\/div>\n\t\t<\/section>\n\t\t\t\t<\/div>","protected":false},"excerpt":{"rendered":"<p>2018\/2019-es \u00e9v Zmaj \u00e9p\u00fclet Ady \u00e9p\u00fclet Martonos Adorj\u00e1n<\/p>","protected":false},"author":1,"featured_media":0,"parent":0,"menu_order":0,"comment_status":"closed","ping_status":"closed","template":"","meta":{"_themeisle_gutenberg_block_has_review":false,"footnotes":"","_links_to":"","_links_to_target":""},"class_list":["post-256","page","type-page","status-publish","hentry"],"_links":{"self":[{"href":"https:\/\/jjzkanjiza.edu.rs\/sr\/wp-json\/wp\/v2\/pages\/256","targetHints":{"allow":["GET"]}}],"collection":[{"href":"https:\/\/jjzkanjiza.edu.rs\/sr\/wp-json\/wp\/v2\/pages"}],"about":[{"href":"https:\/\/jjzkanjiza.edu.rs\/sr\/wp-json\/wp\/v2\/types\/page"}],"author":[{"embeddable":true,"href":"https:\/\/jjzkanjiza.edu.rs\/sr\/wp-json\/wp\/v2\/users\/1"}],"replies":[{"embeddable":true,"href":"https:\/\/jjzkanjiza.edu.rs\/sr\/wp-json\/wp\/v2\/comments?post=256"}],"version-history":[{"count":10,"href":"https:\/\/jjzkanjiza.edu.rs\/sr\/wp-json\/wp\/v2\/pages\/256\/revisions"}],"predecessor-version":[{"id":387,"href":"https:\/\/jjzkanjiza.edu.rs\/sr\/wp-json\/wp\/v2\/pages\/256\/revisions\/387"}],"wp:attachment":[{"href":"https:\/\/jjzkanjiza.edu.rs\/sr\/wp-json\/wp\/v2\/media?parent=256"}],"curies":[{"name":"wp","href":"https:\/\/api.w.org\/{rel}","templated":true}]}}