{"id":23,"date":"2018-12-03T07:18:18","date_gmt":"2018-12-03T07:18:18","guid":{"rendered":"http:\/\/localhost\/?page_id=23"},"modified":"2025-10-04T08:28:26","modified_gmt":"2025-10-04T08:28:26","slug":"osztalytanitok","status":"publish","type":"page","link":"https:\/\/jjzkanjiza.edu.rs\/sr\/osztalytanitok\/","title":{"rendered":"\u0420\u0430\u0437\u0440\u0435\u0434\u043d\u0430 \u043d\u0430\u0441\u0442\u0430\u0432\u0430"},"content":{"rendered":"<div data-elementor-type=\"wp-post\" data-elementor-id=\"23\" class=\"elementor elementor-23\">\n\t\t\t\t\t\t<section class=\"elementor-section elementor-top-section elementor-element elementor-element-331e2bb elementor-section-boxed elementor-section-height-default elementor-section-height-default\" data-id=\"331e2bb\" data-element_type=\"section\" data-e-type=\"section\">\n\t\t\t\t\t\t<div class=\"elementor-container elementor-column-gap-default\">\n\t\t\t\t\t<div class=\"elementor-column elementor-col-100 elementor-top-column elementor-element elementor-element-c39efcc\" data-id=\"c39efcc\" data-element_type=\"column\" data-e-type=\"column\">\n\t\t\t<div class=\"elementor-widget-wrap elementor-element-populated\">\n\t\t\t\t\t\t<div class=\"elementor-element elementor-element-e237b02 elementor-invisible elementor-widget elementor-widget-heading\" data-id=\"e237b02\" data-element_type=\"widget\" data-e-type=\"widget\" data-settings=\"{&quot;_animation&quot;:&quot;fadeInDown&quot;}\" data-widget_type=\"heading.default\">\n\t\t\t\t<div class=\"elementor-widget-container\">\n\t\t\t\t\t<h4 class=\"elementor-heading-title elementor-size-default\">1. \u0440\u0430\u0437\u0440\u0435\u0434<\/h4>\t\t\t\t<\/div>\n\t\t\t\t<\/div>\n\t\t\t\t\t<\/div>\n\t\t<\/div>\n\t\t\t\t\t<\/div>\n\t\t<\/section>\n\t\t\t\t<section class=\"elementor-section elementor-top-section elementor-element elementor-element-7060153 elementor-section-boxed elementor-section-height-default elementor-section-height-default\" data-id=\"7060153\" data-element_type=\"section\" data-e-type=\"section\">\n\t\t\t\t\t\t<div class=\"elementor-container elementor-column-gap-default\">\n\t\t\t\t\t<div class=\"elementor-column elementor-col-33 elementor-top-column elementor-element elementor-element-2a13faa\" data-id=\"2a13faa\" data-element_type=\"column\" data-e-type=\"column\">\n\t\t\t<div class=\"elementor-widget-wrap elementor-element-populated\">\n\t\t\t\t\t\t<div class=\"elementor-element elementor-element-6ff77e6 elementor-invisible elementor-widget elementor-widget-text-editor\" data-id=\"6ff77e6\" data-element_type=\"widget\" data-e-type=\"widget\" data-settings=\"{&quot;_animation&quot;:&quot;fadeInLeft&quot;}\" data-widget_type=\"text-editor.default\">\n\t\t\t\t<div class=\"elementor-widget-container\">\n\t\t\t\t\t\t\t\t\t<p><span style=\"color: #000080;\"><a href=\"http:\/\/jjzkanjiza.edu.rs\/wp-content\/uploads\/2019\/03\/Somodjvarac-Tijana-CV.pdf\" target=\"_blank\" style=\"color: #000080;\" rel=\"noopener\"><strong>\u0422\u0438\u0458\u0430\u043d\u0430 \u0428\u043e\u043c\u043e\u0452\u0432\u0430\u0440\u0430\u0446<\/strong><\/a><\/span><\/p><p><span style=\"color: #000080;\"><a href=\"http:\/\/jjzkanjiza.edu.rs\/wp-content\/uploads\/2019\/03\/Cseszko-Kormoci-Erika-CV.pdf\" target=\"_blank\" style=\"color: #000080;\" rel=\"noopener\"><strong>\u0415\u0440\u0438\u043a\u0430 \u0427\u0435\u0441\u043a\u043e \u041a\u0435\u0440\u043c\u0435\u0446\u0438<\/strong><\/a><\/span><\/p><p><strong>\u0412\u0430\u043b\u0435\u0440\u0438\u0458\u0430 \u041c\u0435\u0441\u0430\u0440\u043e\u0448<\/strong><\/p><p><span style=\"color: #000080;\"><a href=\"http:\/\/jjzkanjiza.edu.rs\/wp-content\/uploads\/2019\/03\/Domonkos-Izabella-CV.pdf\" target=\"_blank\" style=\"color: #000080;\" rel=\"noopener\"><strong>\u0418\u0437\u0430\u0431\u0435\u043b\u0430 \u0414\u043e\u043c\u043e\u043d\u043a\u043e\u0448<\/strong><\/a><\/span><\/p><p><span style=\"color: #000080;\"><a href=\"http:\/\/jjzkanjiza.edu.rs\/wp-content\/uploads\/2019\/03\/SandorEva-CV.pdf\" target=\"_blank\" style=\"color: #000080;\" rel=\"noopener\"><strong>\u0415\u0432\u0430 \u0428\u0430\u043d\u0434\u043e\u0440<\/strong><\/a><\/span><\/p><p><span style=\"color: #000080;\"><a href=\"http:\/\/jjzkanjiza.edu.rs\/wp-content\/uploads\/2019\/03\/AproMarija-CV.pdf\" target=\"_blank\" style=\"color: #000080;\" rel=\"noopener\"><strong>\u041c\u0430\u0440\u0438\u0458\u0430 \u0410\u043f\u0440\u043e<\/strong><\/a><\/span><\/p><p><strong>Bogdan Srbljin<\/strong><\/p>\t\t\t\t\t\t\t\t<\/div>\n\t\t\t\t<\/div>\n\t\t\t\t\t<\/div>\n\t\t<\/div>\n\t\t\t\t<div class=\"elementor-column elementor-col-33 elementor-top-column elementor-element elementor-element-d8bd973\" data-id=\"d8bd973\" data-element_type=\"column\" data-e-type=\"column\">\n\t\t\t<div class=\"elementor-widget-wrap elementor-element-populated\">\n\t\t\t\t\t\t<div class=\"elementor-element elementor-element-13ecbd4 elementor-invisible elementor-widget elementor-widget-text-editor\" data-id=\"13ecbd4\" data-element_type=\"widget\" data-e-type=\"widget\" data-settings=\"{&quot;_animation&quot;:&quot;fadeIn&quot;}\" data-widget_type=\"text-editor.default\">\n\t\t\t\t<div class=\"elementor-widget-container\">\n\t\t\t\t\t\t\t\t\t<p>1. a<\/p><p>1. b<\/p><p>1. d<\/p><p>1. e<\/p><p>1. A<\/p><p>1. M<\/p><p>1-4. V<\/p>\t\t\t\t\t\t\t\t<\/div>\n\t\t\t\t<\/div>\n\t\t\t\t\t<\/div>\n\t\t<\/div>\n\t\t\t\t<div class=\"elementor-column elementor-col-33 elementor-top-column elementor-element elementor-element-4a3ed10\" data-id=\"4a3ed10\" data-element_type=\"column\" data-e-type=\"column\">\n\t\t\t<div class=\"elementor-widget-wrap elementor-element-populated\">\n\t\t\t\t\t\t<div class=\"elementor-element elementor-element-bd0667c elementor-invisible elementor-widget elementor-widget-text-editor\" data-id=\"bd0667c\" data-element_type=\"widget\" data-e-type=\"widget\" data-settings=\"{&quot;_animation&quot;:&quot;fadeInRight&quot;}\" data-widget_type=\"text-editor.default\">\n\t\t\t\t<div class=\"elementor-widget-container\">\n\t\t\t\t\t\t\t\t\t<p><em>\u0410\u0434\u0438 \u0437\u0433\u0440\u0430\u0434\u0430<\/em><\/p><p><em>\u0417\u043c\u0430\u0458 \u0437\u0433\u0440\u0430\u0434\u0430<\/em><\/p><p><em>\u0410\u0434\u0438 \u0437\u0433\u0440\u0430\u0434\u0430<\/em><\/p><p><em>\u0410\u0434\u0438 \u0437\u0433\u0440\u0430\u0434\u0430<\/em><\/p><p><em>\u0410\u0434\u043e\u0440\u0458\u0430\u043d<\/em><\/p><p><em>\u041c\u0430\u0440\u0442\u043e\u043d\u043e\u0448<\/em><\/p><p><em>Velebit<\/em><\/p>\t\t\t\t\t\t\t\t<\/div>\n\t\t\t\t<\/div>\n\t\t\t\t\t<\/div>\n\t\t<\/div>\n\t\t\t\t\t<\/div>\n\t\t<\/section>\n\t\t\t\t<section class=\"elementor-section elementor-top-section elementor-element elementor-element-fe1cf15 elementor-section-boxed elementor-section-height-default elementor-section-height-default\" data-id=\"fe1cf15\" data-element_type=\"section\" data-e-type=\"section\">\n\t\t\t\t\t\t<div class=\"elementor-container elementor-column-gap-default\">\n\t\t\t\t\t<div class=\"elementor-column elementor-col-100 elementor-top-column elementor-element elementor-element-c6f2750\" data-id=\"c6f2750\" data-element_type=\"column\" data-e-type=\"column\">\n\t\t\t<div class=\"elementor-widget-wrap elementor-element-populated\">\n\t\t\t\t\t\t<div class=\"elementor-element elementor-element-29592c2 elementor-invisible elementor-widget elementor-widget-heading\" data-id=\"29592c2\" data-element_type=\"widget\" data-e-type=\"widget\" data-settings=\"{&quot;_animation&quot;:&quot;fadeInDown&quot;}\" data-widget_type=\"heading.default\">\n\t\t\t\t<div class=\"elementor-widget-container\">\n\t\t\t\t\t<h4 class=\"elementor-heading-title elementor-size-default\">2. \u0440\u0430\u0437\u0440\u0435\u0434<\/h4>\t\t\t\t<\/div>\n\t\t\t\t<\/div>\n\t\t\t\t\t<\/div>\n\t\t<\/div>\n\t\t\t\t\t<\/div>\n\t\t<\/section>\n\t\t\t\t<section class=\"elementor-section elementor-top-section elementor-element elementor-element-2cdccc1 elementor-section-boxed elementor-section-height-default elementor-section-height-default\" data-id=\"2cdccc1\" data-element_type=\"section\" data-e-type=\"section\">\n\t\t\t\t\t\t<div class=\"elementor-container elementor-column-gap-default\">\n\t\t\t\t\t<div class=\"elementor-column elementor-col-33 elementor-top-column elementor-element elementor-element-7f0123f\" data-id=\"7f0123f\" data-element_type=\"column\" data-e-type=\"column\">\n\t\t\t<div class=\"elementor-widget-wrap elementor-element-populated\">\n\t\t\t\t\t\t<div class=\"elementor-element elementor-element-bd95c5b elementor-invisible elementor-widget elementor-widget-text-editor\" data-id=\"bd95c5b\" data-element_type=\"widget\" data-e-type=\"widget\" data-settings=\"{&quot;_animation&quot;:&quot;fadeInLeft&quot;}\" data-widget_type=\"text-editor.default\">\n\t\t\t\t<div class=\"elementor-widget-container\">\n\t\t\t\t\t\t\t\t\t<p><strong>Jasmina Vojni\u0107 Pur\u010dar<\/strong><\/p><p><strong>Barta T\u00edmea<\/strong><\/p><p><strong>Edina Farka\u0161<\/strong><\/p><p><strong>\u0418\u043b\u0434\u0438\u043a\u043e \u041e\u0441\u0442\u043e\u0458\u0438\u043d \u041c\u043e\u043b\u043d\u0430\u0440<\/strong><\/p><p><strong>\u041a\u0430\u0442\u0430\u043b\u0438\u043d \u0428\u0430\u0442\u0430\u0438<\/strong><\/p><p><span style=\"color: #000080;\"><a href=\"http:\/\/jjzkanjiza.edu.rs\/wp-content\/uploads\/2019\/03\/Kanyo-Maria-CV2.pdf\" target=\"_blank\" style=\"color: #000080;\" rel=\"noopener\"><strong>\u041c\u0430\u0440\u0438\u0430 \u041a\u0430\u045a\u043e<\/strong><\/a><\/span><\/p><p><strong>Ludvig Lilla<\/strong><\/p><p><span style=\"color: #000080;\"><a href=\"http:\/\/jjzkanjiza.edu.rs\/wp-content\/uploads\/2019\/03\/Cvejic-Andjelija-CV.pdf\" target=\"_blank\" style=\"color: #000080;\" rel=\"noopener\"><strong><\/strong><\/a><strong><a href=\"http:\/\/jjzkanjiza.edu.rs\/wp-content\/uploads\/2019\/03\/Cvejic-Andjelija-CV.pdf\" target=\"_blank\" style=\"color: #000080;\" rel=\"noopener\">An\u0111elija<\/a> Cveji\u0107<\/strong><\/span><\/p><p><strong>Bogdan Srbljin<\/strong><\/p>\t\t\t\t\t\t\t\t<\/div>\n\t\t\t\t<\/div>\n\t\t\t\t\t<\/div>\n\t\t<\/div>\n\t\t\t\t<div class=\"elementor-column elementor-col-33 elementor-top-column elementor-element elementor-element-f466866\" data-id=\"f466866\" data-element_type=\"column\" data-e-type=\"column\">\n\t\t\t<div class=\"elementor-widget-wrap elementor-element-populated\">\n\t\t\t\t\t\t<div class=\"elementor-element elementor-element-e0f7cd5 elementor-invisible elementor-widget elementor-widget-text-editor\" data-id=\"e0f7cd5\" data-element_type=\"widget\" data-e-type=\"widget\" data-settings=\"{&quot;_animation&quot;:&quot;fadeIn&quot;}\" data-widget_type=\"text-editor.default\">\n\t\t\t\t<div class=\"elementor-widget-container\">\n\t\t\t\t\t\t\t\t\t<p>2. a<\/p><p>2. b<\/p><p>2. c<\/p><p>2. d<\/p><p>2. e<\/p><p>2. A<\/p><p>2. M<\/p><p>2-3. Ms<\/p><p>1-4. V<\/p>\t\t\t\t\t\t\t\t<\/div>\n\t\t\t\t<\/div>\n\t\t\t\t\t<\/div>\n\t\t<\/div>\n\t\t\t\t<div class=\"elementor-column elementor-col-33 elementor-top-column elementor-element elementor-element-0ce0c03\" data-id=\"0ce0c03\" data-element_type=\"column\" data-e-type=\"column\">\n\t\t\t<div class=\"elementor-widget-wrap elementor-element-populated\">\n\t\t\t\t\t\t<div class=\"elementor-element elementor-element-8b53d2c elementor-invisible elementor-widget elementor-widget-text-editor\" data-id=\"8b53d2c\" data-element_type=\"widget\" data-e-type=\"widget\" data-settings=\"{&quot;_animation&quot;:&quot;fadeInRight&quot;}\" data-widget_type=\"text-editor.default\">\n\t\t\t\t<div class=\"elementor-widget-container\">\n\t\t\t\t\t\t\t\t\t<p><em>\u0410\u0434\u0438 \u0437\u0433\u0440\u0430\u0434\u0430<\/em><\/p><p><em>\u0417\u043c\u0430\u0458 \u0437\u0433\u0440\u0430\u0434\u0430<\/em><\/p><p><em>\u0417\u043c\u0430\u0458 \u0437\u0433\u0440\u0430\u0434\u0430<\/em><em><br \/><\/em><\/p><p><em>\u0410\u0434\u0438 \u0437\u0433\u0440\u0430\u0434\u0430<\/em><em><br \/><\/em><\/p><p><em>\u0410\u0434\u0438 \u0437\u0433\u0440\u0430\u0434\u0430<\/em><\/p><p><em>\u0410\u0434\u043e\u0440\u0458\u0430\u043d<\/em><\/p><p><em>\u041c\u0430\u0440\u0442\u043e\u043d\u043e\u0448<\/em><\/p><p><em>\u041c\u0430\u0440\u0442\u043e\u043d\u043e\u0448<\/em><em><\/em><\/p><p><em>Velebit<\/em><\/p>\t\t\t\t\t\t\t\t<\/div>\n\t\t\t\t<\/div>\n\t\t\t\t\t<\/div>\n\t\t<\/div>\n\t\t\t\t\t<\/div>\n\t\t<\/section>\n\t\t\t\t<section class=\"elementor-section elementor-top-section elementor-element elementor-element-f4ca2e9 elementor-section-boxed elementor-section-height-default elementor-section-height-default\" data-id=\"f4ca2e9\" data-element_type=\"section\" data-e-type=\"section\">\n\t\t\t\t\t\t<div class=\"elementor-container elementor-column-gap-default\">\n\t\t\t\t\t<div class=\"elementor-column elementor-col-100 elementor-top-column elementor-element elementor-element-07c40f0\" data-id=\"07c40f0\" data-element_type=\"column\" data-e-type=\"column\">\n\t\t\t<div class=\"elementor-widget-wrap elementor-element-populated\">\n\t\t\t\t\t\t<div class=\"elementor-element elementor-element-5ffa3f5 elementor-invisible elementor-widget elementor-widget-heading\" data-id=\"5ffa3f5\" data-element_type=\"widget\" data-e-type=\"widget\" data-settings=\"{&quot;_animation&quot;:&quot;fadeInDown&quot;}\" data-widget_type=\"heading.default\">\n\t\t\t\t<div class=\"elementor-widget-container\">\n\t\t\t\t\t<h4 class=\"elementor-heading-title elementor-size-default\">3. \u0440\u0430\u0437\u0440\u0435\u0434<\/h4>\t\t\t\t<\/div>\n\t\t\t\t<\/div>\n\t\t\t\t\t<\/div>\n\t\t<\/div>\n\t\t\t\t\t<\/div>\n\t\t<\/section>\n\t\t\t\t<section class=\"elementor-section elementor-top-section elementor-element elementor-element-2c2dfb8 elementor-section-boxed elementor-section-height-default elementor-section-height-default\" data-id=\"2c2dfb8\" data-element_type=\"section\" data-e-type=\"section\">\n\t\t\t\t\t\t<div class=\"elementor-container elementor-column-gap-default\">\n\t\t\t\t\t<div class=\"elementor-column elementor-col-33 elementor-top-column elementor-element elementor-element-33640e6\" data-id=\"33640e6\" data-element_type=\"column\" data-e-type=\"column\">\n\t\t\t<div class=\"elementor-widget-wrap elementor-element-populated\">\n\t\t\t\t\t\t<div class=\"elementor-element elementor-element-be5ee54 elementor-invisible elementor-widget elementor-widget-text-editor\" data-id=\"be5ee54\" data-element_type=\"widget\" data-e-type=\"widget\" data-settings=\"{&quot;_animation&quot;:&quot;fadeInLeft&quot;}\" data-widget_type=\"text-editor.default\">\n\t\t\t\t<div class=\"elementor-widget-container\">\n\t\t\t\t\t\t\t\t\t<p><strong>Ana Dvornicki<\/strong><\/p><p><span style=\"color: #000080;\"><a href=\"http:\/\/jjzkanjiza.edu.rs\/wp-content\/uploads\/2019\/03\/Huszta-Erzsebet-CV.pdf\" target=\"_blank\" style=\"color: #000080;\" rel=\"noopener\"><strong>\u0415\u0440\u0436\u0435\u0431\u0435\u0442 \u0425\u0443\u0441\u0442\u0430<\/strong><\/a><\/span><\/p><p><span style=\"color: #000080;\"><strong>\u0418\u0431\u043e\u0459\u0430 \u0424\u0430\u0440\u0430\u0433\u043e<\/strong><\/span><\/p><p><strong>F\u00e1bi\u00e1n Horv\u00e1t Ildik\u00f3<\/strong><\/p><p><strong>Adrien \u0160atai Molnar<\/strong><\/p><p><strong>\u0160ara Fize\u0161i<\/strong><\/p><p><span style=\"color: #000080;\"><a href=\"http:\/\/jjzkanjiza.edu.rs\/wp-content\/uploads\/2019\/03\/Huszta-Laszlo-Anna-CV.pdf\" target=\"_blank\" style=\"color: #000080;\" rel=\"noopener\"><strong>\u0410\u043d\u0430 \u0425\u0443\u0441\u0442\u0430 \u041b\u0430\u0441\u043b\u043e<\/strong><\/a><\/span><\/p><p><strong>An\u0111elija Cveji\u0107<\/strong><\/p><p><strong>Bogdan Srbljin<\/strong><\/p>\t\t\t\t\t\t\t\t<\/div>\n\t\t\t\t<\/div>\n\t\t\t\t\t<\/div>\n\t\t<\/div>\n\t\t\t\t<div class=\"elementor-column elementor-col-33 elementor-top-column elementor-element elementor-element-b2a2927\" data-id=\"b2a2927\" data-element_type=\"column\" data-e-type=\"column\">\n\t\t\t<div class=\"elementor-widget-wrap elementor-element-populated\">\n\t\t\t\t\t\t<div class=\"elementor-element elementor-element-1c6e582 elementor-invisible elementor-widget elementor-widget-text-editor\" data-id=\"1c6e582\" data-element_type=\"widget\" data-e-type=\"widget\" data-settings=\"{&quot;_animation&quot;:&quot;fadeIn&quot;}\" data-widget_type=\"text-editor.default\">\n\t\t\t\t<div class=\"elementor-widget-container\">\n\t\t\t\t\t\t\t\t\t<p>3. a<\/p><p>3. b<\/p><p>3. c<\/p><p>3. d<\/p><p>3. e<\/p><p>3. A<\/p><p>3. M<\/p><p>2-3. Ms<\/p><p>1-4. V<\/p>\t\t\t\t\t\t\t\t<\/div>\n\t\t\t\t<\/div>\n\t\t\t\t\t<\/div>\n\t\t<\/div>\n\t\t\t\t<div class=\"elementor-column elementor-col-33 elementor-top-column elementor-element elementor-element-0df08f4\" data-id=\"0df08f4\" data-element_type=\"column\" data-e-type=\"column\">\n\t\t\t<div class=\"elementor-widget-wrap elementor-element-populated\">\n\t\t\t\t\t\t<div class=\"elementor-element elementor-element-c2671fa elementor-invisible elementor-widget elementor-widget-text-editor\" data-id=\"c2671fa\" data-element_type=\"widget\" data-e-type=\"widget\" data-settings=\"{&quot;_animation&quot;:&quot;fadeInRight&quot;}\" data-widget_type=\"text-editor.default\">\n\t\t\t\t<div class=\"elementor-widget-container\">\n\t\t\t\t\t\t\t\t\t<p><em>\u0410\u0434\u0438 \u0437\u0433\u0440\u0430\u0434\u0430<\/em><\/p><p><em>\u0417\u043c\u0430\u0458 \u0437\u0433\u0440\u0430\u0434\u0430<\/em><\/p><p><em>\u0417\u043c\u0430\u0458 \u0437\u0433\u0440\u0430\u0434\u0430<\/em><\/p><p><em>\u0410\u0434\u0438 \u0437\u0433\u0440\u0430\u0434\u0430<\/em><em><br \/><\/em><\/p><p><em>\u0410\u0434\u0438 \u0437\u0433\u0440\u0430\u0434\u0430<\/em><em><\/em><\/p><p><em>\u0410\u0434\u043e\u0440\u0458\u0430\u043d<\/em><\/p><p><em>\u041c\u0430\u0440\u0442\u043e\u043d\u043e\u0448<\/em><\/p><p><em>\u041c\u0430\u0440\u0442\u043e\u043d\u043e\u0448<\/em><\/p><p><em>Velebit<\/em><\/p>\t\t\t\t\t\t\t\t<\/div>\n\t\t\t\t<\/div>\n\t\t\t\t\t<\/div>\n\t\t<\/div>\n\t\t\t\t\t<\/div>\n\t\t<\/section>\n\t\t\t\t<section class=\"elementor-section elementor-top-section elementor-element elementor-element-517878f elementor-section-boxed elementor-section-height-default elementor-section-height-default\" data-id=\"517878f\" data-element_type=\"section\" data-e-type=\"section\">\n\t\t\t\t\t\t<div class=\"elementor-container elementor-column-gap-default\">\n\t\t\t\t\t<div class=\"elementor-column elementor-col-100 elementor-top-column elementor-element elementor-element-8c6bc65\" data-id=\"8c6bc65\" data-element_type=\"column\" data-e-type=\"column\">\n\t\t\t<div class=\"elementor-widget-wrap elementor-element-populated\">\n\t\t\t\t\t\t<div class=\"elementor-element elementor-element-f17030d elementor-invisible elementor-widget elementor-widget-heading\" data-id=\"f17030d\" data-element_type=\"widget\" data-e-type=\"widget\" data-settings=\"{&quot;_animation&quot;:&quot;fadeInDown&quot;}\" data-widget_type=\"heading.default\">\n\t\t\t\t<div class=\"elementor-widget-container\">\n\t\t\t\t\t<h4 class=\"elementor-heading-title elementor-size-default\">4. \u0440\u0430\u0437\u0440\u0435\u0434<\/h4>\t\t\t\t<\/div>\n\t\t\t\t<\/div>\n\t\t\t\t\t<\/div>\n\t\t<\/div>\n\t\t\t\t\t<\/div>\n\t\t<\/section>\n\t\t\t\t<section class=\"elementor-section elementor-top-section elementor-element elementor-element-df63402 elementor-section-boxed elementor-section-height-default elementor-section-height-default\" data-id=\"df63402\" data-element_type=\"section\" data-e-type=\"section\">\n\t\t\t\t\t\t<div class=\"elementor-container elementor-column-gap-default\">\n\t\t\t\t\t<div class=\"elementor-column elementor-col-33 elementor-top-column elementor-element elementor-element-606502f\" data-id=\"606502f\" data-element_type=\"column\" data-e-type=\"column\">\n\t\t\t<div class=\"elementor-widget-wrap elementor-element-populated\">\n\t\t\t\t\t\t<div class=\"elementor-element elementor-element-4e2549e elementor-invisible elementor-widget elementor-widget-text-editor\" data-id=\"4e2549e\" data-element_type=\"widget\" data-e-type=\"widget\" data-settings=\"{&quot;_animation&quot;:&quot;fadeInLeft&quot;}\" data-widget_type=\"text-editor.default\">\n\t\t\t\t<div class=\"elementor-widget-container\">\n\t\t\t\t\t\t\t\t\t<p><strong>\u041c\u0430\u0440\u0438\u0458\u0430 \u0411\u043e\u0442\u0438\u045b<\/strong><\/p><p><strong>\u0412\u0430\u043b\u0435\u0440\u0438\u0458\u0430 \u041c\u0430\u0458\u043e\u0440<\/strong><\/p><p><a href=\"http:\/\/jjzkanjiza.edu.rs\/wp-content\/uploads\/2019\/03\/BiszakIldikoCV-CV.pdf\"><strong>\u0418\u043b\u0434\u0438\u043a\u043e \u0411\u0438\u0441\u0430\u043a<\/strong><\/a><\/p><p><a href=\"http:\/\/jjzkanjiza.edu.rs\/wp-content\/uploads\/2019\/03\/Danyi-Zsuzsanna-CV.pdf\"><strong>\u0416\u0443\u0436\u0430\u043d\u0430 \u0414\u0430\u045a\u0438<\/strong><\/a><\/p><p><strong>\u041c\u0430\u0440\u0442\u0430 \u0408\u0443\u0445\u0430\u0441<\/strong><\/p><p><strong>\u0415\u0432\u0430 \u041e\u043b\u0430\u0445<\/strong><\/p><p><a href=\"http:\/\/jjzkanjiza.edu.rs\/wp-content\/uploads\/2019\/03\/Demus-Agnes-CV.pdf\"><strong>\u0410\u0433\u043d\u0435\u0448 \u0414\u0435\u043c\u0443\u0448<\/strong><\/a><\/p><p>Bicskei Szuzanna<\/p><p>Bogdan Srbljin<\/p>\t\t\t\t\t\t\t\t<\/div>\n\t\t\t\t<\/div>\n\t\t\t\t\t<\/div>\n\t\t<\/div>\n\t\t\t\t<div class=\"elementor-column elementor-col-33 elementor-top-column elementor-element elementor-element-7435f8b\" data-id=\"7435f8b\" data-element_type=\"column\" data-e-type=\"column\">\n\t\t\t<div class=\"elementor-widget-wrap elementor-element-populated\">\n\t\t\t\t\t\t<div class=\"elementor-element elementor-element-f0abf39 elementor-invisible elementor-widget elementor-widget-text-editor\" data-id=\"f0abf39\" data-element_type=\"widget\" data-e-type=\"widget\" data-settings=\"{&quot;_animation&quot;:&quot;fadeIn&quot;}\" data-widget_type=\"text-editor.default\">\n\t\t\t\t<div class=\"elementor-widget-container\">\n\t\t\t\t\t\t\t\t\t<p>4. a<\/p><p>4. b<\/p><p>4. c<\/p><p>4. d<\/p><p>4. e<\/p><p>4. A<\/p><p>4. M<\/p><p>4. Ms<\/p><p>1-4. V<\/p>\t\t\t\t\t\t\t\t<\/div>\n\t\t\t\t<\/div>\n\t\t\t\t\t<\/div>\n\t\t<\/div>\n\t\t\t\t<div class=\"elementor-column elementor-col-33 elementor-top-column elementor-element elementor-element-e25098c\" data-id=\"e25098c\" data-element_type=\"column\" data-e-type=\"column\">\n\t\t\t<div class=\"elementor-widget-wrap elementor-element-populated\">\n\t\t\t\t\t\t<div class=\"elementor-element elementor-element-0dc4383 elementor-invisible elementor-widget elementor-widget-text-editor\" data-id=\"0dc4383\" data-element_type=\"widget\" data-e-type=\"widget\" data-settings=\"{&quot;_animation&quot;:&quot;fadeInRight&quot;}\" data-widget_type=\"text-editor.default\">\n\t\t\t\t<div class=\"elementor-widget-container\">\n\t\t\t\t\t\t\t\t\t<p><em>\u0410\u0434\u0438 \u0437\u0433\u0440\u0430\u0434\u0430<\/em><\/p><p><em>\u0417\u043c\u0430\u0458 \u0437\u0433\u0440\u0430\u0434\u0430<\/em><\/p><p><em>\u0417\u043c\u0430\u0458 \u0437\u0433\u0440\u0430\u0434\u0430<\/em><\/p><p><em>\u0410\u0434\u0438 \u0437\u0433\u0440\u0430\u0434\u0430<\/em><em><br \/><\/em><\/p><p><em>\u0410\u0434\u0438 \u0437\u0433\u0440\u0430\u0434\u0430<\/em><em><\/em><\/p><p><em>\u0410\u0434\u043e\u0440\u0458\u0430\u043d<\/em><\/p><p><em>\u041c\u0430\u0440\u0442\u043e\u043d\u043e\u0448<\/em><\/p><p><em>\u041c\u0430\u0440\u0442\u043e\u043d\u043e\u0448<\/em><\/p><p><em>Velebit<\/em><\/p>\t\t\t\t\t\t\t\t<\/div>\n\t\t\t\t<\/div>\n\t\t\t\t\t<\/div>\n\t\t<\/div>\n\t\t\t\t\t<\/div>\n\t\t<\/section>\n\t\t\t\t<\/div>","protected":false},"excerpt":{"rendered":"<p>1. oszt\u00e1ly \u0160omo\u0111varac Tijana Cseszk\u00f3 K\u00f6rm\u00f6ci Erika M\u00e9sz\u00e1ros Val\u00e9ria Domonkos Izabella S\u00e1ndor \u00c9va Apr\u00f3 Marija Bogdan Srbljin 1. a 1. b 1. d 1. e 1. A 1. M 1-4. V Ady \u00e9p\u00fclet Zmaj \u00e9p\u00fclet Ady \u00e9p\u00fclet Ady \u00e9p\u00fclet Adorj\u00e1n Martonos Velebit 2. oszt\u00e1ly Jasmina Vojni\u0107 Pur\u010dar Barta T\u00edmea Farkas<a class=\"moretag\" href=\"https:\/\/jjzkanjiza.edu.rs\/sr\/osztalytanitok\/\"> Read more<\/a><\/p>","protected":false},"author":1,"featured_media":0,"parent":0,"menu_order":0,"comment_status":"closed","ping_status":"closed","template":"","meta":{"_themeisle_gutenberg_block_has_review":false,"footnotes":"","_links_to":"","_links_to_target":""},"class_list":["post-23","page","type-page","status-publish","hentry"],"_links":{"self":[{"href":"https:\/\/jjzkanjiza.edu.rs\/sr\/wp-json\/wp\/v2\/pages\/23","targetHints":{"allow":["GET"]}}],"collection":[{"href":"https:\/\/jjzkanjiza.edu.rs\/sr\/wp-json\/wp\/v2\/pages"}],"about":[{"href":"https:\/\/jjzkanjiza.edu.rs\/sr\/wp-json\/wp\/v2\/types\/page"}],"author":[{"embeddable":true,"href":"https:\/\/jjzkanjiza.edu.rs\/sr\/wp-json\/wp\/v2\/users\/1"}],"replies":[{"embeddable":true,"href":"https:\/\/jjzkanjiza.edu.rs\/sr\/wp-json\/wp\/v2\/comments?post=23"}],"version-history":[{"count":89,"href":"https:\/\/jjzkanjiza.edu.rs\/sr\/wp-json\/wp\/v2\/pages\/23\/revisions"}],"predecessor-version":[{"id":3710,"href":"https:\/\/jjzkanjiza.edu.rs\/sr\/wp-json\/wp\/v2\/pages\/23\/revisions\/3710"}],"wp:attachment":[{"href":"https:\/\/jjzkanjiza.edu.rs\/sr\/wp-json\/wp\/v2\/media?parent=23"}],"curies":[{"name":"wp","href":"https:\/\/api.w.org\/{rel}","templated":true}]}}