{"id":2299,"date":"2021-09-27T15:21:28","date_gmt":"2021-09-27T15:21:28","guid":{"rendered":"http:\/\/jjzkanjiza.edu.rs\/?page_id=2299"},"modified":"2023-02-28T11:59:17","modified_gmt":"2023-02-28T11:59:17","slug":"torvenyek-es-szabalyzatok","status":"publish","type":"page","link":"https:\/\/jjzkanjiza.edu.rs\/sr\/torvenyek-es-szabalyzatok\/","title":{"rendered":"\u0417\u0430\u043a\u043e\u043d\u0438 \u0438 \u043f\u0440\u0430\u0432\u0438\u043b\u043d\u0438\u0446\u0438"},"content":{"rendered":"<div data-elementor-type=\"wp-page\" data-elementor-id=\"2299\" class=\"elementor elementor-2299\">\n\t\t\t\t\t\t<section class=\"elementor-section elementor-top-section elementor-element elementor-element-1db36d2c elementor-section-boxed elementor-section-height-default elementor-section-height-default\" data-id=\"1db36d2c\" data-element_type=\"section\" data-e-type=\"section\">\n\t\t\t\t\t\t<div class=\"elementor-container elementor-column-gap-default\">\n\t\t\t\t\t<div class=\"elementor-column elementor-col-100 elementor-top-column elementor-element elementor-element-15a288c0\" data-id=\"15a288c0\" data-element_type=\"column\" data-e-type=\"column\">\n\t\t\t<div class=\"elementor-widget-wrap elementor-element-populated\">\n\t\t\t\t\t\t<div class=\"elementor-element elementor-element-106d194 elementor-invisible elementor-widget elementor-widget-text-editor\" data-id=\"106d194\" data-element_type=\"widget\" data-e-type=\"widget\" data-settings=\"{&quot;_animation&quot;:&quot;fadeInDown&quot;}\" data-widget_type=\"text-editor.default\">\n\t\t\t\t<div class=\"elementor-widget-container\">\n\t\t\t\t\t\t\t\t\t<p><span style=\"color: #000000;\"><a href=\"https:\/\/jjzkanjiza.edu.rs\/wp-content\/uploads\/2023\/02\/preciscen-tekst-statuta.docx\" style=\"color: #000000;\">\u041f\u0440\u0435\u0447\u0438\u0448\u045b\u0435\u043d \u0442\u0435\u043a\u0441\u0442 \u0441\u0442\u0430\u0442\u0443\u0442\u0430<\/a><\/span><\/p>\n<p><span style=\"color: #000000;\"><a href=\"https:\/\/jjzkanjiza.edu.rs\/wp-content\/uploads\/2023\/02\/ZAVRSNI-RACUN-2022.pdf\" style=\"color: #000000;\">\u0417\u0430\u0432\u0440\u0438\u0448\u043d\u0438 \u0440\u0430\u0447\u0443\u043d 2022<\/a><\/span><\/p>\n<p><span style=\"color: #000000;\"><a href=\"https:\/\/jjzkanjiza.edu.rs\/wp-content\/uploads\/2023\/02\/FINANSIJSKI-PLAN-2023.pdf\" style=\"color: #000000;\">\u0424\u0438\u043d\u0430\u043d\u0441\u0438\u0458\u0441\u043a\u0438 \u043f\u043b\u0430\u043d \u0438\u043d\u0434\u0438\u0440\u0435\u043a\u0442\u043d\u043e\u0433 \u043a\u043e\u0440\u0438\u0441\u043d\u0438\u043a\u0430 \u0437\u0430 2023. \u0433\u043e\u0434\u0438\u043d\u0443<\/a><\/span><\/p>\n<p><span style=\"color: #000000;\"><a href=\"https:\/\/jjzkanjiza.edu.rs\/wp-content\/uploads\/2022\/04\/sistematizacija20.pdf\" style=\"color: #000000;\">Pravilnik o organizaciji i sistematizaciji poslova u osnovnoj \u0161koli &#8222;Jovan Jovanovi\u0107 Zmaj&#8221; iz Kanji\u017ea<\/a><\/span><\/p>\n<p><span style=\"color: #000000;\"><a href=\"http:\/\/jjzkanjiza.edu.rs\/wp-content\/uploads\/2022\/03\/Zakon-o-osnovama-sistema-obrazovanja-i-vaspitanja.pdf\" target=\"_blank\" style=\"color: #000000;\" rel=\"noopener\">\u0417\u0430\u043a\u043e\u043d \u043e \u043e\u0441\u043d\u043e\u0432\u0430\u043c\u0430 \u0441\u0438\u0441\u0442\u0435\u043c\u0430 \u043e\u0431\u0440\u0430\u0437\u043e\u0432\u0430\u045a\u0430 \u0438 \u0432\u0430\u0441\u043f\u0438\u0442\u0430\u045a\u0430<\/a><\/span><\/p>\n<p><span style=\"color: #000000;\"><a href=\"http:\/\/jjzkanjiza.edu.rs\/wp-content\/uploads\/2021\/09\/Zakon-o-osnovnom-obrazovanju-i-vaspitanju.pdf\" target=\"_blank\" style=\"color: #000000;\" rel=\"noopener\">\u0417\u0430\u043a\u043e\u043d \u043e \u043e\u0441\u043d\u043e\u0432\u043d\u043e\u043c \u043e\u0431\u0440\u0430\u0437\u043e\u0432\u0430\u045a\u0443 \u0438 \u0432\u0430\u0441\u043f\u0438\u0442\u0430\u045a\u0443<\/a><\/span><\/p>\n<p><span style=\"color: #003366;\"><a href=\"https:\/\/jjzkanjiza.edu.rs\/wp-content\/uploads\/2022\/02\/CamScanner-02-03-2022-07.42.pdf\" style=\"color: #003366;\">\u041f\u0440\u0430\u0432\u0438\u043b\u043d\u0438\u043a \u043e \u043f\u043e\u0441\u0442\u0443\u043f\u043a\u0443 \u0438\u0437\u0440\u0430\u0434\u0435 \u0444\u0438\u043d\u0430\u043d\u0441\u0438\u0458\u0441\u043a\u043e\u0433 \u043f\u043b\u0430\u043d\u0430 \u0438 \u043e\u0441\u043d\u043e\u0432\u0435 \u043e\u0434\u0440\u0435\u0434\u045b\u0435<\/a><\/span><\/p>\n<p><span style=\"color: #003366;\"><a href=\"https:\/\/jjzkanjiza.edu.rs\/wp-content\/uploads\/2022\/02\/CamScanner-02-03-2022-07.40.pdf\" style=\"color: #003366;\">\u041f\u0440\u0430\u0432\u0438\u043b\u043d\u0438\u043a \u043e \u0443\u043f\u043e\u0442\u0440\u0435\u045b\u0438 \u043f\u0435\u0447\u0430\u0442\u0430 \u0438 \u0448\u0442\u0430\u043c\u0431\u0438\u0459\u0430<\/a><\/span><\/p>\n<p><span style=\"color: #003366;\"><a href=\"https:\/\/jjzkanjiza.edu.rs\/wp-content\/uploads\/2022\/02\/CamScanner-02-03-2022-07.36.pdf\" style=\"color: #003366;\">\u041f\u0440\u0430\u0432\u0438\u043b\u043d\u0438\u043a \u043e \u043d\u0430\u0447\u0438\u043d\u0443 \u0435\u0432\u0438\u0434\u0435\u043d\u0442\u0438\u0440\u0430\u045a\u0435, \u043a\u043b\u0430\u0441\u0438\u0444\u0438\u043a\u043e\u0432\u0430\u045a\u0435, \u0430\u0440\u0445\u0438\u0432\u0438\u0440\u0430\u045a\u0430 \u0438 \u0447\u0443\u0432\u0430\u045a\u0430 \u0430\u0440\u0445\u0438\u0432\u0441\u043a\u0435 \u0433\u0440\u0430\u0452\u0435 \u0438 \u0434\u043e\u043a\u0443\u043c\u0435\u043d\u0442\u0430\u0440\u043d\u043e\u0433 \u043c\u0430\u0442\u0435\u0440\u0438\u0458\u0430\u043b\u0430\u00a0<\/a><\/span><\/p>\n<p><span style=\"color: #003366;\"><a href=\"https:\/\/jjzkanjiza.edu.rs\/wp-content\/uploads\/2022\/02\/CamScanner-02-03-2022-07.32.pdf\" style=\"color: #003366;\">\u041f\u0440\u0430\u0432\u0438\u043b\u043d\u0438\u043a \u043e \u0432\u0430\u0441\u043f\u0438\u0442\u043d\u043e-\u0434\u0438\u0441\u0446\u0438\u043f\u043b\u0438\u043d\u0441\u043a\u043e\u0458 \u043e\u0434\u0433\u043e\u0432\u043e\u0440\u043d\u043e\u0441\u0442\u0438 \u0443\u0447\u0435\u043d\u0438\u043a\u0430<\/a><\/span><\/p>\n<p><span style=\"color: #003366;\"><a href=\"https:\/\/jjzkanjiza.edu.rs\/wp-content\/uploads\/2022\/02\/CamScanner-02-03-2022-07.27.pdf\" style=\"color: #003366;\">\u041f\u0440\u0430\u0432\u0438\u043b\u043d\u0438\u043a \u043e \u043e\u0440\u0433\u0430\u043d\u0438\u0437\u0430\u0446\u0438\u0458\u0438 \u0438 \u0441\u043f\u0440\u043e\u0432\u043e\u045f\u0435\u045a\u0443 \u043f\u043e\u043f\u0438\u0441\u0430 \u0438\u043c\u043e\u0432\u0438\u043d\u0435 \u0438 \u043e\u0431\u0430\u0432\u0435\u0437\u0430 \u0438 \u0443\u0441\u043a\u043b\u0430\u045f\u0438\u0432\u0430\u045a\u0443 \u043a\u045a\u0438\u0433\u043e\u0432\u043e\u0434\u0441\u0442\u0432\u0435\u043d\u043e\u0433 \u0441\u0442\u0430\u045a\u0430 \u0441\u0430 \u0441\u0442\u0432\u0430\u0440\u043d\u0438\u043c \u0441\u0442\u0430\u045a\u0435\u043c<\/a><\/span><\/p>\n<p><span style=\"color: #003366;\"><a href=\"https:\/\/jjzkanjiza.edu.rs\/wp-content\/uploads\/2022\/02\/CamScanner-02-03-2022-07.24.pdf\" style=\"color: #003366;\">\u041f\u0440\u0430\u0432\u0438\u043b\u043d\u0438\u043a \u043e \u0434\u0438\u0441\u0446\u0438\u043f\u043b\u0438\u043d\u0441\u043a\u043e\u0458 \u0438 \u043c\u0430\u0442\u0435\u0440\u0438\u0458\u0430\u043b\u043d\u043e\u0458 \u043e\u0434\u0433\u043e\u0432\u043e\u0440\u043d\u043e\u0441\u0442\u0438 \u0437\u0430\u043f\u043e\u0441\u043b\u0435\u043d\u0438\u0445<\/a><\/span><\/p>\n<p><span style=\"color: #003366;\"><a href=\"https:\/\/jjzkanjiza.edu.rs\/wp-content\/uploads\/2022\/02\/CamScanner-02-03-2022-07.19.pdf\" style=\"color: #003366;\">\u041f\u0440\u0430\u0432\u0438\u043b\u043d\u0438\u043a \u043e \u0438\u043d\u0442\u0435\u0440\u043d\u043e\u043c \u0441\u0442\u0440\u0443\u0447\u043d\u043e\u043c \u0443\u0441\u0430\u0432\u0440\u0448\u0430\u0432\u0430\u045a\u0443 \u0438 \u0441\u0442\u0438\u0446\u0430\u045a\u0443 \u0437\u0432\u0430\u045a\u0430 \u043d\u0430\u0441\u0442\u0430\u0432\u043d\u0438\u043a\u0430 \u0438 \u0441\u0442\u0440\u0443\u0447\u043d\u0438\u0445 \u0441\u0430\u0440\u0430\u0434\u043d\u0438\u043a\u0430<\/a><\/span><\/p>\n<p><span style=\"color: #003366;\"><a href=\"https:\/\/jjzkanjiza.edu.rs\/wp-content\/uploads\/2022\/02\/CamScanner-02-03-2022-07.14.pdf\" style=\"color: #003366;\">\u041f\u0440\u0430\u0432\u0438\u043b\u0430 \u043f\u043e\u043d\u0430\u0448\u0430\u045a\u0430 \u0443 \u0448\u043a\u043e\u043b\u0438<\/a><\/span><\/p>\n<p><span style=\"color: #003366;\"><a href=\"https:\/\/jjzkanjiza.edu.rs\/wp-content\/uploads\/2022\/02\/CamScanner-02-03-2022-07.12.pdf\" style=\"color: #003366;\">\u041f\u0440\u0430\u0432\u0438\u043b\u043d\u0438\u043a \u043e \u043d\u0430\u043a\u043d\u0430\u0434\u0438 \u043f\u0443\u0442\u043d\u0438\u0445 \u0442\u0440\u043e\u0448\u043a\u043e\u0432\u0430 \u0437\u0430\u043f\u043e\u0441\u043b\u0435\u043d\u0438<\/a><\/span><\/p>\n<p><span style=\"color: #003366;\"><a href=\"https:\/\/jjzkanjiza.edu.rs\/wp-content\/uploads\/2022\/02\/CamScanner-02-02-2022-08.19-1.pdf\" style=\"color: #003366;\">\u041f\u0440\u0430\u0432\u0438\u043b\u043d\u0438\u043a \u043e \u043c\u0435\u0440\u0430\u043c\u0430, \u043d\u0430\u0447\u0438\u043d\u0443 \u0438 \u043f\u043e\u0441\u0442\u0443\u043f\u043a\u0443 \u0437\u0430\u0448\u0442\u0438\u0442\u0435 \u0438 \u0431\u0435\u0437\u0431\u0435\u0434\u043d\u043e\u0441\u0442\u0438 \u0443\u0447\u0435\u043d\u0438\u043a\u0430 \u0437\u0430 \u0432\u0440\u0435\u043c\u0435 \u0431\u043e\u0440\u0430\u0432\u043a\u0430 \u0443 \u0448\u043a\u043e\u043b\u0438 \u0438 \u0441\u0432\u0438\u0445 \u0430\u043a\u0442\u0438\u0432\u043d\u043e\u0441\u0442\u0438 \u043a\u043e\u0458\u0435 \u043e\u0440\u0433\u0430\u043d\u0438\u0437\u0443\u0458\u0435 \u0448\u043a\u043e\u043b\u0430<\/a><\/span><\/p>\n<p><\/p>\n<p><span style=\"color: #003366;\"><a href=\"http:\/\/jjzkanjiza.edu.rs\/wp-content\/uploads\/2021\/11\/Pravilnik-o-blizem-uredivanju-postupka-javnih-nabavki-1.pdf\" style=\"color: #003366;\">\u041f\u0440\u0430\u0432\u0438\u043b\u043d\u0438\u043a \u043e \u0431\u043b\u0438\u0436\u0435\u043c \u0443\u0440\u0435\u0452\u0438\u0432\u0430\u045a\u0443 \u043f\u043e\u0441\u0442\u0443\u043f\u043a\u0430 \u0458\u0430\u0432\u043d\u0438\u0445\u00a0 \u043d\u0430\u0431\u0430\u0432\u043a\u0438, \u043d\u0430\u0431\u0430\u0432\u043a\u0438 \u043d\u0430 \u043a\u043e\u0458\u0435 \u0441\u0435 \u0437\u0430\u043a\u043e\u043d \u043d\u0435 \u043f\u0440\u0438\u043c\u0435\u045a\u0443\u0458\u0435 \u0438 \u043d\u0430\u0431\u0430\u0432\u043a\u0438 \u0434\u0440\u0443\u0448\u0442\u0432\u0435\u043d\u0438\u0445 \u0438 \u0434\u0440\u0443\u0433\u0438\u0445 \u0443\u0441\u043b\u0443\u0433\u0430<\/a><\/span><\/p>\n<p><span style=\"color: #003366;\"><a href=\"http:\/\/jjzkanjiza.edu.rs\/wp-content\/uploads\/2021\/12\/Konkurs.pdf\" target=\"_blank\" rel=\"noopener\" style=\"color: #003366;\">\u041a\u043e\u043d\u043a\u0443\u0440\u0441 \u0437\u0430 \u043f\u0440\u0438\u0458\u0435\u043c \u0443 \u0440\u0430\u0434\u043d\u0438 \u043e\u0434\u043d\u043e\u0441<\/a><\/span><\/p>\n<p><span style=\"color: #003366;\"><a href=\"https:\/\/jjzkanjiza.edu.rs\/wp-content\/uploads\/2022\/02\/CamScanner-02-02-2022-08.19.pdf\" style=\"color: #003366;\">\u041f\u0440\u0430\u0432\u0438\u043b\u043d\u0438\u043a \u043e \u043c\u0435\u0440\u0430\u043c\u0430, \u043d\u0430\u0447\u0438\u043d\u0438 \u0438 \u043f\u043e\u0441\u0442\u0443\u043f\u043a\u0443 \u0437\u0430\u0448\u0442\u0438\u0442\u0435 \u0438 \u0431\u0435\u0437\u0431\u0435\u0434\u043d\u043e\u0441\u0442\u0438 \u0443\u0447\u0435\u043d\u0438\u043a\u0430<\/a><\/span><\/p>\n<p><\/p>\t\t\t\t\t\t\t\t<\/div>\n\t\t\t\t<\/div>\n\t\t\t\t<div class=\"elementor-element elementor-element-751935d elementor-widget elementor-widget-text-editor\" data-id=\"751935d\" data-element_type=\"widget\" data-e-type=\"widget\" data-widget_type=\"text-editor.default\">\n\t\t\t\t<div class=\"elementor-widget-container\">\n\t\t\t\t\t\t\t\t\t<p><\/p>\n<div class=\"wp-block-themeisle-blocks-advanced-columns has-undefined-columns has-desktop-undefined-layout has-tablet-equal-layout has-mobile-equal-layout has-default-gap has-vertical-unset\" id=\"wp-block-themeisle-blocks-advanced-columns-4d35e851\">\n<div class=\"innerblocks-wrap\"><\/div>\n<\/div>\n<p><\/p>\t\t\t\t\t\t\t\t<\/div>\n\t\t\t\t<\/div>\n\t\t\t\t\t<\/div>\n\t\t<\/div>\n\t\t\t\t\t<\/div>\n\t\t<\/section>\n\t\t\t\t<\/div>","protected":false},"excerpt":{"rendered":"<p>\u041f\u0440\u0435\u0447\u0438\u0448\u045b\u0435\u043d \u0442\u0435\u043a\u0441\u0442 \u0441\u0442\u0430\u0442\u0443\u0442\u0430 \u0417\u0430\u0432\u0440\u0438\u0448\u043d\u0438 \u0440\u0430\u0447\u0443\u043d 2022 \u0424\u0438\u043d\u0430\u043d\u0441\u0438\u0458\u0441\u043a\u0438 \u043f\u043b\u0430\u043d \u0438\u043d\u0434\u0438\u0440\u0435\u043a\u0442\u043d\u043e\u0433 \u043a\u043e\u0440\u0438\u0441\u043d\u0438\u043a\u0430 \u0437\u0430 2023. \u0433\u043e\u0434\u0438\u043d\u0443 Pravilnik o organizaciji i sistematizaciji poslova u osnovnoj \u0161koli &#8222;Jovan Jovanovi\u0107 Zmaj&#8221; iz Kanji\u017ea Zakon o osnovama sistema obrazovanja i vaspitanja Zakon o osnovnom obrazovanju i vaspitanju \u041f\u0440\u0430\u0432\u0438\u043b\u043d\u0438\u043a \u043e \u043f\u043e\u0441\u0442\u0443\u043f\u043a\u0443 \u0438\u0437\u0440\u0430\u0434\u0435 \u0444\u0438\u043d\u0430\u043d\u0441\u0438\u0458\u0441\u043a\u043e\u0433 \u043f\u043b\u0430\u043d\u0430 \u0438 \u043e\u0441\u043d\u043e\u0432\u0435 \u043e\u0434\u0440\u0435\u0434\u045b\u0435 \u041f\u0440\u0430\u0432\u0438\u043b\u043d\u0438\u043a<a class=\"moretag\" href=\"https:\/\/jjzkanjiza.edu.rs\/sr\/torvenyek-es-szabalyzatok\/\"> Read more<\/a><\/p>","protected":false},"author":1,"featured_media":0,"parent":0,"menu_order":0,"comment_status":"closed","ping_status":"closed","template":"","meta":{"_themeisle_gutenberg_block_has_review":false,"footnotes":"","_links_to":"","_links_to_target":""},"class_list":["post-2299","page","type-page","status-publish","hentry"],"_links":{"self":[{"href":"https:\/\/jjzkanjiza.edu.rs\/sr\/wp-json\/wp\/v2\/pages\/2299","targetHints":{"allow":["GET"]}}],"collection":[{"href":"https:\/\/jjzkanjiza.edu.rs\/sr\/wp-json\/wp\/v2\/pages"}],"about":[{"href":"https:\/\/jjzkanjiza.edu.rs\/sr\/wp-json\/wp\/v2\/types\/page"}],"author":[{"embeddable":true,"href":"https:\/\/jjzkanjiza.edu.rs\/sr\/wp-json\/wp\/v2\/users\/1"}],"replies":[{"embeddable":true,"href":"https:\/\/jjzkanjiza.edu.rs\/sr\/wp-json\/wp\/v2\/comments?post=2299"}],"version-history":[{"count":154,"href":"https:\/\/jjzkanjiza.edu.rs\/sr\/wp-json\/wp\/v2\/pages\/2299\/revisions"}],"predecessor-version":[{"id":3035,"href":"https:\/\/jjzkanjiza.edu.rs\/sr\/wp-json\/wp\/v2\/pages\/2299\/revisions\/3035"}],"wp:attachment":[{"href":"https:\/\/jjzkanjiza.edu.rs\/sr\/wp-json\/wp\/v2\/media?parent=2299"}],"curies":[{"name":"wp","href":"https:\/\/api.w.org\/{rel}","templated":true}]}}