{"id":19,"date":"2018-12-03T07:17:50","date_gmt":"2018-12-03T07:17:50","guid":{"rendered":"http:\/\/localhost\/?page_id=19"},"modified":"2025-10-10T09:44:37","modified_gmt":"2025-10-10T09:44:37","slug":"vezetoseg","status":"publish","type":"page","link":"https:\/\/jjzkanjiza.edu.rs\/sr\/vezetoseg\/","title":{"rendered":"\u0423\u043f\u0440\u0430\u0432\u0430 \u0448\u043a\u043e\u043b\u0435"},"content":{"rendered":"<div data-elementor-type=\"wp-post\" data-elementor-id=\"19\" class=\"elementor elementor-19\">\n\t\t\t\t\t\t<section class=\"elementor-section elementor-top-section elementor-element elementor-element-fae449c elementor-section-boxed elementor-section-height-default elementor-section-height-default\" data-id=\"fae449c\" data-element_type=\"section\" data-e-type=\"section\">\n\t\t\t\t\t\t<div class=\"elementor-container elementor-column-gap-default\">\n\t\t\t\t\t<div class=\"elementor-column elementor-col-33 elementor-top-column elementor-element elementor-element-ef35d93\" data-id=\"ef35d93\" data-element_type=\"column\" data-e-type=\"column\">\n\t\t\t<div class=\"elementor-widget-wrap elementor-element-populated\">\n\t\t\t\t\t\t<div class=\"elementor-element elementor-element-9c8d3ef elementor-invisible elementor-widget elementor-widget-text-editor\" data-id=\"9c8d3ef\" data-element_type=\"widget\" data-e-type=\"widget\" data-settings=\"{&quot;_animation&quot;:&quot;fadeInLeft&quot;,&quot;_animation_delay&quot;:0}\" data-widget_type=\"text-editor.default\">\n\t\t\t\t<div class=\"elementor-widget-container\">\n\t\t\t\t\t\t\t\t\t<p style=\"text-align: right;\"><span style=\"color: #333333;\"><b>\u0417\u043e\u043b\u0442\u0430\u043d \u0421\u0435\u043f\u0435\u0448\u0438<\/b><\/span><\/p><p style=\"text-align: right;\"><span style=\"color: #000080;\"><a href=\"https:\/\/jjzkanjiza.edu.rs\/wp-content\/uploads\/2022\/09\/Csanyi-Tamara1-CV.pdf\" target=\"_blank\" style=\"color: #000080;\" rel=\"noopener\"><strong>\u0422\u0430\u043c\u0430\u0440\u0430 \u0427\u0430\u045a\u0438<\/strong><\/a><\/span><\/p><p style=\"text-align: right;\"><b>\u0421\u0438\u043c\u043e\u043d\u0435\u0442\u0430 \u041d\u0430\u0452 \u041a\u0440\u0430\u0447\u0443\u043d<\/b><\/p><p style=\"text-align: right;\"><span style=\"color: #000080;\"><a href=\"http:\/\/jjzkanjiza.edu.rs\/wp-content\/uploads\/2019\/03\/AproMarija-CV.pdf\" target=\"_blank\" style=\"color: #000080;\" rel=\"noopener\"><strong>\u041c\u0430\u0440\u0438\u0458\u0430 \u0410\u043f\u0440\u043e<\/strong><\/a><\/span><\/p><p style=\"text-align: right;\"><strong>\u0160ara Fize\u0161i<\/strong><\/p><p style=\"text-align: right;\"><span style=\"color: #000080;\"><span style=\"color: #333333;\"><b>Ana Ivkovi\u0107<\/b><\/span><a href=\"http:\/\/jjzkanjiza.edu.rs\/wp-content\/uploads\/2019\/03\/Kavai-Tibor-CV.pdf\" target=\"_blank\" style=\"color: #000080;\" rel=\"noopener\"><b><\/b><\/a><\/span><\/p><p style=\"text-align: right;\"><a href=\"http:\/\/jjzkanjiza.edu.rs\/wp-content\/uploads\/2019\/03\/Bata-Andrea-CV.pdf\" target=\"_blank\" rel=\"noopener\" style=\"font-size: inherit; background-color: #ffffff; color: #000080;\"><b>\u0410\u043d\u0434\u0440\u0435\u0430 \u0411\u0430\u0442\u0430<\/b><\/a><\/p><p style=\"text-align: right;\"><span style=\"color: #000080;\"><a href=\"http:\/\/jjzkanjiza.edu.rs\/wp-content\/uploads\/2019\/03\/Perpauer-Erika-CV.pdf\" target=\"_blank\" style=\"color: #000080;\" rel=\"noopener\"><b>\u0415\u0440\u0438\u043a\u0430 \u041f\u0435\u0440\u043f\u0430\u0443\u0435\u0440<\/b><\/a><\/span><\/p><p style=\"text-align: right;\"><strong>B\u00e1binszki Anik\u00f3<\/strong><\/p>\t\t\t\t\t\t\t\t<\/div>\n\t\t\t\t<\/div>\n\t\t\t\t\t<\/div>\n\t\t<\/div>\n\t\t\t\t<div class=\"elementor-column elementor-col-33 elementor-top-column elementor-element elementor-element-998a6af\" data-id=\"998a6af\" data-element_type=\"column\" data-e-type=\"column\">\n\t\t\t<div class=\"elementor-widget-wrap elementor-element-populated\">\n\t\t\t\t\t\t<div class=\"elementor-element elementor-element-e1e588b elementor-invisible elementor-widget elementor-widget-text-editor\" data-id=\"e1e588b\" data-element_type=\"widget\" data-e-type=\"widget\" data-settings=\"{&quot;_animation&quot;:&quot;fadeInRight&quot;,&quot;_animation_delay&quot;:500}\" data-widget_type=\"text-editor.default\">\n\t\t\t\t<div class=\"elementor-widget-container\">\n\t\t\t\t\t\t\t\t\t<p><em>\u0434\u0438\u0440\u0435\u043a\u0442\u043e\u0440<\/em><\/p><p><em>\u00e9p\u00fcletvezet\u0151 (Zmaj \u00e9p\u00fclet)<\/em><\/p><p><em>\u0437\u0430\u043c\u0435\u043d\u0438\u043a \u0434\u0438\u0440\u0435\u043a\u0442\u043e\u0440\u0430 (\u0410\u0434\u0438 \u0437\u0433\u0440\u0430\u0434\u0430)<\/em><\/p><p><em>\u043a\u043e\u043e\u0440\u0434\u0438\u043d\u0430\u0442\u043e\u0440 (\u041c\u0430\u0440\u0442\u043e\u043d\u043e\u0448)<\/em><\/p><p><em>\u043a\u043e\u043e\u0440\u0434\u0438\u043d\u0430\u0442\u043e\u0440 (\u0410\u0434\u043e\u0440\u0458\u0430\u043d)<\/em><\/p><p><em>\u0441\u0435\u043a\u0440\u0435\u0442\u0430\u0440<\/em><\/p><p><em>\u0448\u0435\u0444 \u0440\u0430\u0447\u0443\u043d\u043e\u0432\u043e\u0452\u0441\u0442\u0432\u0430<\/em><\/p><p><i style=\"font-family: inherit; font-size: inherit;\">\u0430\u0434\u043c\u0438\u043d\u0438\u0441\u0442\u0440\u0430\u0442\u0438\u0432\u043d\u0438 \u0440\u0430\u0434\u043d\u0438\u043a<\/i><\/p><p><i>\u0430\u0434\u043c\u0438\u043d\u0438\u0441\u0442\u0440\u0430\u0442\u0438\u0432\u043d\u0438 \u0440\u0430\u0434\u043d\u0438\u043a<\/i><i><br \/><\/i><\/p>\t\t\t\t\t\t\t\t<\/div>\n\t\t\t\t<\/div>\n\t\t\t\t\t<\/div>\n\t\t<\/div>\n\t\t\t\t<div class=\"elementor-column elementor-col-33 elementor-top-column elementor-element elementor-element-7004207\" data-id=\"7004207\" data-element_type=\"column\" data-e-type=\"column\">\n\t\t\t<div class=\"elementor-widget-wrap\">\n\t\t\t\t\t\t\t<\/div>\n\t\t<\/div>\n\t\t\t\t\t<\/div>\n\t\t<\/section>\n\t\t\t\t<\/div>","protected":false},"excerpt":{"rendered":"<p>Szepesi Zolt\u00e1n Cs\u00e1nyi Tamara Nagy Kracsun Szimonetta Apr\u00f3 Marija F\u00fczesi S\u00e1ra Ana Ivkovi\u0107 Bata Andrea Perpauer Erika B\u00e1binszki Anik\u00f3 igazgat\u00f3 \u00e9p\u00fcletvezet\u0151 (Zmaj \u00e9p\u00fclet) igazgat\u00f3helyettes (Ady \u00e9p\u00fclet) \u00e9p\u00fcletvezet\u0151 (Martonos) \u00e9p\u00fcletvezet\u0151 (Adorj\u00e1n) titk\u00e1r f\u0151k\u00f6nyvel\u0151 adminisztrat\u00edv munk\u00e1s adminisztrat\u00edv munk\u00e1s<\/p>","protected":false},"author":1,"featured_media":0,"parent":0,"menu_order":0,"comment_status":"closed","ping_status":"closed","template":"","meta":{"_themeisle_gutenberg_block_has_review":false,"footnotes":"","_links_to":"","_links_to_target":""},"class_list":["post-19","page","type-page","status-publish","hentry"],"_links":{"self":[{"href":"https:\/\/jjzkanjiza.edu.rs\/sr\/wp-json\/wp\/v2\/pages\/19","targetHints":{"allow":["GET"]}}],"collection":[{"href":"https:\/\/jjzkanjiza.edu.rs\/sr\/wp-json\/wp\/v2\/pages"}],"about":[{"href":"https:\/\/jjzkanjiza.edu.rs\/sr\/wp-json\/wp\/v2\/types\/page"}],"author":[{"embeddable":true,"href":"https:\/\/jjzkanjiza.edu.rs\/sr\/wp-json\/wp\/v2\/users\/1"}],"replies":[{"embeddable":true,"href":"https:\/\/jjzkanjiza.edu.rs\/sr\/wp-json\/wp\/v2\/comments?post=19"}],"version-history":[{"count":59,"href":"https:\/\/jjzkanjiza.edu.rs\/sr\/wp-json\/wp\/v2\/pages\/19\/revisions"}],"predecessor-version":[{"id":3723,"href":"https:\/\/jjzkanjiza.edu.rs\/sr\/wp-json\/wp\/v2\/pages\/19\/revisions\/3723"}],"wp:attachment":[{"href":"https:\/\/jjzkanjiza.edu.rs\/sr\/wp-json\/wp\/v2\/media?parent=19"}],"curies":[{"name":"wp","href":"https:\/\/api.w.org\/{rel}","templated":true}]}}