{"id":435,"date":"2019-02-12T08:36:08","date_gmt":"2019-02-12T08:36:08","guid":{"rendered":"http:\/\/jjzkanjiza.edu.rs\/?page_id=435"},"modified":"2019-03-07T07:27:24","modified_gmt":"2019-03-07T07:27:24","slug":"igazgatoink-1977tol","status":"publish","type":"page","link":"http:\/\/jjzkanjiza.edu.rs\/sr\/igazgatoink-1977tol\/","title":{"rendered":"\u0414\u0438\u0440\u0435\u043a\u0442\u043e\u0440\u0438 \u043e\u0434 1977. \u0433\u043e\u0434\u0438\u043d\u0435"},"content":{"rendered":"<div data-elementor-type=\"wp-post\" data-elementor-id=\"435\" class=\"elementor elementor-435 elementor-bc-flex-widget\">\n\t\t\t\t\t\t<section class=\"elementor-section elementor-top-section elementor-element elementor-element-f498d53 elementor-section-boxed elementor-section-height-default elementor-section-height-default\" data-id=\"f498d53\" data-element_type=\"section\" data-e-type=\"section\">\n\t\t\t\t\t\t<div class=\"elementor-container elementor-column-gap-default\">\n\t\t\t\t\t<div class=\"elementor-column elementor-col-100 elementor-top-column elementor-element elementor-element-4c56194\" data-id=\"4c56194\" data-element_type=\"column\" data-e-type=\"column\">\n\t\t\t<div class=\"elementor-widget-wrap elementor-element-populated\">\n\t\t\t\t\t\t<div class=\"elementor-element elementor-element-2225c13 elementor-position-top elementor-invisible elementor-widget elementor-widget-image-box\" data-id=\"2225c13\" data-element_type=\"widget\" data-e-type=\"widget\" data-settings=\"{&quot;_animation&quot;:&quot;fadeInDown&quot;}\" data-widget_type=\"image-box.default\">\n\t\t\t\t<div class=\"elementor-widget-container\">\n\t\t\t\t\t<div class=\"elementor-image-box-wrapper\"><figure class=\"elementor-image-box-img\"><img fetchpriority=\"high\" decoding=\"async\" width=\"205\" height=\"300\" src=\"https:\/\/jjzkanjiza.edu.rs\/wp-content\/uploads\/2019\/02\/IMG_20190227_070033-205x300.jpg\" class=\"attachment-medium size-medium wp-image-570\" alt=\"\" srcset=\"https:\/\/jjzkanjiza.edu.rs\/wp-content\/uploads\/2019\/02\/IMG_20190227_070033-205x300.jpg 205w, https:\/\/jjzkanjiza.edu.rs\/wp-content\/uploads\/2019\/02\/IMG_20190227_070033-768x1126.jpg 768w, https:\/\/jjzkanjiza.edu.rs\/wp-content\/uploads\/2019\/02\/IMG_20190227_070033-699x1024.jpg 699w, https:\/\/jjzkanjiza.edu.rs\/wp-content\/uploads\/2019\/02\/IMG_20190227_070033.jpg 1970w\" sizes=\"(max-width: 205px) 100vw, 205px\" \/><\/figure><div class=\"elementor-image-box-content\"><h2 class=\"elementor-image-box-title\">\u0415\u0434\u0438\u0442 \u0411\u0438\u0440\u043e<\/h2><p class=\"elementor-image-box-description\">2015 - 2019<\/p><\/div><\/div>\t\t\t\t<\/div>\n\t\t\t\t<\/div>\n\t\t\t\t\t<\/div>\n\t\t<\/div>\n\t\t\t\t\t<\/div>\n\t\t<\/section>\n\t\t\t\t<section class=\"elementor-section elementor-top-section elementor-element elementor-element-b6b638f elementor-section-boxed elementor-section-height-default elementor-section-height-default\" data-id=\"b6b638f\" data-element_type=\"section\" data-e-type=\"section\">\n\t\t\t\t\t\t<div class=\"elementor-container elementor-column-gap-default\">\n\t\t\t\t\t<div class=\"elementor-column elementor-col-100 elementor-top-column elementor-element elementor-element-f4a9531\" data-id=\"f4a9531\" data-element_type=\"column\" data-e-type=\"column\">\n\t\t\t<div class=\"elementor-widget-wrap elementor-element-populated\">\n\t\t\t\t\t\t<div class=\"elementor-element elementor-element-f8cbbb7 elementor-widget elementor-widget-spacer\" data-id=\"f8cbbb7\" data-element_type=\"widget\" data-e-type=\"widget\" data-widget_type=\"spacer.default\">\n\t\t\t\t<div class=\"elementor-widget-container\">\n\t\t\t\t\t\t\t<div class=\"elementor-spacer\">\n\t\t\t<div class=\"elementor-spacer-inner\"><\/div>\n\t\t<\/div>\n\t\t\t\t\t\t<\/div>\n\t\t\t\t<\/div>\n\t\t\t\t\t<\/div>\n\t\t<\/div>\n\t\t\t\t\t<\/div>\n\t\t<\/section>\n\t\t\t\t<section class=\"elementor-section elementor-top-section elementor-element elementor-element-567f806 elementor-section-boxed elementor-section-height-default elementor-section-height-default\" data-id=\"567f806\" data-element_type=\"section\" data-e-type=\"section\">\n\t\t\t\t\t\t<div class=\"elementor-container elementor-column-gap-default\">\n\t\t\t\t\t<div class=\"elementor-column elementor-col-100 elementor-top-column elementor-element elementor-element-78dfa98\" data-id=\"78dfa98\" data-element_type=\"column\" data-e-type=\"column\">\n\t\t\t<div class=\"elementor-widget-wrap elementor-element-populated\">\n\t\t\t\t\t\t<div class=\"elementor-element elementor-element-61d4d49 elementor-position-top elementor-invisible elementor-widget elementor-widget-image-box\" data-id=\"61d4d49\" data-element_type=\"widget\" data-e-type=\"widget\" data-settings=\"{&quot;_animation&quot;:&quot;fadeInDown&quot;}\" data-widget_type=\"image-box.default\">\n\t\t\t\t<div class=\"elementor-widget-container\">\n\t\t\t\t\t<div class=\"elementor-image-box-wrapper\"><figure class=\"elementor-image-box-img\"><img decoding=\"async\" width=\"206\" height=\"300\" src=\"https:\/\/jjzkanjiza.edu.rs\/wp-content\/uploads\/2019\/03\/JuhaszMarta-206x300.jpg\" class=\"attachment-medium size-medium wp-image-600\" alt=\"\" srcset=\"https:\/\/jjzkanjiza.edu.rs\/wp-content\/uploads\/2019\/03\/JuhaszMarta-206x300.jpg 206w, https:\/\/jjzkanjiza.edu.rs\/wp-content\/uploads\/2019\/03\/JuhaszMarta-768x1116.jpg 768w, https:\/\/jjzkanjiza.edu.rs\/wp-content\/uploads\/2019\/03\/JuhaszMarta-704x1024.jpg 704w\" sizes=\"(max-width: 206px) 100vw, 206px\" \/><\/figure><div class=\"elementor-image-box-content\"><h2 class=\"elementor-image-box-title\">\u041c\u0430\u0440\u0442\u0430 \u0408\u0443\u0445\u0430\u0441<\/h2><p class=\"elementor-image-box-description\">2011 - 2015<\/p><\/div><\/div>\t\t\t\t<\/div>\n\t\t\t\t<\/div>\n\t\t\t\t\t<\/div>\n\t\t<\/div>\n\t\t\t\t\t<\/div>\n\t\t<\/section>\n\t\t\t\t<section class=\"elementor-section elementor-top-section elementor-element elementor-element-240fda4 elementor-section-boxed elementor-section-height-default elementor-section-height-default\" data-id=\"240fda4\" data-element_type=\"section\" data-e-type=\"section\">\n\t\t\t\t\t\t<div class=\"elementor-container elementor-column-gap-default\">\n\t\t\t\t\t<div class=\"elementor-column elementor-col-100 elementor-top-column elementor-element elementor-element-9b60c3a\" data-id=\"9b60c3a\" data-element_type=\"column\" data-e-type=\"column\">\n\t\t\t<div class=\"elementor-widget-wrap elementor-element-populated\">\n\t\t\t\t\t\t<div class=\"elementor-element elementor-element-78dbe0f elementor-widget elementor-widget-spacer\" data-id=\"78dbe0f\" data-element_type=\"widget\" data-e-type=\"widget\" data-widget_type=\"spacer.default\">\n\t\t\t\t<div class=\"elementor-widget-container\">\n\t\t\t\t\t\t\t<div class=\"elementor-spacer\">\n\t\t\t<div class=\"elementor-spacer-inner\"><\/div>\n\t\t<\/div>\n\t\t\t\t\t\t<\/div>\n\t\t\t\t<\/div>\n\t\t\t\t\t<\/div>\n\t\t<\/div>\n\t\t\t\t\t<\/div>\n\t\t<\/section>\n\t\t\t\t<section class=\"elementor-section elementor-top-section elementor-element elementor-element-3e1e191 elementor-section-boxed elementor-section-height-default elementor-section-height-default\" data-id=\"3e1e191\" data-element_type=\"section\" data-e-type=\"section\">\n\t\t\t\t\t\t<div class=\"elementor-container elementor-column-gap-default\">\n\t\t\t\t\t<div class=\"elementor-column elementor-col-100 elementor-top-column elementor-element elementor-element-cba5255\" data-id=\"cba5255\" data-element_type=\"column\" data-e-type=\"column\">\n\t\t\t<div class=\"elementor-widget-wrap elementor-element-populated\">\n\t\t\t\t\t\t<div class=\"elementor-element elementor-element-c4a9766 elementor-position-top elementor-invisible elementor-widget elementor-widget-image-box\" data-id=\"c4a9766\" data-element_type=\"widget\" data-e-type=\"widget\" data-settings=\"{&quot;_animation&quot;:&quot;fadeInDown&quot;}\" data-widget_type=\"image-box.default\">\n\t\t\t\t<div class=\"elementor-widget-container\">\n\t\t\t\t\t<div class=\"elementor-image-box-wrapper\"><figure class=\"elementor-image-box-img\"><img decoding=\"async\" width=\"200\" height=\"300\" src=\"https:\/\/jjzkanjiza.edu.rs\/wp-content\/uploads\/2019\/02\/BiroEdit-200x300.jpg\" class=\"attachment-medium size-medium wp-image-533\" alt=\"\" srcset=\"https:\/\/jjzkanjiza.edu.rs\/wp-content\/uploads\/2019\/02\/BiroEdit-200x300.jpg 200w, https:\/\/jjzkanjiza.edu.rs\/wp-content\/uploads\/2019\/02\/BiroEdit-768x1152.jpg 768w, https:\/\/jjzkanjiza.edu.rs\/wp-content\/uploads\/2019\/02\/BiroEdit-683x1024.jpg 683w, https:\/\/jjzkanjiza.edu.rs\/wp-content\/uploads\/2019\/02\/BiroEdit.jpg 1420w\" sizes=\"(max-width: 200px) 100vw, 200px\" \/><\/figure><div class=\"elementor-image-box-content\"><h2 class=\"elementor-image-box-title\">\u0415\u0434\u0438\u0442 \u0411\u0438\u0440\u043e<\/h2><p class=\"elementor-image-box-description\">2007 - 2011<\/p><\/div><\/div>\t\t\t\t<\/div>\n\t\t\t\t<\/div>\n\t\t\t\t\t<\/div>\n\t\t<\/div>\n\t\t\t\t\t<\/div>\n\t\t<\/section>\n\t\t\t\t<section class=\"elementor-section elementor-top-section elementor-element elementor-element-294dba8 elementor-section-boxed elementor-section-height-default elementor-section-height-default\" data-id=\"294dba8\" data-element_type=\"section\" data-e-type=\"section\">\n\t\t\t\t\t\t<div class=\"elementor-container elementor-column-gap-default\">\n\t\t\t\t\t<div class=\"elementor-column elementor-col-100 elementor-top-column elementor-element elementor-element-d3a5dfd\" data-id=\"d3a5dfd\" data-element_type=\"column\" data-e-type=\"column\">\n\t\t\t<div class=\"elementor-widget-wrap elementor-element-populated\">\n\t\t\t\t\t\t<div class=\"elementor-element elementor-element-38df718 elementor-widget elementor-widget-spacer\" data-id=\"38df718\" data-element_type=\"widget\" data-e-type=\"widget\" data-widget_type=\"spacer.default\">\n\t\t\t\t<div class=\"elementor-widget-container\">\n\t\t\t\t\t\t\t<div class=\"elementor-spacer\">\n\t\t\t<div class=\"elementor-spacer-inner\"><\/div>\n\t\t<\/div>\n\t\t\t\t\t\t<\/div>\n\t\t\t\t<\/div>\n\t\t\t\t\t<\/div>\n\t\t<\/div>\n\t\t\t\t\t<\/div>\n\t\t<\/section>\n\t\t\t\t<section class=\"elementor-section elementor-top-section elementor-element elementor-element-18e1609 elementor-section-boxed elementor-section-height-default elementor-section-height-default\" data-id=\"18e1609\" data-element_type=\"section\" data-e-type=\"section\">\n\t\t\t\t\t\t<div class=\"elementor-container elementor-column-gap-default\">\n\t\t\t\t\t<div class=\"elementor-column elementor-col-100 elementor-top-column elementor-element elementor-element-8037ab9\" data-id=\"8037ab9\" data-element_type=\"column\" data-e-type=\"column\">\n\t\t\t<div class=\"elementor-widget-wrap elementor-element-populated\">\n\t\t\t\t\t\t<div class=\"elementor-element elementor-element-ed76f0e elementor-position-top elementor-invisible elementor-widget elementor-widget-image-box\" data-id=\"ed76f0e\" data-element_type=\"widget\" data-e-type=\"widget\" data-settings=\"{&quot;_animation&quot;:&quot;fadeInDown&quot;}\" data-widget_type=\"image-box.default\">\n\t\t\t\t<div class=\"elementor-widget-container\">\n\t\t\t\t\t<div class=\"elementor-image-box-wrapper\"><figure class=\"elementor-image-box-img\"><img loading=\"lazy\" decoding=\"async\" width=\"210\" height=\"300\" src=\"https:\/\/jjzkanjiza.edu.rs\/wp-content\/uploads\/2019\/02\/LepesJosip-210x300.jpg\" class=\"attachment-medium size-medium wp-image-535\" alt=\"\" srcset=\"https:\/\/jjzkanjiza.edu.rs\/wp-content\/uploads\/2019\/02\/LepesJosip-210x300.jpg 210w, https:\/\/jjzkanjiza.edu.rs\/wp-content\/uploads\/2019\/02\/LepesJosip-768x1096.jpg 768w, https:\/\/jjzkanjiza.edu.rs\/wp-content\/uploads\/2019\/02\/LepesJosip-717x1024.jpg 717w, https:\/\/jjzkanjiza.edu.rs\/wp-content\/uploads\/2019\/02\/LepesJosip.jpg 1312w\" sizes=\"(max-width: 210px) 100vw, 210px\" \/><\/figure><div class=\"elementor-image-box-content\"><h2 class=\"elementor-image-box-title\">\u0408\u043e\u0441\u0438\u043f \u041b\u0435\u043f\u0435\u0448<\/h2><p class=\"elementor-image-box-description\">2001 - 2006<\/p><\/div><\/div>\t\t\t\t<\/div>\n\t\t\t\t<\/div>\n\t\t\t\t\t<\/div>\n\t\t<\/div>\n\t\t\t\t\t<\/div>\n\t\t<\/section>\n\t\t\t\t<section class=\"elementor-section elementor-top-section elementor-element elementor-element-31229bd elementor-section-boxed elementor-section-height-default elementor-section-height-default\" data-id=\"31229bd\" data-element_type=\"section\" data-e-type=\"section\">\n\t\t\t\t\t\t<div class=\"elementor-container elementor-column-gap-default\">\n\t\t\t\t\t<div class=\"elementor-column elementor-col-100 elementor-top-column elementor-element elementor-element-c419bf1\" data-id=\"c419bf1\" data-element_type=\"column\" data-e-type=\"column\">\n\t\t\t<div class=\"elementor-widget-wrap elementor-element-populated\">\n\t\t\t\t\t\t<div class=\"elementor-element elementor-element-07bdf7e elementor-widget elementor-widget-spacer\" data-id=\"07bdf7e\" data-element_type=\"widget\" data-e-type=\"widget\" data-widget_type=\"spacer.default\">\n\t\t\t\t<div class=\"elementor-widget-container\">\n\t\t\t\t\t\t\t<div class=\"elementor-spacer\">\n\t\t\t<div class=\"elementor-spacer-inner\"><\/div>\n\t\t<\/div>\n\t\t\t\t\t\t<\/div>\n\t\t\t\t<\/div>\n\t\t\t\t\t<\/div>\n\t\t<\/div>\n\t\t\t\t\t<\/div>\n\t\t<\/section>\n\t\t\t\t<section class=\"elementor-section elementor-top-section elementor-element elementor-element-48d40b7 elementor-section-boxed elementor-section-height-default elementor-section-height-default\" data-id=\"48d40b7\" data-element_type=\"section\" data-e-type=\"section\">\n\t\t\t\t\t\t<div class=\"elementor-container elementor-column-gap-default\">\n\t\t\t\t\t<div class=\"elementor-column elementor-col-100 elementor-top-column elementor-element elementor-element-ba6525e\" data-id=\"ba6525e\" data-element_type=\"column\" data-e-type=\"column\">\n\t\t\t<div class=\"elementor-widget-wrap elementor-element-populated\">\n\t\t\t\t\t\t<div class=\"elementor-element elementor-element-81bd6ae elementor-position-top elementor-invisible elementor-widget elementor-widget-image-box\" data-id=\"81bd6ae\" data-element_type=\"widget\" data-e-type=\"widget\" data-settings=\"{&quot;_animation&quot;:&quot;fadeInDown&quot;}\" data-widget_type=\"image-box.default\">\n\t\t\t\t<div class=\"elementor-widget-container\">\n\t\t\t\t\t<div class=\"elementor-image-box-wrapper\"><figure class=\"elementor-image-box-img\"><img loading=\"lazy\" decoding=\"async\" width=\"227\" height=\"300\" src=\"https:\/\/jjzkanjiza.edu.rs\/wp-content\/uploads\/2019\/02\/HajderMileva-227x300.jpg\" class=\"attachment-medium size-medium wp-image-537\" alt=\"\" srcset=\"https:\/\/jjzkanjiza.edu.rs\/wp-content\/uploads\/2019\/02\/HajderMileva-227x300.jpg 227w, https:\/\/jjzkanjiza.edu.rs\/wp-content\/uploads\/2019\/02\/HajderMileva-768x1015.jpg 768w, https:\/\/jjzkanjiza.edu.rs\/wp-content\/uploads\/2019\/02\/HajderMileva-775x1024.jpg 775w, https:\/\/jjzkanjiza.edu.rs\/wp-content\/uploads\/2019\/02\/HajderMileva.jpg 1221w\" sizes=\"(max-width: 227px) 100vw, 227px\" \/><\/figure><div class=\"elementor-image-box-content\"><h2 class=\"elementor-image-box-title\">\u041c\u0438\u043b\u0435\u0432\u0430 \u0425\u0430\u0458\u0434\u0435\u0440<\/h2><p class=\"elementor-image-box-description\">1996 - 2001<\/p><\/div><\/div>\t\t\t\t<\/div>\n\t\t\t\t<\/div>\n\t\t\t\t\t<\/div>\n\t\t<\/div>\n\t\t\t\t\t<\/div>\n\t\t<\/section>\n\t\t\t\t<section class=\"elementor-section elementor-top-section elementor-element elementor-element-59bb108 elementor-section-boxed elementor-section-height-default elementor-section-height-default\" data-id=\"59bb108\" data-element_type=\"section\" data-e-type=\"section\">\n\t\t\t\t\t\t<div class=\"elementor-container elementor-column-gap-default\">\n\t\t\t\t\t<div class=\"elementor-column elementor-col-100 elementor-top-column elementor-element elementor-element-e3a6c71\" data-id=\"e3a6c71\" data-element_type=\"column\" data-e-type=\"column\">\n\t\t\t<div class=\"elementor-widget-wrap elementor-element-populated\">\n\t\t\t\t\t\t<div class=\"elementor-element elementor-element-f358189 elementor-widget elementor-widget-spacer\" data-id=\"f358189\" data-element_type=\"widget\" data-e-type=\"widget\" data-widget_type=\"spacer.default\">\n\t\t\t\t<div class=\"elementor-widget-container\">\n\t\t\t\t\t\t\t<div class=\"elementor-spacer\">\n\t\t\t<div class=\"elementor-spacer-inner\"><\/div>\n\t\t<\/div>\n\t\t\t\t\t\t<\/div>\n\t\t\t\t<\/div>\n\t\t\t\t\t<\/div>\n\t\t<\/div>\n\t\t\t\t\t<\/div>\n\t\t<\/section>\n\t\t\t\t<section class=\"elementor-section elementor-top-section elementor-element elementor-element-d9da271 elementor-section-boxed elementor-section-height-default elementor-section-height-default\" data-id=\"d9da271\" data-element_type=\"section\" data-e-type=\"section\">\n\t\t\t\t\t\t<div class=\"elementor-container elementor-column-gap-default\">\n\t\t\t\t\t<div class=\"elementor-column elementor-col-100 elementor-top-column elementor-element elementor-element-c7a60fd\" data-id=\"c7a60fd\" data-element_type=\"column\" data-e-type=\"column\">\n\t\t\t<div class=\"elementor-widget-wrap elementor-element-populated\">\n\t\t\t\t\t\t<div class=\"elementor-element elementor-element-2ea6c46 elementor-position-top elementor-invisible elementor-widget elementor-widget-image-box\" data-id=\"2ea6c46\" data-element_type=\"widget\" data-e-type=\"widget\" data-settings=\"{&quot;_animation&quot;:&quot;fadeInDown&quot;}\" data-widget_type=\"image-box.default\">\n\t\t\t\t<div class=\"elementor-widget-container\">\n\t\t\t\t\t<div class=\"elementor-image-box-wrapper\"><figure class=\"elementor-image-box-img\"><img loading=\"lazy\" decoding=\"async\" width=\"207\" height=\"300\" src=\"https:\/\/jjzkanjiza.edu.rs\/wp-content\/uploads\/2019\/02\/BoskovicCedomir-207x300.jpg\" class=\"attachment-medium size-medium wp-image-536\" alt=\"\" srcset=\"https:\/\/jjzkanjiza.edu.rs\/wp-content\/uploads\/2019\/02\/BoskovicCedomir-207x300.jpg 207w, https:\/\/jjzkanjiza.edu.rs\/wp-content\/uploads\/2019\/02\/BoskovicCedomir-768x1112.jpg 768w, https:\/\/jjzkanjiza.edu.rs\/wp-content\/uploads\/2019\/02\/BoskovicCedomir-707x1024.jpg 707w, https:\/\/jjzkanjiza.edu.rs\/wp-content\/uploads\/2019\/02\/BoskovicCedomir.jpg 1041w\" sizes=\"(max-width: 207px) 100vw, 207px\" \/><\/figure><div class=\"elementor-image-box-content\"><h2 class=\"elementor-image-box-title\">\u0427\u0435\u0434\u043e\u043c\u0438\u0440 \u0411\u043e\u0448\u043a\u043e\u0432\u0438\u045b<\/h2><p class=\"elementor-image-box-description\">1989 - 1996<\/p><\/div><\/div>\t\t\t\t<\/div>\n\t\t\t\t<\/div>\n\t\t\t\t\t<\/div>\n\t\t<\/div>\n\t\t\t\t\t<\/div>\n\t\t<\/section>\n\t\t\t\t<section class=\"elementor-section elementor-top-section elementor-element elementor-element-fb06451 elementor-section-boxed elementor-section-height-default elementor-section-height-default\" data-id=\"fb06451\" data-element_type=\"section\" data-e-type=\"section\">\n\t\t\t\t\t\t<div class=\"elementor-container elementor-column-gap-default\">\n\t\t\t\t\t<div class=\"elementor-column elementor-col-100 elementor-top-column elementor-element elementor-element-b2a9df7\" data-id=\"b2a9df7\" data-element_type=\"column\" data-e-type=\"column\">\n\t\t\t<div class=\"elementor-widget-wrap elementor-element-populated\">\n\t\t\t\t\t\t<div class=\"elementor-element elementor-element-3fe12ae elementor-widget elementor-widget-spacer\" data-id=\"3fe12ae\" data-element_type=\"widget\" data-e-type=\"widget\" data-widget_type=\"spacer.default\">\n\t\t\t\t<div class=\"elementor-widget-container\">\n\t\t\t\t\t\t\t<div class=\"elementor-spacer\">\n\t\t\t<div class=\"elementor-spacer-inner\"><\/div>\n\t\t<\/div>\n\t\t\t\t\t\t<\/div>\n\t\t\t\t<\/div>\n\t\t\t\t\t<\/div>\n\t\t<\/div>\n\t\t\t\t\t<\/div>\n\t\t<\/section>\n\t\t\t\t<section class=\"elementor-section elementor-top-section elementor-element elementor-element-0a391d6 elementor-section-boxed elementor-section-height-default elementor-section-height-default\" data-id=\"0a391d6\" data-element_type=\"section\" data-e-type=\"section\">\n\t\t\t\t\t\t<div class=\"elementor-container elementor-column-gap-default\">\n\t\t\t\t\t<div class=\"elementor-column elementor-col-100 elementor-top-column elementor-element elementor-element-170f86e\" data-id=\"170f86e\" data-element_type=\"column\" data-e-type=\"column\">\n\t\t\t<div class=\"elementor-widget-wrap elementor-element-populated\">\n\t\t\t\t\t\t<div class=\"elementor-element elementor-element-d490779 elementor-position-top elementor-invisible elementor-widget elementor-widget-image-box\" data-id=\"d490779\" data-element_type=\"widget\" data-e-type=\"widget\" data-settings=\"{&quot;_animation&quot;:&quot;fadeInDown&quot;}\" data-widget_type=\"image-box.default\">\n\t\t\t\t<div class=\"elementor-widget-container\">\n\t\t\t\t\t<div class=\"elementor-image-box-wrapper\"><figure class=\"elementor-image-box-img\"><img loading=\"lazy\" decoding=\"async\" width=\"190\" height=\"286\" src=\"https:\/\/jjzkanjiza.edu.rs\/wp-content\/uploads\/2019\/02\/DSC_0016-1.jpg\" class=\"attachment-medium size-medium wp-image-542\" alt=\"\" \/><\/figure><div class=\"elementor-image-box-content\"><h2 class=\"elementor-image-box-title\">\u041c\u0430\u0440\u0438\u0458\u0430 \u0421\u0430\u0432\u0438\u045b<\/h2><p class=\"elementor-image-box-description\">1986 - 1989<\/p><\/div><\/div>\t\t\t\t<\/div>\n\t\t\t\t<\/div>\n\t\t\t\t\t<\/div>\n\t\t<\/div>\n\t\t\t\t\t<\/div>\n\t\t<\/section>\n\t\t\t\t<section class=\"elementor-section elementor-top-section elementor-element elementor-element-26dfedd elementor-section-boxed elementor-section-height-default elementor-section-height-default\" data-id=\"26dfedd\" data-element_type=\"section\" data-e-type=\"section\">\n\t\t\t\t\t\t<div class=\"elementor-container elementor-column-gap-default\">\n\t\t\t\t\t<div class=\"elementor-column elementor-col-100 elementor-top-column elementor-element elementor-element-25beedc\" data-id=\"25beedc\" data-element_type=\"column\" data-e-type=\"column\">\n\t\t\t<div class=\"elementor-widget-wrap elementor-element-populated\">\n\t\t\t\t\t\t<div class=\"elementor-element elementor-element-0b4aa03 elementor-widget elementor-widget-spacer\" data-id=\"0b4aa03\" data-element_type=\"widget\" data-e-type=\"widget\" data-widget_type=\"spacer.default\">\n\t\t\t\t<div class=\"elementor-widget-container\">\n\t\t\t\t\t\t\t<div class=\"elementor-spacer\">\n\t\t\t<div class=\"elementor-spacer-inner\"><\/div>\n\t\t<\/div>\n\t\t\t\t\t\t<\/div>\n\t\t\t\t<\/div>\n\t\t\t\t\t<\/div>\n\t\t<\/div>\n\t\t\t\t\t<\/div>\n\t\t<\/section>\n\t\t\t\t<section class=\"elementor-section elementor-top-section elementor-element elementor-element-f5b0525 elementor-section-boxed elementor-section-height-default elementor-section-height-default\" data-id=\"f5b0525\" data-element_type=\"section\" data-e-type=\"section\">\n\t\t\t\t\t\t<div class=\"elementor-container elementor-column-gap-default\">\n\t\t\t\t\t<div class=\"elementor-column elementor-col-100 elementor-top-column elementor-element elementor-element-e83f859\" data-id=\"e83f859\" data-element_type=\"column\" data-e-type=\"column\">\n\t\t\t<div class=\"elementor-widget-wrap elementor-element-populated\">\n\t\t\t\t\t\t<div class=\"elementor-element elementor-element-d21c3d9 elementor-position-top elementor-invisible elementor-widget elementor-widget-image-box\" data-id=\"d21c3d9\" data-element_type=\"widget\" data-e-type=\"widget\" data-settings=\"{&quot;_animation&quot;:&quot;fadeInDown&quot;}\" data-widget_type=\"image-box.default\">\n\t\t\t\t<div class=\"elementor-widget-container\">\n\t\t\t\t\t<div class=\"elementor-image-box-wrapper\"><figure class=\"elementor-image-box-img\"><img loading=\"lazy\" decoding=\"async\" width=\"196\" height=\"300\" src=\"https:\/\/jjzkanjiza.edu.rs\/wp-content\/uploads\/2019\/03\/Apro-Karoly-196x300.jpg\" class=\"attachment-medium size-medium wp-image-643\" alt=\"\" srcset=\"https:\/\/jjzkanjiza.edu.rs\/wp-content\/uploads\/2019\/03\/Apro-Karoly-196x300.jpg 196w, https:\/\/jjzkanjiza.edu.rs\/wp-content\/uploads\/2019\/03\/Apro-Karoly-768x1178.jpg 768w, https:\/\/jjzkanjiza.edu.rs\/wp-content\/uploads\/2019\/03\/Apro-Karoly-668x1024.jpg 668w, https:\/\/jjzkanjiza.edu.rs\/wp-content\/uploads\/2019\/03\/Apro-Karoly.jpg 1470w\" sizes=\"(max-width: 196px) 100vw, 196px\" \/><\/figure><div class=\"elementor-image-box-content\"><h2 class=\"elementor-image-box-title\">\u041a\u0430\u0440\u043e\u0459 \u0410\u043f\u0440\u043e<\/h2><p class=\"elementor-image-box-description\">1977 - 1986<\/p><\/div><\/div>\t\t\t\t<\/div>\n\t\t\t\t<\/div>\n\t\t\t\t\t<\/div>\n\t\t<\/div>\n\t\t\t\t\t<\/div>\n\t\t<\/section>\n\t\t\t\t<\/div>","protected":false},"excerpt":{"rendered":"<p>B\u00edr\u00f3 Edit 2015 &#8211; 2019 Juh\u00e1sz M\u00e1rta 2011 &#8211; 2015 B\u00edr\u00f3 Edit 2007 &#8211; 2011 Lepe\u0161 Josip 2001 &#8211; 2006 Hajder Mileva 1996 &#8211; 2001 Bo\u0161kovi\u0107 \u010cedomir 1989 &#8211; 1996 Savi\u0107 Marija 1986 &#8211; 1989 Apr\u00f3 K\u00e1roly 1977 &#8211; 1986<\/p>","protected":false},"author":1,"featured_media":0,"parent":0,"menu_order":0,"comment_status":"closed","ping_status":"closed","template":"","meta":{"_themeisle_gutenberg_block_has_review":false,"footnotes":"","_links_to":"","_links_to_target":""},"class_list":["post-435","page","type-page","status-publish","hentry"],"_links":{"self":[{"href":"http:\/\/jjzkanjiza.edu.rs\/sr\/wp-json\/wp\/v2\/pages\/435","targetHints":{"allow":["GET"]}}],"collection":[{"href":"http:\/\/jjzkanjiza.edu.rs\/sr\/wp-json\/wp\/v2\/pages"}],"about":[{"href":"http:\/\/jjzkanjiza.edu.rs\/sr\/wp-json\/wp\/v2\/types\/page"}],"author":[{"embeddable":true,"href":"http:\/\/jjzkanjiza.edu.rs\/sr\/wp-json\/wp\/v2\/users\/1"}],"replies":[{"embeddable":true,"href":"http:\/\/jjzkanjiza.edu.rs\/sr\/wp-json\/wp\/v2\/comments?post=435"}],"version-history":[{"count":9,"href":"http:\/\/jjzkanjiza.edu.rs\/sr\/wp-json\/wp\/v2\/pages\/435\/revisions"}],"predecessor-version":[{"id":644,"href":"http:\/\/jjzkanjiza.edu.rs\/sr\/wp-json\/wp\/v2\/pages\/435\/revisions\/644"}],"wp:attachment":[{"href":"http:\/\/jjzkanjiza.edu.rs\/sr\/wp-json\/wp\/v2\/media?parent=435"}],"curies":[{"name":"wp","href":"https:\/\/api.w.org\/{rel}","templated":true}]}}