{"id":21,"date":"2018-12-03T07:18:02","date_gmt":"2018-12-03T07:18:02","guid":{"rendered":"http:\/\/localhost\/?page_id=21"},"modified":"2024-12-29T12:52:01","modified_gmt":"2024-12-29T12:52:01","slug":"szakszolgalat","status":"publish","type":"page","link":"http:\/\/jjzkanjiza.edu.rs\/sr\/szakszolgalat\/","title":{"rendered":"\u0421\u0442\u0440\u0443\u0447\u043d\u0430 \u0441\u043b\u0443\u0436\u0431\u0430"},"content":{"rendered":"<div data-elementor-type=\"wp-post\" data-elementor-id=\"21\" class=\"elementor elementor-21\">\n\t\t\t\t\t\t<section class=\"elementor-section elementor-top-section elementor-element elementor-element-e4c4258 elementor-section-boxed elementor-section-height-default elementor-section-height-default\" data-id=\"e4c4258\" data-element_type=\"section\" data-e-type=\"section\">\n\t\t\t\t\t\t<div class=\"elementor-container elementor-column-gap-default\">\n\t\t\t\t\t<div class=\"elementor-column elementor-col-100 elementor-top-column elementor-element elementor-element-4b25a07\" data-id=\"4b25a07\" data-element_type=\"column\" data-e-type=\"column\">\n\t\t\t<div class=\"elementor-widget-wrap elementor-element-populated\">\n\t\t\t\t\t\t<div class=\"elementor-element elementor-element-63ef739 elementor-invisible elementor-widget elementor-widget-heading\" data-id=\"63ef739\" data-element_type=\"widget\" data-e-type=\"widget\" data-settings=\"{&quot;_animation&quot;:&quot;fadeInDown&quot;}\" data-widget_type=\"heading.default\">\n\t\t\t\t<div class=\"elementor-widget-container\">\n\t\t\t\t\t<h2 class=\"elementor-heading-title elementor-size-default\">\u041f\u0435\u0434\u0430\u0433\u043e\u0433, \u043f\u0441\u0438\u0445\u043e\u043b\u043e\u0433<\/h2>\t\t\t\t<\/div>\n\t\t\t\t<\/div>\n\t\t\t\t\t<\/div>\n\t\t<\/div>\n\t\t\t\t\t<\/div>\n\t\t<\/section>\n\t\t\t\t<section class=\"elementor-section elementor-top-section elementor-element elementor-element-4009ce8 elementor-section-boxed elementor-section-height-default elementor-section-height-default\" data-id=\"4009ce8\" data-element_type=\"section\" data-e-type=\"section\">\n\t\t\t\t\t\t<div class=\"elementor-container elementor-column-gap-default\">\n\t\t\t\t\t<div class=\"elementor-column elementor-col-50 elementor-top-column elementor-element elementor-element-ce8c1bf\" data-id=\"ce8c1bf\" data-element_type=\"column\" data-e-type=\"column\">\n\t\t\t<div class=\"elementor-widget-wrap elementor-element-populated\">\n\t\t\t\t\t\t<div class=\"elementor-element elementor-element-d5d77cb elementor-invisible elementor-widget elementor-widget-heading\" data-id=\"d5d77cb\" data-element_type=\"widget\" data-e-type=\"widget\" data-settings=\"{&quot;_animation&quot;:&quot;fadeInDown&quot;}\" data-widget_type=\"heading.default\">\n\t\t\t\t<div class=\"elementor-widget-container\">\n\t\t\t\t\t<h5 class=\"elementor-heading-title elementor-size-default\">\u0427\u043b\u0430\u043d\u043e\u0432\u0438 \u0441\u0442\u0440\u0443\u0447\u043d\u0435 \u0441\u043b\u0443\u0436\u0431\u0435<\/h5>\t\t\t\t<\/div>\n\t\t\t\t<\/div>\n\t\t\t\t\t<\/div>\n\t\t<\/div>\n\t\t\t\t<div class=\"elementor-column elementor-col-50 elementor-top-column elementor-element elementor-element-cc39f0c\" data-id=\"cc39f0c\" data-element_type=\"column\" data-e-type=\"column\">\n\t\t\t<div class=\"elementor-widget-wrap elementor-element-populated\">\n\t\t\t\t\t\t<div class=\"elementor-element elementor-element-aca04c7 elementor-invisible elementor-widget elementor-widget-heading\" data-id=\"aca04c7\" data-element_type=\"widget\" data-e-type=\"widget\" data-settings=\"{&quot;_animation&quot;:&quot;fadeInDown&quot;,&quot;_animation_delay&quot;:300}\" data-widget_type=\"heading.default\">\n\t\t\t\t<div class=\"elementor-widget-container\">\n\t\t\t\t\t<h5 class=\"elementor-heading-title elementor-size-default\">\u041f\u043e\u0441\u043b\u043e\u0432\u0438<\/h5>\t\t\t\t<\/div>\n\t\t\t\t<\/div>\n\t\t\t\t\t<\/div>\n\t\t<\/div>\n\t\t\t\t\t<\/div>\n\t\t<\/section>\n\t\t\t\t<section class=\"elementor-section elementor-top-section elementor-element elementor-element-8fccbf4 elementor-section-boxed elementor-section-height-default elementor-section-height-default\" data-id=\"8fccbf4\" data-element_type=\"section\" data-e-type=\"section\">\n\t\t\t\t\t\t<div class=\"elementor-container elementor-column-gap-default\">\n\t\t\t\t\t<div class=\"elementor-column elementor-col-33 elementor-top-column elementor-element elementor-element-48ac67e\" data-id=\"48ac67e\" data-element_type=\"column\" data-e-type=\"column\">\n\t\t\t<div class=\"elementor-widget-wrap elementor-element-populated\">\n\t\t\t\t\t\t<div class=\"elementor-element elementor-element-f009922 elementor-invisible elementor-widget elementor-widget-text-editor\" data-id=\"f009922\" data-element_type=\"widget\" data-e-type=\"widget\" data-settings=\"{&quot;_animation&quot;:&quot;fadeInLeft&quot;}\" data-widget_type=\"text-editor.default\">\n\t\t\t\t<div class=\"elementor-widget-container\">\n\t\t\t\t\t\t\t\t\t<p style=\"text-align: right;\"><span style=\"color: #000080;\"><a href=\"http:\/\/jjzkanjiza.edu.rs\/wp-content\/uploads\/2019\/03\/Nagel-Sobloher-Aniko-CV.pdf\" target=\"_blank\" style=\"color: #000080;\" rel=\"noopener\"><strong>\u0410\u043d\u0438\u043a\u043e \u041d\u0430\u0433\u0435\u043b \u0428\u043e\u0431\u043b\u043e\u0445\u0435\u0440<\/strong><\/a><\/span><\/p><p style=\"text-align: right;\"><strong>S\u00e1ndor Kasz\u00e1s \u00c9va<\/strong><\/p>\t\t\t\t\t\t\t\t<\/div>\n\t\t\t\t<\/div>\n\t\t\t\t\t<\/div>\n\t\t<\/div>\n\t\t\t\t<div class=\"elementor-column elementor-col-33 elementor-top-column elementor-element elementor-element-44643e6\" data-id=\"44643e6\" data-element_type=\"column\" data-e-type=\"column\">\n\t\t\t<div class=\"elementor-widget-wrap elementor-element-populated\">\n\t\t\t\t\t\t<div class=\"elementor-element elementor-element-186584c elementor-invisible elementor-widget elementor-widget-text-editor\" data-id=\"186584c\" data-element_type=\"widget\" data-e-type=\"widget\" data-settings=\"{&quot;_animation&quot;:&quot;fadeInDown&quot;}\" data-widget_type=\"text-editor.default\">\n\t\t\t\t<div class=\"elementor-widget-container\">\n\t\t\t\t\t\t\t\t\t<p><em>\u0434\u0438\u043f\u043b\u043e\u043c\u0438\u0440\u0430\u043d\u0438 \u043f\u0441\u0438\u0445\u043e\u043b\u043e\u0433<\/em><\/p><p><em>mester pszichol\u00f3gus (MA)<\/em><\/p>\t\t\t\t\t\t\t\t<\/div>\n\t\t\t\t<\/div>\n\t\t\t\t\t<\/div>\n\t\t<\/div>\n\t\t\t\t<div class=\"elementor-column elementor-col-33 elementor-top-column elementor-element elementor-element-696d7ec\" data-id=\"696d7ec\" data-element_type=\"column\" data-e-type=\"column\">\n\t\t\t<div class=\"elementor-widget-wrap elementor-element-populated\">\n\t\t\t\t\t\t<div class=\"elementor-element elementor-element-de7d506 elementor-invisible elementor-widget elementor-widget-image\" data-id=\"de7d506\" data-element_type=\"widget\" data-e-type=\"widget\" data-settings=\"{&quot;_animation&quot;:&quot;fadeInRight&quot;}\" data-widget_type=\"image.default\">\n\t\t\t\t<div class=\"elementor-widget-container\">\n\t\t\t\t\t\t\t\t\t\t\t\t\t\t\t\t<a href=\"http:\/\/jjzkanjiza.edu.rs\/wp-content\/uploads\/2019\/01\/20190118_090358-1.jpg\" data-elementor-open-lightbox=\"yes\" data-elementor-lightbox-title=\"_20190118_090358\" data-e-action-hash=\"#elementor-action%3Aaction%3Dlightbox%26settings%3DeyJpZCI6MzMxLCJ1cmwiOiJodHRwczpcL1wvamp6a2Fuaml6YS5lZHUucnNcL3dwLWNvbnRlbnRcL3VwbG9hZHNcLzIwMTlcLzAxXC8yMDE5MDExOF8wOTAzNTgtMS5qcGcifQ%3D%3D\">\n\t\t\t\t\t\t\t<img fetchpriority=\"high\" decoding=\"async\" width=\"1858\" height=\"2466\" src=\"https:\/\/jjzkanjiza.edu.rs\/wp-content\/uploads\/2019\/01\/20190118_090358-1.jpg\" class=\"attachment-full size-full wp-image-331\" alt=\"\" srcset=\"https:\/\/jjzkanjiza.edu.rs\/wp-content\/uploads\/2019\/01\/20190118_090358-1.jpg 1858w, https:\/\/jjzkanjiza.edu.rs\/wp-content\/uploads\/2019\/01\/20190118_090358-1-226x300.jpg 226w, https:\/\/jjzkanjiza.edu.rs\/wp-content\/uploads\/2019\/01\/20190118_090358-1-768x1019.jpg 768w, https:\/\/jjzkanjiza.edu.rs\/wp-content\/uploads\/2019\/01\/20190118_090358-1-772x1024.jpg 772w\" sizes=\"(max-width: 1858px) 100vw, 1858px\" \/>\t\t\t\t\t\t\t\t<\/a>\n\t\t\t\t\t\t\t\t\t\t\t\t\t\t\t<\/div>\n\t\t\t\t<\/div>\n\t\t\t\t\t<\/div>\n\t\t<\/div>\n\t\t\t\t\t<\/div>\n\t\t<\/section>\n\t\t\t\t<section class=\"elementor-section elementor-top-section elementor-element elementor-element-f86a04d elementor-section-boxed elementor-section-height-default elementor-section-height-default\" data-id=\"f86a04d\" data-element_type=\"section\" data-e-type=\"section\">\n\t\t\t\t\t\t<div class=\"elementor-container elementor-column-gap-default\">\n\t\t\t\t\t<div class=\"elementor-column elementor-col-100 elementor-top-column elementor-element elementor-element-bcb81b5\" data-id=\"bcb81b5\" data-element_type=\"column\" data-e-type=\"column\">\n\t\t\t<div class=\"elementor-widget-wrap elementor-element-populated\">\n\t\t\t\t\t\t<div class=\"elementor-element elementor-element-eea1bb5 elementor-invisible elementor-widget elementor-widget-heading\" data-id=\"eea1bb5\" data-element_type=\"widget\" data-e-type=\"widget\" data-settings=\"{&quot;_animation&quot;:&quot;fadeInDown&quot;}\" data-widget_type=\"heading.default\">\n\t\t\t\t<div class=\"elementor-widget-container\">\n\t\t\t\t\t<h5 class=\"elementor-heading-title elementor-size-default\">\u0420\u0430\u0434\u043d\u043e \u0432\u0440\u0435\u043c\u0435<\/h5>\t\t\t\t<\/div>\n\t\t\t\t<\/div>\n\t\t\t\t\t<\/div>\n\t\t<\/div>\n\t\t\t\t\t<\/div>\n\t\t<\/section>\n\t\t\t\t<section class=\"elementor-section elementor-top-section elementor-element elementor-element-7ec8504 elementor-section-boxed elementor-section-height-default elementor-section-height-default\" data-id=\"7ec8504\" data-element_type=\"section\" data-e-type=\"section\">\n\t\t\t\t\t\t<div class=\"elementor-container elementor-column-gap-default\">\n\t\t\t\t\t<div class=\"elementor-column elementor-col-100 elementor-top-column elementor-element elementor-element-eeb2993\" data-id=\"eeb2993\" data-element_type=\"column\" data-e-type=\"column\">\n\t\t\t<div class=\"elementor-widget-wrap elementor-element-populated\">\n\t\t\t\t\t\t<div class=\"elementor-element elementor-element-a35aa5b elementor-invisible elementor-widget elementor-widget-text-editor\" data-id=\"a35aa5b\" data-element_type=\"widget\" data-e-type=\"widget\" data-settings=\"{&quot;_animation&quot;:&quot;zoomIn&quot;}\" data-widget_type=\"text-editor.default\">\n\t\t\t\t<div class=\"elementor-widget-container\">\n\t\t\t\t\t\t\t\t\t<p style=\"text-align: center;\"><a href=\"https:\/\/jjzkanjiza.edu.rs\/wp-content\/uploads\/2024\/12\/radno-vreme-szakszogalat-2024.pdf\" target=\"_blank\" rel=\"noopener\"><strong>Pregled<\/strong><\/a><\/p>\t\t\t\t\t\t\t\t<\/div>\n\t\t\t\t<\/div>\n\t\t\t\t\t<\/div>\n\t\t<\/div>\n\t\t\t\t\t<\/div>\n\t\t<\/section>\n\t\t\t\t<section class=\"elementor-section elementor-top-section elementor-element elementor-element-719d48a elementor-section-boxed elementor-section-height-default elementor-section-height-default\" data-id=\"719d48a\" data-element_type=\"section\" data-e-type=\"section\">\n\t\t\t\t\t\t<div class=\"elementor-container elementor-column-gap-default\">\n\t\t\t\t\t<div class=\"elementor-column elementor-col-100 elementor-top-column elementor-element elementor-element-ce79fbb\" data-id=\"ce79fbb\" data-element_type=\"column\" data-e-type=\"column\">\n\t\t\t<div class=\"elementor-widget-wrap elementor-element-populated\">\n\t\t\t\t\t\t<div class=\"elementor-element elementor-element-4ce0ade elementor-invisible elementor-widget elementor-widget-heading\" data-id=\"4ce0ade\" data-element_type=\"widget\" data-e-type=\"widget\" data-settings=\"{&quot;_animation&quot;:&quot;fadeInDown&quot;}\" data-widget_type=\"heading.default\">\n\t\t\t\t<div class=\"elementor-widget-container\">\n\t\t\t\t\t<h5 class=\"elementor-heading-title elementor-size-default\">\u0414\u043e\u043a\u0443\u043c\u0435\u043d\u0442\u0430 \u0437\u0430 \u043f\u0440\u0435\u0443\u0437\u0438\u043c\u0430\u045a\u0435<\/h5>\t\t\t\t<\/div>\n\t\t\t\t<\/div>\n\t\t\t\t\t<\/div>\n\t\t<\/div>\n\t\t\t\t\t<\/div>\n\t\t<\/section>\n\t\t\t\t<section class=\"elementor-section elementor-top-section elementor-element elementor-element-939bbec elementor-section-boxed elementor-section-height-default elementor-section-height-default\" data-id=\"939bbec\" data-element_type=\"section\" data-e-type=\"section\">\n\t\t\t\t\t\t<div class=\"elementor-container elementor-column-gap-default\">\n\t\t\t\t\t<div class=\"elementor-column elementor-col-100 elementor-top-column elementor-element elementor-element-bef70d0\" data-id=\"bef70d0\" data-element_type=\"column\" data-e-type=\"column\">\n\t\t\t<div class=\"elementor-widget-wrap elementor-element-populated\">\n\t\t\t\t\t\t<div class=\"elementor-element elementor-element-492e56c elementor-invisible elementor-widget elementor-widget-text-editor\" data-id=\"492e56c\" data-element_type=\"widget\" data-e-type=\"widget\" data-settings=\"{&quot;_animation&quot;:&quot;fadeInDown&quot;}\" data-widget_type=\"text-editor.default\">\n\t\t\t\t<div class=\"elementor-widget-container\">\n\t\t\t\t\t\t\t\t\t<p>\u0421\u0432\u0430 \u0434\u043e\u043a\u0443\u043c\u0435\u043d\u0442\u0430 \u0432\u0435\u0437\u0430\u043d\u0430 \u0437\u0430 \u0441\u0442\u0440\u0443\u0447\u043d\u0443 \u0441\u043b\u0443\u0436\u0431\u0443 \u0441\u0435 \u043d\u0430\u043b\u0430\u0437\u0435 \u043d\u0430 <span style=\"color: #0000ff;\"><a href=\"http:\/\/jjzkanjiza.edu.rs\/sr\/tanari\/\" target=\"_blank\" style=\"color: #0000ff;\" rel=\"noopener\"><b>\u043b\u0438\u043d\u043a\u0443<\/b><\/a><\/span>.<\/p>\t\t\t\t\t\t\t\t<\/div>\n\t\t\t\t<\/div>\n\t\t\t\t\t<\/div>\n\t\t<\/div>\n\t\t\t\t\t<\/div>\n\t\t<\/section>\n\t\t\t\t<section class=\"elementor-section elementor-top-section elementor-element elementor-element-4dc149e elementor-section-boxed elementor-section-height-default elementor-section-height-default\" data-id=\"4dc149e\" data-element_type=\"section\" data-e-type=\"section\">\n\t\t\t\t\t\t<div class=\"elementor-container elementor-column-gap-default\">\n\t\t\t\t\t<div class=\"elementor-column elementor-col-100 elementor-top-column elementor-element elementor-element-dc1342b\" data-id=\"dc1342b\" data-element_type=\"column\" data-e-type=\"column\">\n\t\t\t<div class=\"elementor-widget-wrap elementor-element-populated\">\n\t\t\t\t\t\t<div class=\"elementor-element elementor-element-c64030a elementor-widget elementor-widget-spacer\" data-id=\"c64030a\" data-element_type=\"widget\" data-e-type=\"widget\" data-widget_type=\"spacer.default\">\n\t\t\t\t<div class=\"elementor-widget-container\">\n\t\t\t\t\t\t\t<div class=\"elementor-spacer\">\n\t\t\t<div class=\"elementor-spacer-inner\"><\/div>\n\t\t<\/div>\n\t\t\t\t\t\t<\/div>\n\t\t\t\t<\/div>\n\t\t\t\t\t<\/div>\n\t\t<\/div>\n\t\t\t\t\t<\/div>\n\t\t<\/section>\n\t\t\t\t<section class=\"elementor-section elementor-top-section elementor-element elementor-element-605d866 elementor-section-boxed elementor-section-height-default elementor-section-height-default\" data-id=\"605d866\" data-element_type=\"section\" data-e-type=\"section\">\n\t\t\t\t\t\t<div class=\"elementor-container elementor-column-gap-default\">\n\t\t\t\t\t<div class=\"elementor-column elementor-col-100 elementor-top-column elementor-element elementor-element-9469c03\" data-id=\"9469c03\" data-element_type=\"column\" data-e-type=\"column\">\n\t\t\t<div class=\"elementor-widget-wrap elementor-element-populated\">\n\t\t\t\t\t\t<div class=\"elementor-element elementor-element-38d6f99 elementor-invisible elementor-widget elementor-widget-heading\" data-id=\"38d6f99\" data-element_type=\"widget\" data-e-type=\"widget\" data-settings=\"{&quot;_animation&quot;:&quot;fadeInDown&quot;}\" data-widget_type=\"heading.default\">\n\t\t\t\t<div class=\"elementor-widget-container\">\n\t\t\t\t\t<h2 class=\"elementor-heading-title elementor-size-default\">\u0411\u0438\u0431\u043b\u0438\u043e\u0442\u0435\u043a\u0430\u0440<\/h2>\t\t\t\t<\/div>\n\t\t\t\t<\/div>\n\t\t\t\t\t<\/div>\n\t\t<\/div>\n\t\t\t\t\t<\/div>\n\t\t<\/section>\n\t\t\t\t<section class=\"elementor-section elementor-top-section elementor-element elementor-element-f683821 elementor-section-boxed elementor-section-height-default elementor-section-height-default\" data-id=\"f683821\" data-element_type=\"section\" data-e-type=\"section\">\n\t\t\t\t\t\t<div class=\"elementor-container elementor-column-gap-default\">\n\t\t\t\t\t<div class=\"elementor-column elementor-col-50 elementor-top-column elementor-element elementor-element-ceeafb2\" data-id=\"ceeafb2\" data-element_type=\"column\" data-e-type=\"column\">\n\t\t\t<div class=\"elementor-widget-wrap elementor-element-populated\">\n\t\t\t\t\t\t<div class=\"elementor-element elementor-element-08b8079 elementor-invisible elementor-widget elementor-widget-text-editor\" data-id=\"08b8079\" data-element_type=\"widget\" data-e-type=\"widget\" data-settings=\"{&quot;_animation&quot;:&quot;fadeInLeft&quot;}\" data-widget_type=\"text-editor.default\">\n\t\t\t\t<div class=\"elementor-widget-container\">\n\t\t\t\t\t\t\t\t\t<p style=\"text-align: right;\"><span style=\"color: #000080;\"><a href=\"http:\/\/jjzkanjiza.edu.rs\/wp-content\/uploads\/2019\/02\/Gulacsi-Beata.pdf\" target=\"_blank\" rel=\"noopener\" style=\"color: #000080;\"><b>\u0411\u0435\u0430\u0442\u0430 \u0413\u0443\u043b\u0430\u0447\u0438<\/b><\/a><\/span><\/p><p style=\"text-align: right;\"><strong>\u041a\u0430\u043c\u0438\u043b\u0430 \u041b\u0430\u0441\u043b\u043e<\/strong><\/p>\t\t\t\t\t\t\t\t<\/div>\n\t\t\t\t<\/div>\n\t\t\t\t\t<\/div>\n\t\t<\/div>\n\t\t\t\t<div class=\"elementor-column elementor-col-50 elementor-top-column elementor-element elementor-element-35e6ed8\" data-id=\"35e6ed8\" data-element_type=\"column\" data-e-type=\"column\">\n\t\t\t<div class=\"elementor-widget-wrap elementor-element-populated\">\n\t\t\t\t\t\t<div class=\"elementor-element elementor-element-ffa37e0 elementor-invisible elementor-widget elementor-widget-text-editor\" data-id=\"ffa37e0\" data-element_type=\"widget\" data-e-type=\"widget\" data-settings=\"{&quot;_animation&quot;:&quot;fadeInRight&quot;}\" data-widget_type=\"text-editor.default\">\n\t\t\t\t<div class=\"elementor-widget-container\">\n\t\t\t\t\t\t\t\t\t<p><i>k\u00f6nyvt\u00e1ros, Zmaj<\/i><\/p><p><i>k\u00f6nyvt\u00e1ros, Ady<\/i><\/p>\t\t\t\t\t\t\t\t<\/div>\n\t\t\t\t<\/div>\n\t\t\t\t\t<\/div>\n\t\t<\/div>\n\t\t\t\t\t<\/div>\n\t\t<\/section>\n\t\t\t\t<\/div>","protected":false},"excerpt":{"rendered":"<p>Pedag\u00f3gus, pszichol\u00f3gus A szakszolg\u00e1lat tagjai Munkak\u00f6r\u200b N\u00e1gel Sobloher Anik\u00f3 S\u00e1ndor Kasz\u00e1s \u00c9va okleveles pszichol\u00f3gus mester pszichol\u00f3gus (MA) Munkaid\u0151 Megtekint\u00e9s Let\u00f6lthet\u0151 dokumentumok Minden szakszolg\u00e1lathoz kapcsol\u00f3d\u00f3 dokumentumot megtal\u00e1lhat a linken. K\u00f6nyvt\u00e1ros Gul\u00e1csi Be\u00e1ta L\u00e1szl\u00f3 Kamilla k\u00f6nyvt\u00e1ros, Zmaj k\u00f6nyvt\u00e1ros, Ady<\/p>","protected":false},"author":1,"featured_media":0,"parent":0,"menu_order":0,"comment_status":"closed","ping_status":"closed","template":"","meta":{"_themeisle_gutenberg_block_has_review":false,"footnotes":"","_links_to":"","_links_to_target":""},"class_list":["post-21","page","type-page","status-publish","hentry"],"_links":{"self":[{"href":"http:\/\/jjzkanjiza.edu.rs\/sr\/wp-json\/wp\/v2\/pages\/21","targetHints":{"allow":["GET"]}}],"collection":[{"href":"http:\/\/jjzkanjiza.edu.rs\/sr\/wp-json\/wp\/v2\/pages"}],"about":[{"href":"http:\/\/jjzkanjiza.edu.rs\/sr\/wp-json\/wp\/v2\/types\/page"}],"author":[{"embeddable":true,"href":"http:\/\/jjzkanjiza.edu.rs\/sr\/wp-json\/wp\/v2\/users\/1"}],"replies":[{"embeddable":true,"href":"http:\/\/jjzkanjiza.edu.rs\/sr\/wp-json\/wp\/v2\/comments?post=21"}],"version-history":[{"count":63,"href":"http:\/\/jjzkanjiza.edu.rs\/sr\/wp-json\/wp\/v2\/pages\/21\/revisions"}],"predecessor-version":[{"id":3559,"href":"http:\/\/jjzkanjiza.edu.rs\/sr\/wp-json\/wp\/v2\/pages\/21\/revisions\/3559"}],"wp:attachment":[{"href":"http:\/\/jjzkanjiza.edu.rs\/sr\/wp-json\/wp\/v2\/media?parent=21"}],"curies":[{"name":"wp","href":"https:\/\/api.w.org\/{rel}","templated":true}]}}