{"id":1681,"date":"2020-06-04T13:46:06","date_gmt":"2020-06-04T13:46:06","guid":{"rendered":"http:\/\/jjzkanjiza.edu.rs\/?page_id=1681"},"modified":"2021-12-10T16:40:52","modified_gmt":"2021-12-10T16:40:52","slug":"tehetseggondozas","status":"publish","type":"page","link":"http:\/\/jjzkanjiza.edu.rs\/sr\/tehetseggondozas\/","title":{"rendered":"\u0417\u0430 \u0434\u0430\u0440\u043e\u0432\u0438\u0442\u0435 \u0443\u0447\u0435\u043d\u0438\u043a\u0435"},"content":{"rendered":"<div data-elementor-type=\"wp-page\" data-elementor-id=\"1681\" class=\"elementor elementor-1681\">\n\t\t\t\t\t\t<section class=\"elementor-section elementor-top-section elementor-element elementor-element-f0a693b elementor-section-boxed elementor-section-height-default elementor-section-height-default\" data-id=\"f0a693b\" data-element_type=\"section\" data-e-type=\"section\">\n\t\t\t\t\t\t<div class=\"elementor-container elementor-column-gap-default\">\n\t\t\t\t\t<div class=\"elementor-column elementor-col-100 elementor-top-column elementor-element elementor-element-8c18918\" data-id=\"8c18918\" data-element_type=\"column\" data-e-type=\"column\">\n\t\t\t<div class=\"elementor-widget-wrap elementor-element-populated\">\n\t\t\t\t\t\t<div class=\"elementor-element elementor-element-b794332 elementor-widget elementor-widget-heading\" data-id=\"b794332\" data-element_type=\"widget\" data-e-type=\"widget\" data-widget_type=\"heading.default\">\n\t\t\t\t<div class=\"elementor-widget-container\">\n\t\t\t\t\t<h2 class=\"elementor-heading-title elementor-size-default\"><div><div><div><h1><\/h1><h1>Internetf\u00fcgg\u0151s\u00e9g teszt gyermekemr\u0151l<\/h1><\/div><\/div><\/div><\/h2>\t\t\t\t<\/div>\n\t\t\t\t<\/div>\n\t\t\t\t<div class=\"elementor-element elementor-element-659c202 elementor-widget elementor-widget-text-editor\" data-id=\"659c202\" data-element_type=\"widget\" data-e-type=\"widget\" data-widget_type=\"text-editor.default\">\n\t\t\t\t<div class=\"elementor-widget-container\">\n\t\t\t\t\t\t\t\t\t<h2>F\u00fcgg-e a gyermekem az internett\u0151l, a sz\u00e1m\u00edt\u00f3g\u00e9pt\u0151l?<\/h2><p><strong>Honnan tudja eld\u00f6nteni, hogy a gyermeke f\u00fcgg\u0151v\u00e9 v\u00e1lt az internett\u0151l? A k\u00f6vetkez\u0151 internetf\u00fcgg\u0151s\u00e9g teszt kit\u00f6lt\u00e9se seg\u00edts\u00e9g\u00e9vel rem\u00e9lhet\u0151leg seg\u00edts\u00e9get kaphat abban, hogy megtudja kell e internet f\u00fcgg\u0151s\u00e9ggel t\u00f6r\u0151dnie otthon.<\/strong><\/p><p>Sok sz\u00fcl\u0151 megk\u00e9rdezi a gyermek\u00e9t, hogy mennyi id\u0151t t\u00f6lt a g\u00e9p el\u0151tt. A probl\u00e9ma, hogy a gyerekek k\u00f6nnyen elkezdenek hazudni, k\u00fcl\u00f6n\u00f6sen akkor, ha m\u00e1r f\u00fcggnek az internett\u0151l. Ha a sz\u00e1m\u00edt\u00f3g\u00e9p a szob\u00e1jukban van k\u00f6nnyen el\u0151fordulhat, hogy \u00d6nnek es\u00e9lye sincs megtudni az igazs\u00e1got.<\/p><p>A v\u00e1laszad\u00e1sok sor\u00e1n hasznos lehet azokra az id\u0151kre koncentr\u00e1lni, mikor a gyermek nem a tanul\u00e1shoz haszn\u00e1lja az internetet.<\/p><p><b>Minden k\u00e9rd\u00e9s eset\u00e9ben v\u00e1lasszon egyet a lehets\u00e9ges v\u00e1laszok k\u00f6z\u00fcl.<\/b><\/p><p>Tov\u00e1bb, <a href=\"http:\/\/www.boldog-gyermek.hu\/internetfuggoseg_teszt.html\"><span style=\"color: #800080;\"><strong>a honlapra<\/strong><\/span><\/a>.<\/p>\t\t\t\t\t\t\t\t<\/div>\n\t\t\t\t<\/div>\n\t\t\t\t\t<\/div>\n\t\t<\/div>\n\t\t\t\t\t<\/div>\n\t\t<\/section>\n\t\t\t\t<section class=\"elementor-section elementor-top-section elementor-element elementor-element-7388cbc elementor-section-boxed elementor-section-height-default elementor-section-height-default\" data-id=\"7388cbc\" data-element_type=\"section\" data-e-type=\"section\">\n\t\t\t\t\t\t<div class=\"elementor-container elementor-column-gap-default\">\n\t\t\t\t\t<div class=\"elementor-column elementor-col-100 elementor-top-column elementor-element elementor-element-6b0fca1\" data-id=\"6b0fca1\" data-element_type=\"column\" data-e-type=\"column\">\n\t\t\t<div class=\"elementor-widget-wrap elementor-element-populated\">\n\t\t\t\t\t\t<div class=\"elementor-element elementor-element-18fb363 elementor-widget elementor-widget-heading\" data-id=\"18fb363\" data-element_type=\"widget\" data-e-type=\"widget\" data-widget_type=\"heading.default\">\n\t\t\t\t<div class=\"elementor-widget-container\">\n\t\t\t\t\t<h2 class=\"elementor-heading-title elementor-size-default\">Internetes sz\u0171r\u0151programok<\/h2>\t\t\t\t<\/div>\n\t\t\t\t<\/div>\n\t\t\t\t<div class=\"elementor-element elementor-element-0390e6e elementor-widget elementor-widget-text-editor\" data-id=\"0390e6e\" data-element_type=\"widget\" data-e-type=\"widget\" data-widget_type=\"text-editor.default\">\n\t\t\t\t<div class=\"elementor-widget-container\">\n\t\t\t\t\t\t\t\t\t<p><span><span><strong>Az interneten<\/strong> sz\u00e1mos olyan program el\u00e9rhet\u0151, melyekkel meghat\u00e1rozhat\u00f3, hogy a gyermekek mely oldalakat l\u00e1togathass\u00e1k, illetve amelyekkel letilthat\u00f3 a feln\u0151tteknek sz\u00f3l\u00f3 oldalak, a gyerekek sz\u00e1m\u00e1ra zavar\u00f3, felzaklat\u00f3, avagy k\u00e1ros tartalmak megjelen\u00edt\u00e9se.<\/span><\/span><\/p><p>Ezek jellemz\u0151en \u00e9letkori saj\u00e1toss\u00e1gok n\u00e9lk\u00fcl k\u00edn\u00e1lj\u00e1k a k\u00fcl\u00f6nb\u00f6z\u0151 sz\u0171r\u00e9si be\u00e1ll\u00edt\u00e1sokat, de a program be\u00e1ll\u00edt\u00e1sait v\u00e9gz\u0151 feln\u0151tt figyelembe tudja venni, hogy a saj\u00e1t gyermek \u00e9letkor\u00e1nak megfelel\u0151en milyen internetoldalak l\u00e1togat\u00e1s\u00e1t teszi lehet\u0151v\u00e9 <em>(white list)<\/em> avagy melyeket tiltja le<em>(black list)<\/em>.<\/p><p>B\u0151vebben err\u0151l <strong><span style=\"color: #800080;\"><a href=\"https:\/\/mte.hu\/gyermekbarat-internet\/internetes-szuroprogramok\/\" style=\"color: #800080;\">ezen a honlapon<\/a><\/span><\/strong>.<\/p>\t\t\t\t\t\t\t\t<\/div>\n\t\t\t\t<\/div>\n\t\t\t\t\t<\/div>\n\t\t<\/div>\n\t\t\t\t\t<\/div>\n\t\t<\/section>\n\t\t\t\t<section class=\"elementor-section elementor-top-section elementor-element elementor-element-4f86470 elementor-section-boxed elementor-section-height-default elementor-section-height-default\" data-id=\"4f86470\" data-element_type=\"section\" data-e-type=\"section\">\n\t\t\t\t\t\t\t<div class=\"elementor-background-overlay\"><\/div>\n\t\t\t\t\t\t\t<div class=\"elementor-container elementor-column-gap-default\">\n\t\t\t\t\t<div class=\"elementor-column elementor-col-100 elementor-top-column elementor-element elementor-element-4dbf55c\" data-id=\"4dbf55c\" data-element_type=\"column\" data-e-type=\"column\">\n\t\t\t<div class=\"elementor-widget-wrap elementor-element-populated\">\n\t\t\t\t\t\t<div class=\"elementor-element elementor-element-efcdf7a elementor-widget elementor-widget-text-editor\" data-id=\"efcdf7a\" data-element_type=\"widget\" data-e-type=\"widget\" data-widget_type=\"text-editor.default\">\n\t\t\t\t<div class=\"elementor-widget-container\">\n\t\t\t\t\t\t\t\t\t<h5><span style=\"color: #ff0000;\">\u00d6nismeret? Logika? Sz\u00f3kincs? Teszteld magad!<\/span><\/h5><p>A ny\u00e1r folyam\u00e1n tov\u00e1bbra is ingyenesen el\u00e9rhet\u0151k a tehetseg.hu tesztjei:<\/p><ul><li>Angol nyelvi sz\u00f3kincsteszt<\/li><li>Sz\u00f3kincsteszt &#8211; 12 \u00e9ves kort\u00f3l aj\u00e1nljuk!<\/li><li>Probl\u00e9mamegold\u00f3 teszt &#8211; mindenkinek!<\/li><li>\u00d6nismereti k\u00e9rd\u0151\u00edv &#8211; mindenkinek!<\/li><li>Mechanikai gondolkod\u00e1s teszt &#8211; mindenkinek!<\/li><li>T\u00e9rbeli gondolkod\u00e1s teszt &#8211; mindenkinek!<\/li><\/ul><p><strong><span><a href=\"https:\/\/tehetseg.hu\/onismeret-logika-szokincs-teszteld-magad\"><span style=\"color: #000080;\">Op\u0161irnije<\/span><\/a><\/span><\/strong><\/p>\t\t\t\t\t\t\t\t<\/div>\n\t\t\t\t<\/div>\n\t\t\t\t<div class=\"elementor-element elementor-element-7dddb6e elementor-widget elementor-widget-text-editor\" data-id=\"7dddb6e\" data-element_type=\"widget\" data-e-type=\"widget\" data-widget_type=\"text-editor.default\">\n\t\t\t\t<div class=\"elementor-widget-container\">\n\t\t\t\t\t\t\t\t\t<h5 class=\"page-title\"><span style=\"color: #ff0000;\">Intelligencia? Tehets\u00e9g? Kreativit\u00e1s? J\u00e1t\u00e9kok \u00e9s tesztek a Matehetsz weboldal\u00e1n<\/span><\/h5><div><strong>A Matehetsz meg\u00faj\u00edtotta az ingyenesen el\u00e9rhet\u0151 fejleszt\u0151 j\u00e1t\u00e9kokat, teszteket tartalmaz\u00f3 oldal\u00e1t. A j\u00e1t\u00e9kos feladatok, m\u00e9r\u00e9si lehet\u0151s\u00e9gek c\u00e9lja az egy\u00e9ni tehets\u00e9gter\u00fcletek felt\u00e9rk\u00e9pez\u00e9se, a hasznos \u00e9s sz\u00f3rakoztat\u00f3 webes id\u0151t\u00f6lt\u00e9s<\/strong><\/div><div><span style=\"color: #000000;\">A tesztek mindegyike el\u00e9rhet\u0151 a <a href=\"https:\/\/tehetseg.hu\/onismeret-logika-szokincs-teszteld-magad\" style=\"color: #000000;\"><strong><span style=\"color: #000080;\"><span style=\"color: #003300;\">Matehetsz weboldal\u00e1n<\/span><\/span><\/strong><\/a><\/span><\/div><div><span style=\"color: #000000;\">Eme \u00f6t \u00faj teszt r\u00f6vid le\u00edr\u00e1s\u00e1t <strong><a href=\"https:\/\/tehetseg.hu\/aktualis\/intelligencia-tehetseg-kreativitas-jatekok-es-tesztek-matehetsz-weboldalan\" style=\"color: #000000;\"><span style=\"color: #000080;\"><span style=\"color: #003300;\">l\u00e1sd itt<\/span><\/span><\/a><\/strong><span style=\"color: #003300;\">!<\/span><\/span><\/div><div><span style=\"color: #000000;\">A meg\u00fajult tesztek mellett tov\u00e1bbra is el\u00e9rhet\u0151 az egyes tehets\u00e9gter\u00fcletekhez konkr\u00e9t feladatokat is ny\u00fajt\u00f3 <span style=\"color: #000080;\"><a href=\"http:\/\/csibesztura.hu\/\" style=\"color: #000080;\"><strong><span style=\"color: #003300;\">Csib\u00e9szt\u00fara<\/span><\/strong><\/a><\/span> oldalunk.\u00a0A t\u00f6bb mint <a href=\"http:\/\/csibesztura.hu\/feladvanyok\" style=\"color: #000000;\"><strong><span style=\"color: #000080;\"><span style=\"color: #003300;\">500 j\u00e1t\u00e9kos feladv\u00e1ny<\/span><\/span><\/strong><\/a> tananyagra \u00e9p\u00fcl fel, els\u0151sorban 3-8. oszt\u00e1lyos fiatalok r\u00e9sz\u00e9re. Az <span style=\"color: #003300;\"><strong><a href=\"http:\/\/csibesztura.hu\/agytornak\" style=\"color: #003300;\">Agytorn\u00e1k<\/a><\/strong><\/span>\u00a0feladv\u00e1nyokn\u00e1l a\u00a0Csib\u00e9szm\u00e9rce funkci\u00f3ban\u00a0a kognit\u00edv profil k\u00fcl\u00f6n riportban is megjelenik, azaz\u00a0kirajzol\u00f3dnak azok a ter\u00fcletek, ahol a di\u00e1k kiemelked\u0151 teljes\u00edtm\u00e9nyt ny\u00fajt.<\/span><\/div>\t\t\t\t\t\t\t\t<\/div>\n\t\t\t\t<\/div>\n\t\t\t\t\t<\/div>\n\t\t<\/div>\n\t\t\t\t\t<\/div>\n\t\t<\/section>\n\t\t\t\t<\/div>","protected":false},"excerpt":{"rendered":"<p>Internetf\u00fcgg\u0151s\u00e9g teszt gyermekemr\u0151l F\u00fcgg-e a gyermekem az internett\u0151l, a sz\u00e1m\u00edt\u00f3g\u00e9pt\u0151l? Honnan tudja eld\u00f6nteni, hogy a gyermeke f\u00fcgg\u0151v\u00e9 v\u00e1lt az internett\u0151l? A k\u00f6vetkez\u0151 internetf\u00fcgg\u0151s\u00e9g teszt kit\u00f6lt\u00e9se seg\u00edts\u00e9g\u00e9vel rem\u00e9lhet\u0151leg seg\u00edts\u00e9get kaphat abban, hogy megtudja kell e internet f\u00fcgg\u0151s\u00e9ggel t\u00f6r\u0151dnie otthon. Sok sz\u00fcl\u0151 megk\u00e9rdezi a gyermek\u00e9t, hogy mennyi id\u0151t t\u00f6lt a g\u00e9p el\u0151tt.<a class=\"moretag\" href=\"http:\/\/jjzkanjiza.edu.rs\/sr\/tehetseggondozas\/\"> Read more<\/a><\/p>","protected":false},"author":3,"featured_media":0,"parent":0,"menu_order":0,"comment_status":"closed","ping_status":"closed","template":"","meta":{"_themeisle_gutenberg_block_has_review":false,"footnotes":"","_links_to":"","_links_to_target":""},"class_list":["post-1681","page","type-page","status-publish","hentry"],"_links":{"self":[{"href":"http:\/\/jjzkanjiza.edu.rs\/sr\/wp-json\/wp\/v2\/pages\/1681","targetHints":{"allow":["GET"]}}],"collection":[{"href":"http:\/\/jjzkanjiza.edu.rs\/sr\/wp-json\/wp\/v2\/pages"}],"about":[{"href":"http:\/\/jjzkanjiza.edu.rs\/sr\/wp-json\/wp\/v2\/types\/page"}],"author":[{"embeddable":true,"href":"http:\/\/jjzkanjiza.edu.rs\/sr\/wp-json\/wp\/v2\/users\/3"}],"replies":[{"embeddable":true,"href":"http:\/\/jjzkanjiza.edu.rs\/sr\/wp-json\/wp\/v2\/comments?post=1681"}],"version-history":[{"count":27,"href":"http:\/\/jjzkanjiza.edu.rs\/sr\/wp-json\/wp\/v2\/pages\/1681\/revisions"}],"predecessor-version":[{"id":2497,"href":"http:\/\/jjzkanjiza.edu.rs\/sr\/wp-json\/wp\/v2\/pages\/1681\/revisions\/2497"}],"wp:attachment":[{"href":"http:\/\/jjzkanjiza.edu.rs\/sr\/wp-json\/wp\/v2\/media?parent=1681"}],"curies":[{"name":"wp","href":"https:\/\/api.w.org\/{rel}","templated":true}]}}