{"id":1076,"date":"2019-09-15T21:46:40","date_gmt":"2019-09-15T21:46:40","guid":{"rendered":"http:\/\/jjzkanjiza.edu.rs\/?page_id=1076"},"modified":"2020-03-10T20:55:43","modified_gmt":"2020-03-10T20:55:43","slug":"informatika","status":"publish","type":"page","link":"http:\/\/jjzkanjiza.edu.rs\/sr\/dokumentumok\/tanuloknak\/informatika\/","title":{"rendered":"\u0418\u043d\u0444\u043e\u0440\u043c\u0430\u0442\u0438\u043a\u0430"},"content":{"rendered":"<div data-elementor-type=\"wp-page\" data-elementor-id=\"1076\" class=\"elementor elementor-1076\">\n\t\t\t\t\t\t<section class=\"elementor-section elementor-top-section elementor-element elementor-element-bf66ac4 elementor-section-boxed elementor-section-height-default elementor-section-height-default\" data-id=\"bf66ac4\" data-element_type=\"section\" data-e-type=\"section\">\n\t\t\t\t\t\t<div class=\"elementor-container elementor-column-gap-default\">\n\t\t\t\t\t<div class=\"elementor-column elementor-col-100 elementor-top-column elementor-element elementor-element-49d6c7d\" data-id=\"49d6c7d\" data-element_type=\"column\" data-e-type=\"column\">\n\t\t\t<div class=\"elementor-widget-wrap elementor-element-populated\">\n\t\t\t\t\t\t<div class=\"elementor-element elementor-element-3f84e99 elementor-invisible elementor-widget elementor-widget-heading\" data-id=\"3f84e99\" data-element_type=\"widget\" data-e-type=\"widget\" data-settings=\"{&quot;_animation&quot;:&quot;fadeInDown&quot;}\" data-widget_type=\"heading.default\">\n\t\t\t\t<div class=\"elementor-widget-container\">\n\t\t\t\t\t<h2 class=\"elementor-heading-title elementor-size-default\">\u0418\u0433\u043e\u0440 \u0411\u0430\u0433\u0430\u045a<\/h2>\t\t\t\t<\/div>\n\t\t\t\t<\/div>\n\t\t\t\t\t<\/div>\n\t\t<\/div>\n\t\t\t\t\t<\/div>\n\t\t<\/section>\n\t\t\t\t<section class=\"elementor-section elementor-top-section elementor-element elementor-element-27f8c60 elementor-section-boxed elementor-section-height-default elementor-section-height-default\" data-id=\"27f8c60\" data-element_type=\"section\" data-e-type=\"section\">\n\t\t\t\t\t\t<div class=\"elementor-container elementor-column-gap-default\">\n\t\t\t\t\t<div class=\"elementor-column elementor-col-100 elementor-top-column elementor-element elementor-element-a5648f6\" data-id=\"a5648f6\" data-element_type=\"column\" data-e-type=\"column\">\n\t\t\t<div class=\"elementor-widget-wrap elementor-element-populated\">\n\t\t\t\t\t\t<div class=\"elementor-element elementor-element-8a92521 elementor-invisible elementor-widget elementor-widget-text-editor\" data-id=\"8a92521\" data-element_type=\"widget\" data-e-type=\"widget\" data-settings=\"{&quot;_animation&quot;:&quot;zoomInDown&quot;}\" data-widget_type=\"text-editor.default\">\n\t\t\t\t<div class=\"elementor-widget-container\">\n\t\t\t\t\t\t\t\t\t<p>Python - matemati\u010dke operacije <span style=\"color: #ff6600;\"><strong><a href=\"http:\/\/jjzkanjiza.edu.rs\/wp-content\/uploads\/2020\/03\/1.-Python-matematicke-operacije.pdf\" target=\"_blank\" style=\"color: #ff6600;\" rel=\"noopener\">SR<\/a><\/strong><\/span>, <span style=\"color: #ff6600;\"><strong><a href=\"http:\/\/jjzkanjiza.edu.rs\/wp-content\/uploads\/2020\/03\/1.-Python-matematicke-operacije-HU.pdf\" target=\"_blank\" style=\"color: #ff6600;\" rel=\"noopener\">HU<\/a><\/strong><\/span><\/p>\t\t\t\t\t\t\t\t<\/div>\n\t\t\t\t<\/div>\n\t\t\t\t\t<\/div>\n\t\t<\/div>\n\t\t\t\t\t<\/div>\n\t\t<\/section>\n\t\t\t\t<section class=\"elementor-section elementor-top-section elementor-element elementor-element-9f7ae11 elementor-section-boxed elementor-section-height-default elementor-section-height-default\" data-id=\"9f7ae11\" data-element_type=\"section\" data-e-type=\"section\">\n\t\t\t\t\t\t<div class=\"elementor-container elementor-column-gap-default\">\n\t\t\t\t\t<div class=\"elementor-column elementor-col-100 elementor-top-column elementor-element elementor-element-10649c0\" data-id=\"10649c0\" data-element_type=\"column\" data-e-type=\"column\">\n\t\t\t<div class=\"elementor-widget-wrap elementor-element-populated\">\n\t\t\t\t\t\t<div class=\"elementor-element elementor-element-35252f7 elementor-widget-divider--view-line elementor-invisible elementor-widget elementor-widget-divider\" data-id=\"35252f7\" data-element_type=\"widget\" data-e-type=\"widget\" data-settings=\"{&quot;_animation&quot;:&quot;rotateIn&quot;}\" data-widget_type=\"divider.default\">\n\t\t\t\t<div class=\"elementor-widget-container\">\n\t\t\t\t\t\t\t<div class=\"elementor-divider\">\n\t\t\t<span class=\"elementor-divider-separator\">\n\t\t\t\t\t\t<\/span>\n\t\t<\/div>\n\t\t\t\t\t\t<\/div>\n\t\t\t\t<\/div>\n\t\t\t\t\t<\/div>\n\t\t<\/div>\n\t\t\t\t\t<\/div>\n\t\t<\/section>\n\t\t\t\t<section class=\"elementor-section elementor-top-section elementor-element elementor-element-d936ad3 elementor-section-boxed elementor-section-height-default elementor-section-height-default\" data-id=\"d936ad3\" data-element_type=\"section\" data-e-type=\"section\">\n\t\t\t\t\t\t<div class=\"elementor-container elementor-column-gap-default\">\n\t\t\t\t\t<div class=\"elementor-column elementor-col-100 elementor-top-column elementor-element elementor-element-62ba429\" data-id=\"62ba429\" data-element_type=\"column\" data-e-type=\"column\">\n\t\t\t<div class=\"elementor-widget-wrap elementor-element-populated\">\n\t\t\t\t\t\t<div class=\"elementor-element elementor-element-ce35eee elementor-invisible elementor-widget elementor-widget-text-editor\" data-id=\"ce35eee\" data-element_type=\"widget\" data-e-type=\"widget\" data-settings=\"{&quot;_animation&quot;:&quot;fadeInRight&quot;}\" data-widget_type=\"text-editor.default\">\n\t\t\t\t<div class=\"elementor-widget-container\">\n\t\t\t\t\t\t\t\t\t<p>Animacija: <span style=\"color: #800080;\"><strong><a href=\"http:\/\/jjzkanjiza.edu.rs\/wp-content\/uploads\/2020\/01\/AnimacijeSR.pdf\" target=\"_blank\" style=\"color: #800080;\" rel=\"noopener\">SR<\/a><\/strong><\/span>, <span style=\"color: #800080;\"><strong><a href=\"http:\/\/jjzkanjiza.edu.rs\/wp-content\/uploads\/2020\/01\/AnimacijeHU.pdf\" target=\"_blank\" style=\"color: #800080;\" rel=\"noopener\">HU<\/a><\/strong><\/span> (prezentacija <span style=\"color: #800080;\"><strong><a href=\"http:\/\/jjzkanjiza.edu.rs\/wp-content\/uploads\/2020\/01\/Animacije.pptx\" target=\"_blank\" style=\"color: #800080;\" rel=\"noopener\">SR<\/a><\/strong><\/span>, <strong><span style=\"color: #800080;\"><a href=\"http:\/\/jjzkanjiza.edu.rs\/wp-content\/uploads\/2020\/01\/Animacio.pptx\" target=\"_blank\" style=\"color: #800080;\" rel=\"noopener\">HU<\/a><\/span><\/strong>)<\/p>\t\t\t\t\t\t\t\t<\/div>\n\t\t\t\t<\/div>\n\t\t\t\t\t<\/div>\n\t\t<\/div>\n\t\t\t\t\t<\/div>\n\t\t<\/section>\n\t\t\t\t<section class=\"elementor-section elementor-top-section elementor-element elementor-element-8141c52 elementor-section-boxed elementor-section-height-default elementor-section-height-default\" data-id=\"8141c52\" data-element_type=\"section\" data-e-type=\"section\">\n\t\t\t\t\t\t<div class=\"elementor-container elementor-column-gap-default\">\n\t\t\t\t\t<div class=\"elementor-column elementor-col-100 elementor-top-column elementor-element elementor-element-b2c5bc2\" data-id=\"b2c5bc2\" data-element_type=\"column\" data-e-type=\"column\">\n\t\t\t<div class=\"elementor-widget-wrap elementor-element-populated\">\n\t\t\t\t\t\t<div class=\"elementor-element elementor-element-f047b18 elementor-invisible elementor-widget elementor-widget-text-editor\" data-id=\"f047b18\" data-element_type=\"widget\" data-e-type=\"widget\" data-settings=\"{&quot;_animation&quot;:&quot;fadeInLeft&quot;}\" data-widget_type=\"text-editor.default\">\n\t\t\t\t<div class=\"elementor-widget-container\">\n\t\t\t\t\t\t\t\t\t<p>Ra\u010dunarska grafika: <span style=\"color: #ff0000;\"><strong><a href=\"http:\/\/jjzkanjiza.edu.rs\/wp-content\/uploads\/2020\/01\/Racunarska-grafikaSR.pdf\" target=\"_blank\" style=\"color: #ff0000;\" rel=\"noopener\">SR<\/a><\/strong><\/span>, <span style=\"color: #ff0000;\"><strong><a href=\"http:\/\/jjzkanjiza.edu.rs\/wp-content\/uploads\/2020\/01\/SzamitogepGrafikaHU.pdf\" target=\"_blank\" style=\"color: #ff0000;\" rel=\"noopener\">HU<\/a><\/strong><\/span> (prezentacija <strong><a href=\"http:\/\/jjzkanjiza.edu.rs\/wp-content\/uploads\/2020\/01\/Racunarska-grafika.pptx\" target=\"_blank\" rel=\"noopener\"><span style=\"color: #ff0000;\">SR<\/span><\/a><\/strong>, <strong><span style=\"color: #ff0000;\"><a href=\"http:\/\/jjzkanjiza.edu.rs\/wp-content\/uploads\/2020\/01\/Szamitogep-grafika.pptx\" target=\"_blank\" style=\"color: #ff0000;\" rel=\"noopener\">HU<\/a><\/span><\/strong>)<\/p>\t\t\t\t\t\t\t\t<\/div>\n\t\t\t\t<\/div>\n\t\t\t\t\t<\/div>\n\t\t<\/div>\n\t\t\t\t\t<\/div>\n\t\t<\/section>\n\t\t\t\t<section class=\"elementor-section elementor-top-section elementor-element elementor-element-2110d53 elementor-section-boxed elementor-section-height-default elementor-section-height-default\" data-id=\"2110d53\" data-element_type=\"section\" data-e-type=\"section\">\n\t\t\t\t\t\t<div class=\"elementor-container elementor-column-gap-default\">\n\t\t\t\t\t<div class=\"elementor-column elementor-col-100 elementor-top-column elementor-element elementor-element-e52bb38\" data-id=\"e52bb38\" data-element_type=\"column\" data-e-type=\"column\">\n\t\t\t<div class=\"elementor-widget-wrap elementor-element-populated\">\n\t\t\t\t\t\t<div class=\"elementor-element elementor-element-234d33c elementor-invisible elementor-widget elementor-widget-text-editor\" data-id=\"234d33c\" data-element_type=\"widget\" data-e-type=\"widget\" data-settings=\"{&quot;_animation&quot;:&quot;fadeInRight&quot;}\" data-widget_type=\"text-editor.default\">\n\t\t\t\t<div class=\"elementor-widget-container\">\n\t\t\t\t\t\t\t\t\t<p>Obrada teksta: <span style=\"color: #993300;\"><strong><a href=\"http:\/\/jjzkanjiza.edu.rs\/wp-content\/uploads\/2019\/11\/Obrada-teksta-bez.docx\" target=\"_blank\" style=\"color: #993300;\" rel=\"noopener\">tekst bez formatiranja<\/a><\/strong><\/span> i <span style=\"color: #993300;\"><strong><a href=\"http:\/\/jjzkanjiza.edu.rs\/wp-content\/uploads\/2019\/11\/Obrada-teksta-formatiran.docx\" target=\"_blank\" style=\"color: #993300;\" rel=\"noopener\">formatiran tekst<\/a><\/strong><\/span>.<\/p><p>Sz\u00f6vegszerkeszt\u00e9s: <a href=\"http:\/\/jjzkanjiza.edu.rs\/wp-content\/uploads\/2019\/11\/Szovegszerkesztes-formazatlan.docx\" target=\"_blank\" rel=\"noopener\"><strong><span style=\"color: #993300;\">form\u00e1zatlan<\/span><\/strong><\/a> \u00e9s <strong><span style=\"color: #993300;\"><a href=\"http:\/\/jjzkanjiza.edu.rs\/wp-content\/uploads\/2019\/11\/Szovegszerkesztes-formazott.docx\" target=\"_blank\" style=\"color: #993300;\" rel=\"noopener\">form\u00e1zott<\/a><\/span><\/strong> dokumentum.<\/p>\t\t\t\t\t\t\t\t<\/div>\n\t\t\t\t<\/div>\n\t\t\t\t\t<\/div>\n\t\t<\/div>\n\t\t\t\t\t<\/div>\n\t\t<\/section>\n\t\t\t\t<section class=\"elementor-section elementor-top-section elementor-element elementor-element-a13b3d9 elementor-section-boxed elementor-section-height-default elementor-section-height-default\" data-id=\"a13b3d9\" data-element_type=\"section\" data-e-type=\"section\">\n\t\t\t\t\t\t<div class=\"elementor-container elementor-column-gap-default\">\n\t\t\t\t\t<div class=\"elementor-column elementor-col-100 elementor-top-column elementor-element elementor-element-72b4c62\" data-id=\"72b4c62\" data-element_type=\"column\" data-e-type=\"column\">\n\t\t\t<div class=\"elementor-widget-wrap elementor-element-populated\">\n\t\t\t\t\t\t<div class=\"elementor-element elementor-element-c928a03 elementor-invisible elementor-widget elementor-widget-text-editor\" data-id=\"c928a03\" data-element_type=\"widget\" data-e-type=\"widget\" data-settings=\"{&quot;_animation&quot;:&quot;fadeInLeft&quot;}\" data-widget_type=\"text-editor.default\">\n\t\t\t\t<div class=\"elementor-widget-container\">\n\t\t\t\t\t\t\t\t\t<p>Uvod u informatiku i ra\u010dunarstvo: <strong><span style=\"color: #0000ff;\"><a href=\"http:\/\/jjzkanjiza.edu.rs\/wp-content\/uploads\/2019\/10\/Uvod-u-informatiku-i-racunarstvo-SR.pdf\" target=\"_blank\" style=\"color: #0000ff;\" rel=\"noopener\">SR<\/a><\/span><\/strong>, <span style=\"color: #0000ff;\"><strong><a href=\"http:\/\/jjzkanjiza.edu.rs\/wp-content\/uploads\/2019\/10\/Uvod-u-informatiku-i-racunarstvo-HU.pdf\" target=\"_blank\" style=\"color: #0000ff;\" rel=\"noopener\">HU<\/a><\/strong><\/span><\/p>\t\t\t\t\t\t\t\t<\/div>\n\t\t\t\t<\/div>\n\t\t\t\t\t<\/div>\n\t\t<\/div>\n\t\t\t\t\t<\/div>\n\t\t<\/section>\n\t\t\t\t<section class=\"elementor-section elementor-top-section elementor-element elementor-element-a209c82 elementor-section-boxed elementor-section-height-default elementor-section-height-default\" data-id=\"a209c82\" data-element_type=\"section\" data-e-type=\"section\">\n\t\t\t\t\t\t<div class=\"elementor-container elementor-column-gap-default\">\n\t\t\t\t\t<div class=\"elementor-column elementor-col-100 elementor-top-column elementor-element elementor-element-89d7241\" data-id=\"89d7241\" data-element_type=\"column\" data-e-type=\"column\">\n\t\t\t<div class=\"elementor-widget-wrap elementor-element-populated\">\n\t\t\t\t\t\t<div class=\"elementor-element elementor-element-7d5e40a elementor-invisible elementor-widget elementor-widget-text-editor\" data-id=\"7d5e40a\" data-element_type=\"widget\" data-e-type=\"widget\" data-settings=\"{&quot;_animation&quot;:&quot;fadeInRight&quot;,&quot;_animation_delay&quot;:500}\" data-widget_type=\"text-editor.default\">\n\t\t\t\t<div class=\"elementor-widget-container\">\n\t\t\t\t\t\t\t\t\t<p>Bezbednost na Internetu: <span style=\"color: #008000;\"><a href=\"http:\/\/jjzkanjiza.edu.rs\/wp-content\/uploads\/2019\/09\/Bezbednost-na-Internetu.pdf\" target=\"_blank\" style=\"color: #008000;\" rel=\"noopener\"><strong>SR<\/strong><\/a><\/span>, <span style=\"color: #008000;\"><a href=\"http:\/\/jjzkanjiza.edu.rs\/wp-content\/uploads\/2019\/09\/Biztonsag-az-Interneten.pdf\" target=\"_blank\" style=\"color: #008000;\" rel=\"noopener\"><strong>HU<\/strong><\/a><\/span><\/p>\t\t\t\t\t\t\t\t<\/div>\n\t\t\t\t<\/div>\n\t\t\t\t\t<\/div>\n\t\t<\/div>\n\t\t\t\t\t<\/div>\n\t\t<\/section>\n\t\t\t\t<section class=\"elementor-section elementor-top-section elementor-element elementor-element-a433ca1 elementor-section-boxed elementor-section-height-default elementor-section-height-default\" data-id=\"a433ca1\" data-element_type=\"section\" data-e-type=\"section\">\n\t\t\t\t\t\t<div class=\"elementor-container elementor-column-gap-default\">\n\t\t\t\t\t<div class=\"elementor-column elementor-col-100 elementor-top-column elementor-element elementor-element-a2cf88b\" data-id=\"a2cf88b\" data-element_type=\"column\" data-e-type=\"column\">\n\t\t\t<div class=\"elementor-widget-wrap elementor-element-populated\">\n\t\t\t\t\t\t<div class=\"elementor-element elementor-element-8ec8631 elementor-widget elementor-widget-spacer\" data-id=\"8ec8631\" data-element_type=\"widget\" data-e-type=\"widget\" data-widget_type=\"spacer.default\">\n\t\t\t\t<div class=\"elementor-widget-container\">\n\t\t\t\t\t\t\t<div class=\"elementor-spacer\">\n\t\t\t<div class=\"elementor-spacer-inner\"><\/div>\n\t\t<\/div>\n\t\t\t\t\t\t<\/div>\n\t\t\t\t<\/div>\n\t\t\t\t\t<\/div>\n\t\t<\/div>\n\t\t\t\t\t<\/div>\n\t\t<\/section>\n\t\t\t\t<\/div>","protected":false},"excerpt":{"rendered":"<p>Bag\u00e1ny Igor Python &#8211; matematikai m\u0171veletek: SR, HU Anim\u00e1ci\u00f3: SR, HU (prezent\u00e1ci\u00f3 SR, HU) Sz\u00e1m\u00edt\u00f3g\u00e9p grafika: SR, HU (prezent\u00e1ci\u00f3 SR, HU) Obrada teksta: tekst bez formatiranja i formatiran tekst. Sz\u00f6vegszerkeszt\u00e9s: form\u00e1zatlan \u00e9s form\u00e1zott dokumentum. Bevezet\u00e9s az informatik\u00e1ba \u00e9s a sz\u00e1m\u00edt\u00e1stechnik\u00e1ba: SR, HU Biztons\u00e1g az Interneten: SR, HU<\/p>","protected":false},"author":1,"featured_media":0,"parent":1054,"menu_order":0,"comment_status":"closed","ping_status":"closed","template":"","meta":{"_themeisle_gutenberg_block_has_review":false,"footnotes":"","_links_to":"","_links_to_target":""},"class_list":["post-1076","page","type-page","status-publish","hentry"],"_links":{"self":[{"href":"http:\/\/jjzkanjiza.edu.rs\/sr\/wp-json\/wp\/v2\/pages\/1076","targetHints":{"allow":["GET"]}}],"collection":[{"href":"http:\/\/jjzkanjiza.edu.rs\/sr\/wp-json\/wp\/v2\/pages"}],"about":[{"href":"http:\/\/jjzkanjiza.edu.rs\/sr\/wp-json\/wp\/v2\/types\/page"}],"author":[{"embeddable":true,"href":"http:\/\/jjzkanjiza.edu.rs\/sr\/wp-json\/wp\/v2\/users\/1"}],"replies":[{"embeddable":true,"href":"http:\/\/jjzkanjiza.edu.rs\/sr\/wp-json\/wp\/v2\/comments?post=1076"}],"version-history":[{"count":23,"href":"http:\/\/jjzkanjiza.edu.rs\/sr\/wp-json\/wp\/v2\/pages\/1076\/revisions"}],"predecessor-version":[{"id":1513,"href":"http:\/\/jjzkanjiza.edu.rs\/sr\/wp-json\/wp\/v2\/pages\/1076\/revisions\/1513"}],"up":[{"embeddable":true,"href":"http:\/\/jjzkanjiza.edu.rs\/sr\/wp-json\/wp\/v2\/pages\/1054"}],"wp:attachment":[{"href":"http:\/\/jjzkanjiza.edu.rs\/sr\/wp-json\/wp\/v2\/media?parent=1076"}],"curies":[{"name":"wp","href":"https:\/\/api.w.org\/{rel}","templated":true}]}}